{"id":1025,"date":"2025-04-12T18:43:02","date_gmt":"2025-04-12T18:43:02","guid":{"rendered":"https:\/\/nasimgroup.com.mx\/?page_id=1025"},"modified":"2025-04-29T09:07:07","modified_gmt":"2025-04-29T09:07:07","slug":"contactanos","status":"publish","type":"page","link":"https:\/\/nasimgroup.com.mx\/en\/contactanos\/","title":{"rendered":"Cont\u00e1ctanos"},"content":{"rendered":"\n<h1 class=\"wp-block-heading has-text-align-center\" id=\"contactanos\"><span style=\"color: #ffffff;\" class=\"stk-highlight\">Cont\u00e1ctanos<\/span><\/h1>\n\n\n\n<p class=\"has-text-align-center\">\u00bfTienes preguntas, comentarios o alguna duda al reservar? Env\u00edanos un mensaje a trav\u00e9s de nuestro formulario de contacto o comunun\u00edcate directo a nuetros tel\u00e9fonos. Uno de nuestros representantes de atender\u00e1.<\/p>\n\n\n\n\t\t<div class=\"coblocks-form\" id=\"6147c3593daf90883a5e47ab5b9639104d7b6d34\">\n\n\t\t\t\n\t\t\t<form action=\"https:\/\/nasimgroup.com.mx\/en\/contactanos\/#6147c3593daf90883a5e47ab5b9639104d7b6d34\" method=\"post\">\n\t\t\t\t\n<div class=\"wp-block-coblocks-form\"><label class=\"coblocks-label\">Name<\/label>\n\t\t<input type=\"hidden\" name=\"field-name[label]\" value=\"Name\">\n\n\t\t\t\t<input type=\"hidden\" id=\"name-field-id\" name=\"name-field-id\" class=\"coblocks-name-field-id\" value=\"field-name\" \/>\n\t\t\n\t\t<input type=\"text\" id=\"name\" name=\"field-name[value]\" class=\"coblocks-field coblocks-field--name\"  \/>\n\n\t\t\n\n<label class=\"coblocks-label\">Email <span class=\"required\">&#042;<\/span><\/label>\n\t\t<input type=\"hidden\" name=\"field-email[label]\" value=\"Email\">\n\n\t\t\n\t\t<input type=\"hidden\" id=\"email-field-id\" name=\"email-field-id\" class=\"coblocks-email-field-id\" value=\"field-email\" \/>\n\t\t<input type=\"email\" id=\"email\" aria-label=\"Email\" name=\"field-email[value]\" class=\"coblocks-field coblocks-field--email\" required \/>\n\n\t\t\n\n<label class=\"coblocks-label\">Message <span class=\"required\">&#042;<\/span><\/label>\n\t\t<input type=\"hidden\" name=\"field-message[label]\" value=\"Message\">\n\n\t\t\n\t\t<textarea name=\"field-message[value]\" aria-label=\"Message\" id=\"message\" class=\"coblocks-field coblocks-textarea\" rows=\"20\" required><\/textarea>\n\n\t\t\n\n\n\t\t<div class=\"coblocks-form__submit wp-block-button\">\n\t\t\t<button type=\"submit\" class=\"wp-block-button__link\" style=\"\">Contact Us<\/button>\n\t\t\t<input type=\"hidden\" id=\"form-submit\" name=\"form-submit\" value=\"25cb5a69fd\" \/><input type=\"hidden\" name=\"_wp_http_referer\" value=\"\/en\/wp-json\/wp\/v2\/pages\/1025\" \/>\t\t\t<input type=\"hidden\" name=\"action\" value=\"coblocks-form-submit\">\n\n\t\t\t\t\t<\/div>\n\n\t\t<\/div>\n\t\t\t\t<input class=\"coblocks-field verify\" aria-label=\"Enter your email address to verify\" type=\"email\" name=\"coblocks-verify-email\" autocomplete=\"off\" placeholder=\"Email\" tabindex=\"-1\">\n\t\t\t\t<input type=\"hidden\" name=\"form-hash\" value=\"6147c3593daf90883a5e47ab5b9639104d7b6d34\">\n\n\t\t\t\t\t\t\t<\/form>\n\n\t\t<\/div>\n\n\t\t\n\n\n<p><\/p>\n","protected":false},"excerpt":{"rendered":"<p>Cont\u00e1ctanos \u00bfTienes preguntas, comentarios o alguna duda al reservar? Env\u00edanos un mensaje a trav\u00e9s de nuestro formulario de contacto o comunun\u00edcate directo a nuetros tel\u00e9fonos. Uno de nuestros representantes de atender\u00e1.<\/p>","protected":false},"author":3,"featured_media":0,"parent":0,"menu_order":0,"comment_status":"closed","ping_status":"closed","template":"","meta":{"_coblocks_attr":"","_coblocks_dimensions":"","_coblocks_responsive_height":"","_coblocks_accordion_ie_support":"","_gspb_post_css":"","two_page_speed":{"previous_score":{"desktop_score":97,"desktop_tti":"1.2\u00a0","mobile_score":77,"mobile_tti":"3.8\u00a0","date":"25.04.2025 12:46:46 am","status":"completed"},"current_score":{"desktop_score":98,"desktop_tti":"0.6\u00a0","mobile_score":92,"mobile_tti":"2.7\u00a0","date":"29.04.2025 09:07:38 am","status":"completed"}},"footnotes":""},"class_list":["post-1025","page","type-page","status-publish","hentry"],"blocksy_meta":[],"yoast_head":"<!-- This site is optimized with the Yoast SEO plugin v27.4 - https:\/\/yoast.com\/product\/yoast-seo-wordpress\/ -->\n<title>Cont\u00e1ctanos - Nasim Group<\/title>\n<meta name=\"robots\" content=\"index, follow, max-snippet:-1, max-image-preview:large, max-video-preview:-1\" \/>\n<link rel=\"canonical\" href=\"https:\/\/nasimgroup.com.mx\/en\/contactanos\/\" \/>\n<meta property=\"og:locale\" content=\"en_US\" \/>\n<meta property=\"og:type\" content=\"article\" \/>\n<meta property=\"og:title\" content=\"Cont\u00e1ctanos - Nasim Group\" \/>\n<meta property=\"og:description\" content=\"Cont\u00e1ctanos \u00bfTienes preguntas, comentarios o alguna duda al reservar? Env\u00edanos un mensaje a trav\u00e9s de nuestro formulario de contacto o comunun\u00edcate directo a nuetros tel\u00e9fonos. Uno de nuestros representantes de atender\u00e1.\" \/>\n<meta property=\"og:url\" content=\"https:\/\/nasimgroup.com.mx\/en\/contactanos\/\" \/>\n<meta property=\"og:site_name\" content=\"Nasim Group\" \/>\n<meta property=\"article:publisher\" content=\"https:\/\/www.facebook.com\/profile.php?id=100064141266150\" \/>\n<meta property=\"article:modified_time\" content=\"2025-04-29T09:07:07+00:00\" \/>\n<meta name=\"twitter:card\" content=\"summary_large_image\" \/>\n<meta name=\"twitter:label1\" content=\"Est. reading time\" \/>\n\t<meta name=\"twitter:data1\" content=\"1 minute\" \/>\n<script type=\"application\/ld+json\" class=\"yoast-schema-graph\">{\"@context\":\"https:\\\/\\\/schema.org\",\"@graph\":[{\"@type\":\"WebPage\",\"@id\":\"https:\\\/\\\/nasimgroup.com.mx\\\/contactanos\\\/\",\"url\":\"https:\\\/\\\/nasimgroup.com.mx\\\/contactanos\\\/\",\"name\":\"Cont\u00e1ctanos - Nasim Group\",\"isPartOf\":{\"@id\":\"https:\\\/\\\/nasimgroup.com.mx\\\/en\\\/#website\"},\"datePublished\":\"2025-04-12T18:43:02+00:00\",\"dateModified\":\"2025-04-29T09:07:07+00:00\",\"breadcrumb\":{\"@id\":\"https:\\\/\\\/nasimgroup.com.mx\\\/contactanos\\\/#breadcrumb\"},\"inLanguage\":\"en-US\",\"potentialAction\":[{\"@type\":\"ReadAction\",\"target\":[\"https:\\\/\\\/nasimgroup.com.mx\\\/contactanos\\\/\"]}]},{\"@type\":\"BreadcrumbList\",\"@id\":\"https:\\\/\\\/nasimgroup.com.mx\\\/contactanos\\\/#breadcrumb\",\"itemListElement\":[{\"@type\":\"ListItem\",\"position\":1,\"name\":\"Home\",\"item\":\"https:\\\/\\\/nasimgroup.com.mx\\\/\"},{\"@type\":\"ListItem\",\"position\":2,\"name\":\"Cont\u00e1ctanos\"}]},{\"@type\":\"WebSite\",\"@id\":\"https:\\\/\\\/nasimgroup.com.mx\\\/en\\\/#website\",\"url\":\"https:\\\/\\\/nasimgroup.com.mx\\\/en\\\/\",\"name\":\"Nasim Group\",\"description\":\"\",\"publisher\":{\"@id\":\"https:\\\/\\\/nasimgroup.com.mx\\\/en\\\/#organization\"},\"alternateName\":\"NasimGroup\",\"potentialAction\":[{\"@type\":\"SearchAction\",\"target\":{\"@type\":\"EntryPoint\",\"urlTemplate\":\"https:\\\/\\\/nasimgroup.com.mx\\\/en\\\/?s={search_term_string}\"},\"query-input\":{\"@type\":\"PropertyValueSpecification\",\"valueRequired\":true,\"valueName\":\"search_term_string\"}}],\"inLanguage\":\"en-US\"},{\"@type\":\"Organization\",\"@id\":\"https:\\\/\\\/nasimgroup.com.mx\\\/en\\\/#organization\",\"name\":\"NasimGroup\",\"url\":\"https:\\\/\\\/nasimgroup.com.mx\\\/en\\\/\",\"logo\":{\"@type\":\"ImageObject\",\"inLanguage\":\"en-US\",\"@id\":\"https:\\\/\\\/nasimgroup.com.mx\\\/en\\\/#\\\/schema\\\/logo\\\/image\\\/\",\"url\":\"http:\\\/\\\/nasimgroup.com.mx\\\/wp-content\\\/uploads\\\/2025\\\/04\\\/cropped-LOGO_NASIM_NEGRO-1.png\",\"contentUrl\":\"http:\\\/\\\/nasimgroup.com.mx\\\/wp-content\\\/uploads\\\/2025\\\/04\\\/cropped-LOGO_NASIM_NEGRO-1.png\",\"width\":512,\"height\":512,\"caption\":\"NasimGroup\"},\"image\":{\"@id\":\"https:\\\/\\\/nasimgroup.com.mx\\\/en\\\/#\\\/schema\\\/logo\\\/image\\\/\"},\"sameAs\":[\"https:\\\/\\\/www.facebook.com\\\/profile.php?id=100064141266150\",\"https:\\\/\\\/www.instagram.com\\\/nasimgroup\\\/\"]}]}<\/script>\n<!-- \/ Yoast SEO plugin. -->","yoast_head_json":{"title":"Cont\u00e1ctanos - Nasim Group","robots":{"index":"index","follow":"follow","max-snippet":"max-snippet:-1","max-image-preview":"max-image-preview:large","max-video-preview":"max-video-preview:-1"},"canonical":"https:\/\/nasimgroup.com.mx\/en\/contactanos\/","og_locale":"en_US","og_type":"article","og_title":"Cont\u00e1ctanos - Nasim Group","og_description":"Cont\u00e1ctanos \u00bfTienes preguntas, comentarios o alguna duda al reservar? Env\u00edanos un mensaje a trav\u00e9s de nuestro formulario de contacto o comunun\u00edcate directo a nuetros tel\u00e9fonos. Uno de nuestros representantes de atender\u00e1.","og_url":"https:\/\/nasimgroup.com.mx\/en\/contactanos\/","og_site_name":"Nasim Group","article_publisher":"https:\/\/www.facebook.com\/profile.php?id=100064141266150","article_modified_time":"2025-04-29T09:07:07+00:00","twitter_card":"summary_large_image","twitter_misc":{"Est. reading time":"1 minute"},"schema":{"@context":"https:\/\/schema.org","@graph":[{"@type":"WebPage","@id":"https:\/\/nasimgroup.com.mx\/contactanos\/","url":"https:\/\/nasimgroup.com.mx\/contactanos\/","name":"Cont\u00e1ctanos - Nasim Group","isPartOf":{"@id":"https:\/\/nasimgroup.com.mx\/en\/#website"},"datePublished":"2025-04-12T18:43:02+00:00","dateModified":"2025-04-29T09:07:07+00:00","breadcrumb":{"@id":"https:\/\/nasimgroup.com.mx\/contactanos\/#breadcrumb"},"inLanguage":"en-US","potentialAction":[{"@type":"ReadAction","target":["https:\/\/nasimgroup.com.mx\/contactanos\/"]}]},{"@type":"BreadcrumbList","@id":"https:\/\/nasimgroup.com.mx\/contactanos\/#breadcrumb","itemListElement":[{"@type":"ListItem","position":1,"name":"Home","item":"https:\/\/nasimgroup.com.mx\/"},{"@type":"ListItem","position":2,"name":"Cont\u00e1ctanos"}]},{"@type":"WebSite","@id":"https:\/\/nasimgroup.com.mx\/en\/#website","url":"https:\/\/nasimgroup.com.mx\/en\/","name":"Nasim Group","description":"","publisher":{"@id":"https:\/\/nasimgroup.com.mx\/en\/#organization"},"alternateName":"NasimGroup","potentialAction":[{"@type":"SearchAction","target":{"@type":"EntryPoint","urlTemplate":"https:\/\/nasimgroup.com.mx\/en\/?s={search_term_string}"},"query-input":{"@type":"PropertyValueSpecification","valueRequired":true,"valueName":"search_term_string"}}],"inLanguage":"en-US"},{"@type":"Organization","@id":"https:\/\/nasimgroup.com.mx\/en\/#organization","name":"NasimGroup","url":"https:\/\/nasimgroup.com.mx\/en\/","logo":{"@type":"ImageObject","inLanguage":"en-US","@id":"https:\/\/nasimgroup.com.mx\/en\/#\/schema\/logo\/image\/","url":"http:\/\/nasimgroup.com.mx\/wp-content\/uploads\/2025\/04\/cropped-LOGO_NASIM_NEGRO-1.png","contentUrl":"http:\/\/nasimgroup.com.mx\/wp-content\/uploads\/2025\/04\/cropped-LOGO_NASIM_NEGRO-1.png","width":512,"height":512,"caption":"NasimGroup"},"image":{"@id":"https:\/\/nasimgroup.com.mx\/en\/#\/schema\/logo\/image\/"},"sameAs":["https:\/\/www.facebook.com\/profile.php?id=100064141266150","https:\/\/www.instagram.com\/nasimgroup\/"]}]}},"jetpack_sharing_enabled":true,"_links":{"self":[{"href":"https:\/\/nasimgroup.com.mx\/en\/wp-json\/wp\/v2\/pages\/1025","targetHints":{"allow":["GET"]}}],"collection":[{"href":"https:\/\/nasimgroup.com.mx\/en\/wp-json\/wp\/v2\/pages"}],"about":[{"href":"https:\/\/nasimgroup.com.mx\/en\/wp-json\/wp\/v2\/types\/page"}],"author":[{"embeddable":true,"href":"https:\/\/nasimgroup.com.mx\/en\/wp-json\/wp\/v2\/users\/3"}],"replies":[{"embeddable":true,"href":"https:\/\/nasimgroup.com.mx\/en\/wp-json\/wp\/v2\/comments?post=1025"}],"version-history":[{"count":7,"href":"https:\/\/nasimgroup.com.mx\/en\/wp-json\/wp\/v2\/pages\/1025\/revisions"}],"predecessor-version":[{"id":1138,"href":"https:\/\/nasimgroup.com.mx\/en\/wp-json\/wp\/v2\/pages\/1025\/revisions\/1138"}],"wp:attachment":[{"href":"https:\/\/nasimgroup.com.mx\/en\/wp-json\/wp\/v2\/media?parent=1025"}],"curies":[{"name":"wp","href":"https:\/\/api.w.org\/{rel}","templated":true}]}}