{"id":2037,"date":"2026-03-30T16:47:37","date_gmt":"2026-03-30T16:47:37","guid":{"rendered":"https:\/\/nasimgroup.com.mx\/?page_id=2037"},"modified":"2026-03-30T20:19:52","modified_gmt":"2026-03-30T20:19:52","slug":"elementor-2037","status":"publish","type":"page","link":"https:\/\/nasimgroup.com.mx\/en\/elementor-2037\/","title":{"rendered":"Vika"},"content":{"rendered":"<div data-elementor-type=\"wp-page\" data-elementor-id=\"2037\" class=\"elementor elementor-2037\">\n\t\t\t\t<div class=\"elementor-element elementor-element-6bfdb09 e-flex e-con-boxed e-con e-parent\" data-id=\"6bfdb09\" data-element_type=\"container\" data-e-type=\"container\">\n\t\t\t\t\t<div class=\"e-con-inner\">\n\t\t\t\t<div class=\"elementor-element elementor-element-eec2313 elementor-widget elementor-widget-image\" data-id=\"eec2313\" data-element_type=\"widget\" data-e-type=\"widget\" data-widget_type=\"image.default\">\n\t\t\t\t<div class=\"elementor-widget-container\">\n\t\t\t\t\t\t\t\t\t\t\t\t\t\t\t<img decoding=\"async\" src=\"https:\/\/nasimgroup.com.mx\/wp-content\/uploads\/2026\/03\/ChatGPT-Image-30-mar-2026-11_11_45-a.m.-1.png\" title=\"ChatGPT Image 30 mar 2026, 11_11_45 a.m. (1)\" alt=\"ChatGPT Image 30 mar 2026, 11_11_45 a.m. (1)\" loading=\"lazy\" \/>\t\t\t\t\t\t\t\t\t\t\t\t\t\t\t<\/div>\n\t\t\t\t<\/div>\n\t\t\t\t\t<\/div>\n\t\t\t\t<\/div>\n\t\t<div class=\"elementor-element elementor-element-442b64e e-flex e-con-boxed e-con e-parent\" data-id=\"442b64e\" data-element_type=\"container\" data-e-type=\"container\" data-settings=\"{&quot;background_background&quot;:&quot;classic&quot;}\">\n\t\t\t\t\t<div class=\"e-con-inner\">\n\t\t<div class=\"elementor-element elementor-element-d90a2d9 e-con-full e-flex e-con e-child\" data-id=\"d90a2d9\" data-element_type=\"container\" data-e-type=\"container\">\n\t\t\t\t<div class=\"elementor-element elementor-element-3e4db4c elementor-widget__width-inherit elementor-widget elementor-widget-video\" data-id=\"3e4db4c\" data-element_type=\"widget\" data-e-type=\"widget\" data-settings=\"{&quot;video_type&quot;:&quot;hosted&quot;,&quot;autoplay&quot;:&quot;yes&quot;,&quot;play_on_mobile&quot;:&quot;yes&quot;,&quot;controls&quot;:&quot;yes&quot;}\" data-widget_type=\"video.default\">\n\t\t\t\t<div class=\"elementor-widget-container\">\n\t\t\t\t\t\t\t<div class=\"e-hosted-video elementor-wrapper elementor-open-inline\">\n\t\t\t\t\t<video class=\"elementor-video\" src=\"http:\/\/nasimgroup.com.mx\/wp-content\/uploads\/2026\/03\/VIKA-mi-favorito-\ud83d\ude0d\u2615\ufe0fNada-como-comenzar-el-dia-con-cafecito-y-algo-bien-delicioso.-En-cada-Vika.mp4\" autoplay=\"\" controls=\"\" playsinline=\"\" controlslist=\"nodownload\"><\/video>\n\t\t\t\t<\/div>\n\t\t\t\t\t\t<\/div>\n\t\t\t\t<\/div>\n\t\t\t\t<div class=\"elementor-element elementor-element-4af7797 elementor-align-center elementor-widget elementor-widget-button\" data-id=\"4af7797\" data-element_type=\"widget\" data-e-type=\"widget\" data-widget_type=\"button.default\">\n\t\t\t\t<div class=\"elementor-widget-container\">\n\t\t\t\t\t\t\t\t\t<div class=\"elementor-button-wrapper\">\n\t\t\t\t\t<a class=\"elementor-button elementor-button-link elementor-size-sm\" href=\"http:\/\/www.uqr.to\/18prr\">\n\t\t\t\t\t\t<span class=\"elementor-button-content-wrapper\">\n\t\t\t\t\t\t<span class=\"elementor-button-icon\">\n\t\t\t\t<svg aria-hidden=\"true\" class=\"e-font-icon-svg e-fab-elementor\" viewbox=\"0 0 448 512\" xmlns=\"http:\/\/www.w3.org\/2000\/svg\"><path d=\"M425.6 32H22.4C10 32 0 42 0 54.4v403.2C0 470 10 480 22.4 480h403.2c12.4 0 22.4-10 22.4-22.4V54.4C448 42 438 32 425.6 32M164.3 355.5h-39.8v-199h39.8v199zm159.3 0H204.1v-39.8h119.5v39.8zm0-79.6H204.1v-39.8h119.5v39.8zm0-79.7H204.1v-39.8h119.5v39.8z\"><\/path><\/svg>\t\t\t<\/span>\n\t\t\t\t\t\t\t\t\t<span class=\"elementor-button-text\">MEN\u00da<\/span>\n\t\t\t\t\t<\/span>\n\t\t\t\t\t<\/a>\n\t\t\t\t<\/div>\n\t\t\t\t\t\t\t\t<\/div>\n\t\t\t\t<\/div>\n\t\t\t\t<\/div>\n\t\t<div class=\"elementor-element elementor-element-9349073 e-con-full e-flex e-con e-child\" data-id=\"9349073\" data-element_type=\"container\" data-e-type=\"container\">\n\t\t\t\t<div class=\"elementor-element elementor-element-f567e75 elementor-widget elementor-widget-heading\" data-id=\"f567e75\" data-element_type=\"widget\" data-e-type=\"widget\" data-widget_type=\"heading.default\">\n\t\t\t\t<div class=\"elementor-widget-container\">\n\t\t\t\t\t<h2 class=\"elementor-heading-title elementor-size-default\">Donde el caf\u00e9 se convierte en experiencia<\/h2>\t\t\t\t<\/div>\n\t\t\t\t<\/div>\n\t\t<div class=\"elementor-element elementor-element-6b2aa6b e-con-full e-grid e-con e-child\" data-id=\"6b2aa6b\" data-element_type=\"container\" data-e-type=\"container\">\n\t\t\t\t<div class=\"elementor-element elementor-element-05a9ed2 elementor-widget elementor-widget-image\" data-id=\"05a9ed2\" data-element_type=\"widget\" data-e-type=\"widget\" data-widget_type=\"image.default\">\n\t\t\t\t<div class=\"elementor-widget-container\">\n\t\t\t\t\t\t\t\t\t\t\t\t\t\t\t<img decoding=\"async\" src=\"https:\/\/nasimgroup.com.mx\/wp-content\/uploads\/2026\/03\/No-hace-falta-una-ocasion-especial-para-disfrutar-algo-especial.Nuestra-Red-Velvet-esta-pensada-1.jpg\" title=\"No hace falta una ocasi\u00f3n especial para disfrutar algo especial.Nuestra Red Velvet est\u00e1 pensada (1)\" alt=\"No hace falta una ocasi\u00f3n especial para disfrutar algo especial.Nuestra Red Velvet est\u00e1 pensada (1)\" loading=\"lazy\" \/>\t\t\t\t\t\t\t\t\t\t\t\t\t\t\t<\/div>\n\t\t\t\t<\/div>\n\t\t\t\t<div class=\"elementor-element elementor-element-0975137 elementor-widget elementor-widget-image\" data-id=\"0975137\" data-element_type=\"widget\" data-e-type=\"widget\" data-widget_type=\"image.default\">\n\t\t\t\t<div class=\"elementor-widget-container\">\n\t\t\t\t\t\t\t\t\t\t\t\t\t\t\t<img decoding=\"async\" src=\"https:\/\/nasimgroup.com.mx\/wp-content\/uploads\/2026\/03\/Hola-primavera-\ud83c\udf3cVuelven-los-dias-de-sol-las-pausas-que-se-disfrutan-masy-las-excusas-para-sali.jpg\" title=\"Hola primavera \ud83c\udf3cVuelven los d\u00edas de sol, las pausas que se disfrutan m\u00e1sy las excusas para sali\" alt=\"Hola primavera \ud83c\udf3cVuelven los d\u00edas de sol, las pausas que se disfrutan m\u00e1sy las excusas para sali\" loading=\"lazy\" \/>\t\t\t\t\t\t\t\t\t\t\t\t\t\t\t<\/div>\n\t\t\t\t<\/div>\n\t\t\t\t<div class=\"elementor-element elementor-element-24d4036 elementor-widget elementor-widget-image\" data-id=\"24d4036\" data-element_type=\"widget\" data-e-type=\"widget\" data-widget_type=\"image.default\">\n\t\t\t\t<div class=\"elementor-widget-container\">\n\t\t\t\t\t\t\t\t\t\t\t\t\t\t\t<img decoding=\"async\" src=\"https:\/\/nasimgroup.com.mx\/wp-content\/uploads\/2026\/03\/Hola-primavera-\ud83c\udf3cVuelven-los-dias-de-sol-las-pausas-que-se-disfrutan-masy-las-excusas-para-sali-1.jpg\" title=\"Hola primavera \ud83c\udf3cVuelven los d\u00edas de sol, las pausas que se disfrutan m\u00e1sy las excusas para sali (1)\" alt=\"Hola primavera \ud83c\udf3cVuelven los d\u00edas de sol, las pausas que se disfrutan m\u00e1sy las excusas para sali (1)\" loading=\"lazy\" \/>\t\t\t\t\t\t\t\t\t\t\t\t\t\t\t<\/div>\n\t\t\t\t<\/div>\n\t\t\t\t<div class=\"elementor-element elementor-element-55a1e53 elementor-widget elementor-widget-image\" data-id=\"55a1e53\" data-element_type=\"widget\" data-e-type=\"widget\" data-widget_type=\"image.default\">\n\t\t\t\t<div class=\"elementor-widget-container\">\n\t\t\t\t\t\t\t\t\t\t\t\t\t\t\t<img fetchpriority=\"high\" decoding=\"async\" width=\"300\" height=\"300\" src=\"https:\/\/nasimgroup.com.mx\/wp-content\/uploads\/2026\/03\/Medialuna-de-crema-pastelera-\u2728Hojaldre-laminado-capas-finas-y-doradas-que-crujen-suavemente-al--300x300.jpg\" class=\"attachment-medium size-medium wp-image-2047\" alt=\"\" srcset=\"https:\/\/nasimgroup.com.mx\/wp-content\/uploads\/2026\/03\/Medialuna-de-crema-pastelera-\u2728Hojaldre-laminado-capas-finas-y-doradas-que-crujen-suavemente-al--300x300.jpg 300w, https:\/\/nasimgroup.com.mx\/wp-content\/uploads\/2026\/03\/Medialuna-de-crema-pastelera-\u2728Hojaldre-laminado-capas-finas-y-doradas-que-crujen-suavemente-al--150x150.jpg 150w, https:\/\/nasimgroup.com.mx\/wp-content\/uploads\/2026\/03\/Medialuna-de-crema-pastelera-\u2728Hojaldre-laminado-capas-finas-y-doradas-que-crujen-suavemente-al--768x768.jpg 768w, https:\/\/nasimgroup.com.mx\/wp-content\/uploads\/2026\/03\/Medialuna-de-crema-pastelera-\u2728Hojaldre-laminado-capas-finas-y-doradas-que-crujen-suavemente-al--12x12.jpg 12w, https:\/\/nasimgroup.com.mx\/wp-content\/uploads\/2026\/03\/Medialuna-de-crema-pastelera-\u2728Hojaldre-laminado-capas-finas-y-doradas-que-crujen-suavemente-al--500x500.jpg 500w, https:\/\/nasimgroup.com.mx\/wp-content\/uploads\/2026\/03\/Medialuna-de-crema-pastelera-\u2728Hojaldre-laminado-capas-finas-y-doradas-que-crujen-suavemente-al--600x600.jpg 600w, https:\/\/nasimgroup.com.mx\/wp-content\/uploads\/2026\/03\/Medialuna-de-crema-pastelera-\u2728Hojaldre-laminado-capas-finas-y-doradas-que-crujen-suavemente-al--100x100.jpg 100w, https:\/\/nasimgroup.com.mx\/wp-content\/uploads\/2026\/03\/Medialuna-de-crema-pastelera-\u2728Hojaldre-laminado-capas-finas-y-doradas-que-crujen-suavemente-al--800x800.jpg 800w, https:\/\/nasimgroup.com.mx\/wp-content\/uploads\/2026\/03\/Medialuna-de-crema-pastelera-\u2728Hojaldre-laminado-capas-finas-y-doradas-que-crujen-suavemente-al-.jpg 1024w\" sizes=\"(max-width: 300px) 100vw, 300px\" \/>\t\t\t\t\t\t\t\t\t\t\t\t\t\t\t<\/div>\n\t\t\t\t<\/div>\n\t\t\t\t<div class=\"elementor-element elementor-element-399d75e elementor-widget elementor-widget-image\" data-id=\"399d75e\" data-element_type=\"widget\" data-e-type=\"widget\" data-widget_type=\"image.default\">\n\t\t\t\t<div class=\"elementor-widget-container\">\n\t\t\t\t\t\t\t\t\t\t\t\t\t\t\t<img decoding=\"async\" src=\"https:\/\/nasimgroup.com.mx\/wp-content\/uploads\/2026\/03\/La-mortadela-ya-era-una-locura-\ud83d\ude0eAhora-sumale-burrata-cremosa-y-entendes-por-que-este-sandwich-n.jpg\" title=\"La mortadela ya era una locura \ud83d\ude0eAhora sumale burrata cremosa y entend\u00e9s por qu\u00e9 este s\u00e1ndwich n\" alt=\"La mortadela ya era una locura \ud83d\ude0eAhora sumale burrata cremosa y entend\u00e9s por qu\u00e9 este s\u00e1ndwich n\" loading=\"lazy\" \/>\t\t\t\t\t\t\t\t\t\t\t\t\t\t\t<\/div>\n\t\t\t\t<\/div>\n\t\t\t\t<div class=\"elementor-element elementor-element-9ee0371 elementor-widget elementor-widget-image\" data-id=\"9ee0371\" data-element_type=\"widget\" data-e-type=\"widget\" data-widget_type=\"image.default\">\n\t\t\t\t<div class=\"elementor-widget-container\">\n\t\t\t\t\t\t\t\t\t\t\t\t\t\t\t<img decoding=\"async\" src=\"https:\/\/nasimgroup.com.mx\/wp-content\/uploads\/2026\/03\/Hay-sandwiches.-y-despues-esta-ESTOCrujiente-sabroso-contundente.El-que-se-elige-con-hambre-.jpg\" title=\"Hay s\u00e1ndwiches... y despu\u00e9s est\u00e1 ESTOCrujiente, sabroso, contundente.El que se elige con hambre\" alt=\"Hay s\u00e1ndwiches... y despu\u00e9s est\u00e1 ESTOCrujiente, sabroso, contundente.El que se elige con hambre\" loading=\"lazy\" \/>\t\t\t\t\t\t\t\t\t\t\t\t\t\t\t<\/div>\n\t\t\t\t<\/div>\n\t\t\t\t<\/div>\n\t\t\t\t<\/div>\n\t\t\t\t\t<\/div>\n\t\t\t\t<\/div>\n\t\t<div class=\"elementor-element elementor-element-995fec5 e-flex e-con-boxed e-con e-parent\" data-id=\"995fec5\" data-element_type=\"container\" data-e-type=\"container\">\n\t\t\t\t\t<div class=\"e-con-inner\">\n\t\t\t\t\t<\/div>\n\t\t\t\t<\/div>\n\t\t<div class=\"elementor-element elementor-element-311030a e-flex e-con-boxed e-con e-parent\" data-id=\"311030a\" data-element_type=\"container\" data-e-type=\"container\">\n\t\t\t\t\t<div class=\"e-con-inner\">\n\t\t\t\t\t<\/div>\n\t\t\t\t<\/div>\n\t\t<div class=\"elementor-element elementor-element-29fe5c9 e-flex e-con-boxed e-con e-parent\" data-id=\"29fe5c9\" data-element_type=\"container\" data-e-type=\"container\">\n\t\t\t\t\t<div class=\"e-con-inner\">\n\t\t\t\t\t<\/div>\n\t\t\t\t<\/div>\n\t\t\t\t<\/div>","protected":false},"excerpt":{"rendered":"<p>http:\/\/nasimgroup.com.mx\/wp-content\/uploads\/2026\/03\/VIKA-mi-favorito-\ud83d\ude0d\u2615\ufe0fNada-como-comenzar-el-dia-con-cafecito-y-algo-bien-delicioso.-En-cada-Vika.mp4 MEN\u00da Donde el caf\u00e9 se convierte en experiencia<\/p>","protected":false},"author":1,"featured_media":0,"parent":0,"menu_order":0,"comment_status":"closed","ping_status":"closed","template":"","meta":{"_coblocks_attr":"","_coblocks_dimensions":"","_coblocks_responsive_height":"","_coblocks_accordion_ie_support":"","_gspb_post_css":"","two_page_speed":[],"footnotes":""},"class_list":["post-2037","page","type-page","status-publish","hentry"],"blocksy_meta":[],"yoast_head":"<!-- This site is optimized with the Yoast SEO plugin v27.4 - https:\/\/yoast.com\/product\/yoast-seo-wordpress\/ -->\n<title>Vika - Nasim Group<\/title>\n<meta name=\"robots\" content=\"index, follow, max-snippet:-1, max-image-preview:large, max-video-preview:-1\" \/>\n<link rel=\"canonical\" href=\"https:\/\/nasimgroup.com.mx\/en\/elementor-2037\/\" \/>\n<meta property=\"og:locale\" content=\"en_US\" \/>\n<meta property=\"og:type\" content=\"article\" \/>\n<meta property=\"og:title\" content=\"Vika - Nasim Group\" \/>\n<meta property=\"og:description\" content=\"http:\/\/nasimgroup.com.mx\/wp-content\/uploads\/2026\/03\/VIKA-mi-favorito-\ud83d\ude0d\u2615\ufe0fNada-como-comenzar-el-dia-con-cafecito-y-algo-bien-delicioso.-En-cada-Vika.mp4 MEN\u00da Donde el caf\u00e9 se convierte en experiencia\" \/>\n<meta property=\"og:url\" content=\"https:\/\/nasimgroup.com.mx\/en\/elementor-2037\/\" \/>\n<meta property=\"og:site_name\" content=\"Nasim Group\" \/>\n<meta property=\"article:publisher\" content=\"https:\/\/www.facebook.com\/profile.php?id=100064141266150\" \/>\n<meta property=\"article:modified_time\" content=\"2026-03-30T20:19:52+00:00\" \/>\n<meta property=\"og:image\" content=\"http:\/\/nasimgroup.com.mx\/wp-content\/uploads\/elementor\/thumbs\/ChatGPT-Image-30-mar-2026-11_11_45-a.m.-1-rl9zzjgm9fan7xayykzwz2ugbofiw8not2bj506l2g.png\" \/>\n<meta name=\"twitter:card\" content=\"summary_large_image\" \/>\n<meta name=\"twitter:label1\" content=\"Est. reading time\" \/>\n\t<meta name=\"twitter:data1\" content=\"2 minutes\" \/>\n<script type=\"application\/ld+json\" class=\"yoast-schema-graph\">{\"@context\":\"https:\\\/\\\/schema.org\",\"@graph\":[{\"@type\":\"WebPage\",\"@id\":\"https:\\\/\\\/nasimgroup.com.mx\\\/elementor-2037\\\/\",\"url\":\"https:\\\/\\\/nasimgroup.com.mx\\\/elementor-2037\\\/\",\"name\":\"Vika - Nasim Group\",\"isPartOf\":{\"@id\":\"https:\\\/\\\/nasimgroup.com.mx\\\/en\\\/#website\"},\"primaryImageOfPage\":{\"@id\":\"https:\\\/\\\/nasimgroup.com.mx\\\/elementor-2037\\\/#primaryimage\"},\"image\":{\"@id\":\"https:\\\/\\\/nasimgroup.com.mx\\\/elementor-2037\\\/#primaryimage\"},\"thumbnailUrl\":\"http:\\\/\\\/nasimgroup.com.mx\\\/wp-content\\\/uploads\\\/elementor\\\/thumbs\\\/ChatGPT-Image-30-mar-2026-11_11_45-a.m.-1-rl9zzjgm9fan7xayykzwz2ugbofiw8not2bj506l2g.png\",\"datePublished\":\"2026-03-30T16:47:37+00:00\",\"dateModified\":\"2026-03-30T20:19:52+00:00\",\"breadcrumb\":{\"@id\":\"https:\\\/\\\/nasimgroup.com.mx\\\/elementor-2037\\\/#breadcrumb\"},\"inLanguage\":\"en-US\",\"potentialAction\":[{\"@type\":\"ReadAction\",\"target\":[\"https:\\\/\\\/nasimgroup.com.mx\\\/elementor-2037\\\/\"]}]},{\"@type\":\"ImageObject\",\"inLanguage\":\"en-US\",\"@id\":\"https:\\\/\\\/nasimgroup.com.mx\\\/elementor-2037\\\/#primaryimage\",\"url\":\"http:\\\/\\\/nasimgroup.com.mx\\\/wp-content\\\/uploads\\\/elementor\\\/thumbs\\\/ChatGPT-Image-30-mar-2026-11_11_45-a.m.-1-rl9zzjgm9fan7xayykzwz2ugbofiw8not2bj506l2g.png\",\"contentUrl\":\"http:\\\/\\\/nasimgroup.com.mx\\\/wp-content\\\/uploads\\\/elementor\\\/thumbs\\\/ChatGPT-Image-30-mar-2026-11_11_45-a.m.-1-rl9zzjgm9fan7xayykzwz2ugbofiw8not2bj506l2g.png\"},{\"@type\":\"BreadcrumbList\",\"@id\":\"https:\\\/\\\/nasimgroup.com.mx\\\/elementor-2037\\\/#breadcrumb\",\"itemListElement\":[{\"@type\":\"ListItem\",\"position\":1,\"name\":\"Home\",\"item\":\"https:\\\/\\\/nasimgroup.com.mx\\\/\"},{\"@type\":\"ListItem\",\"position\":2,\"name\":\"Vika\"}]},{\"@type\":\"WebSite\",\"@id\":\"https:\\\/\\\/nasimgroup.com.mx\\\/en\\\/#website\",\"url\":\"https:\\\/\\\/nasimgroup.com.mx\\\/en\\\/\",\"name\":\"Nasim Group\",\"description\":\"\",\"publisher\":{\"@id\":\"https:\\\/\\\/nasimgroup.com.mx\\\/en\\\/#organization\"},\"alternateName\":\"NasimGroup\",\"potentialAction\":[{\"@type\":\"SearchAction\",\"target\":{\"@type\":\"EntryPoint\",\"urlTemplate\":\"https:\\\/\\\/nasimgroup.com.mx\\\/en\\\/?s={search_term_string}\"},\"query-input\":{\"@type\":\"PropertyValueSpecification\",\"valueRequired\":true,\"valueName\":\"search_term_string\"}}],\"inLanguage\":\"en-US\"},{\"@type\":\"Organization\",\"@id\":\"https:\\\/\\\/nasimgroup.com.mx\\\/en\\\/#organization\",\"name\":\"NasimGroup\",\"url\":\"https:\\\/\\\/nasimgroup.com.mx\\\/en\\\/\",\"logo\":{\"@type\":\"ImageObject\",\"inLanguage\":\"en-US\",\"@id\":\"https:\\\/\\\/nasimgroup.com.mx\\\/en\\\/#\\\/schema\\\/logo\\\/image\\\/\",\"url\":\"http:\\\/\\\/nasimgroup.com.mx\\\/wp-content\\\/uploads\\\/2025\\\/04\\\/cropped-LOGO_NASIM_NEGRO-1.png\",\"contentUrl\":\"http:\\\/\\\/nasimgroup.com.mx\\\/wp-content\\\/uploads\\\/2025\\\/04\\\/cropped-LOGO_NASIM_NEGRO-1.png\",\"width\":512,\"height\":512,\"caption\":\"NasimGroup\"},\"image\":{\"@id\":\"https:\\\/\\\/nasimgroup.com.mx\\\/en\\\/#\\\/schema\\\/logo\\\/image\\\/\"},\"sameAs\":[\"https:\\\/\\\/www.facebook.com\\\/profile.php?id=100064141266150\",\"https:\\\/\\\/www.instagram.com\\\/nasimgroup\\\/\"]}]}<\/script>\n<!-- \/ Yoast SEO plugin. -->","yoast_head_json":{"title":"Vika - Nasim Group","robots":{"index":"index","follow":"follow","max-snippet":"max-snippet:-1","max-image-preview":"max-image-preview:large","max-video-preview":"max-video-preview:-1"},"canonical":"https:\/\/nasimgroup.com.mx\/en\/elementor-2037\/","og_locale":"en_US","og_type":"article","og_title":"Vika - Nasim Group","og_description":"http:\/\/nasimgroup.com.mx\/wp-content\/uploads\/2026\/03\/VIKA-mi-favorito-\ud83d\ude0d\u2615\ufe0fNada-como-comenzar-el-dia-con-cafecito-y-algo-bien-delicioso.-En-cada-Vika.mp4 MEN\u00da Donde el caf\u00e9 se convierte en experiencia","og_url":"https:\/\/nasimgroup.com.mx\/en\/elementor-2037\/","og_site_name":"Nasim Group","article_publisher":"https:\/\/www.facebook.com\/profile.php?id=100064141266150","article_modified_time":"2026-03-30T20:19:52+00:00","og_image":[{"url":"http:\/\/nasimgroup.com.mx\/wp-content\/uploads\/elementor\/thumbs\/ChatGPT-Image-30-mar-2026-11_11_45-a.m.-1-rl9zzjgm9fan7xayykzwz2ugbofiw8not2bj506l2g.png","type":"","width":"","height":""}],"twitter_card":"summary_large_image","twitter_misc":{"Est. reading time":"2 minutes"},"schema":{"@context":"https:\/\/schema.org","@graph":[{"@type":"WebPage","@id":"https:\/\/nasimgroup.com.mx\/elementor-2037\/","url":"https:\/\/nasimgroup.com.mx\/elementor-2037\/","name":"Vika - Nasim Group","isPartOf":{"@id":"https:\/\/nasimgroup.com.mx\/en\/#website"},"primaryImageOfPage":{"@id":"https:\/\/nasimgroup.com.mx\/elementor-2037\/#primaryimage"},"image":{"@id":"https:\/\/nasimgroup.com.mx\/elementor-2037\/#primaryimage"},"thumbnailUrl":"http:\/\/nasimgroup.com.mx\/wp-content\/uploads\/elementor\/thumbs\/ChatGPT-Image-30-mar-2026-11_11_45-a.m.-1-rl9zzjgm9fan7xayykzwz2ugbofiw8not2bj506l2g.png","datePublished":"2026-03-30T16:47:37+00:00","dateModified":"2026-03-30T20:19:52+00:00","breadcrumb":{"@id":"https:\/\/nasimgroup.com.mx\/elementor-2037\/#breadcrumb"},"inLanguage":"en-US","potentialAction":[{"@type":"ReadAction","target":["https:\/\/nasimgroup.com.mx\/elementor-2037\/"]}]},{"@type":"ImageObject","inLanguage":"en-US","@id":"https:\/\/nasimgroup.com.mx\/elementor-2037\/#primaryimage","url":"http:\/\/nasimgroup.com.mx\/wp-content\/uploads\/elementor\/thumbs\/ChatGPT-Image-30-mar-2026-11_11_45-a.m.-1-rl9zzjgm9fan7xayykzwz2ugbofiw8not2bj506l2g.png","contentUrl":"http:\/\/nasimgroup.com.mx\/wp-content\/uploads\/elementor\/thumbs\/ChatGPT-Image-30-mar-2026-11_11_45-a.m.-1-rl9zzjgm9fan7xayykzwz2ugbofiw8not2bj506l2g.png"},{"@type":"BreadcrumbList","@id":"https:\/\/nasimgroup.com.mx\/elementor-2037\/#breadcrumb","itemListElement":[{"@type":"ListItem","position":1,"name":"Home","item":"https:\/\/nasimgroup.com.mx\/"},{"@type":"ListItem","position":2,"name":"Vika"}]},{"@type":"WebSite","@id":"https:\/\/nasimgroup.com.mx\/en\/#website","url":"https:\/\/nasimgroup.com.mx\/en\/","name":"Nasim Group","description":"","publisher":{"@id":"https:\/\/nasimgroup.com.mx\/en\/#organization"},"alternateName":"NasimGroup","potentialAction":[{"@type":"SearchAction","target":{"@type":"EntryPoint","urlTemplate":"https:\/\/nasimgroup.com.mx\/en\/?s={search_term_string}"},"query-input":{"@type":"PropertyValueSpecification","valueRequired":true,"valueName":"search_term_string"}}],"inLanguage":"en-US"},{"@type":"Organization","@id":"https:\/\/nasimgroup.com.mx\/en\/#organization","name":"NasimGroup","url":"https:\/\/nasimgroup.com.mx\/en\/","logo":{"@type":"ImageObject","inLanguage":"en-US","@id":"https:\/\/nasimgroup.com.mx\/en\/#\/schema\/logo\/image\/","url":"http:\/\/nasimgroup.com.mx\/wp-content\/uploads\/2025\/04\/cropped-LOGO_NASIM_NEGRO-1.png","contentUrl":"http:\/\/nasimgroup.com.mx\/wp-content\/uploads\/2025\/04\/cropped-LOGO_NASIM_NEGRO-1.png","width":512,"height":512,"caption":"NasimGroup"},"image":{"@id":"https:\/\/nasimgroup.com.mx\/en\/#\/schema\/logo\/image\/"},"sameAs":["https:\/\/www.facebook.com\/profile.php?id=100064141266150","https:\/\/www.instagram.com\/nasimgroup\/"]}]}},"jetpack_sharing_enabled":true,"_links":{"self":[{"href":"https:\/\/nasimgroup.com.mx\/en\/wp-json\/wp\/v2\/pages\/2037","targetHints":{"allow":["GET"]}}],"collection":[{"href":"https:\/\/nasimgroup.com.mx\/en\/wp-json\/wp\/v2\/pages"}],"about":[{"href":"https:\/\/nasimgroup.com.mx\/en\/wp-json\/wp\/v2\/types\/page"}],"author":[{"embeddable":true,"href":"https:\/\/nasimgroup.com.mx\/en\/wp-json\/wp\/v2\/users\/1"}],"replies":[{"embeddable":true,"href":"https:\/\/nasimgroup.com.mx\/en\/wp-json\/wp\/v2\/comments?post=2037"}],"version-history":[{"count":10,"href":"https:\/\/nasimgroup.com.mx\/en\/wp-json\/wp\/v2\/pages\/2037\/revisions"}],"predecessor-version":[{"id":2060,"href":"https:\/\/nasimgroup.com.mx\/en\/wp-json\/wp\/v2\/pages\/2037\/revisions\/2060"}],"wp:attachment":[{"href":"https:\/\/nasimgroup.com.mx\/en\/wp-json\/wp\/v2\/media?parent=2037"}],"curies":[{"name":"wp","href":"https:\/\/api.w.org\/{rel}","templated":true}]}}