{"id":422,"date":"2022-03-12T07:03:31","date_gmt":"2022-03-12T07:03:31","guid":{"rendered":"https:\/\/startersites.io\/stagingfive\/?page_id=349"},"modified":"2025-04-28T21:35:52","modified_gmt":"2025-04-28T21:35:52","slug":"contact","status":"publish","type":"page","link":"https:\/\/nasimgroup.com.mx\/en\/contact\/","title":{"rendered":"\u00bfQui\u00e9nes somos?"},"content":{"rendered":"<h2 class=\"wp-block-heading has-text-align-center\" id=\"un-grupo-con-vision-pasion-y-proposito\"><strong>Un grupo con visi\u00f3n, pasi\u00f3n y prop\u00f3sito<\/strong><\/h2>\n\n\n\n<p><em>En <strong>Nasim Group<\/strong> somos una empresa integral dedicada a crear experiencias \u00fanicas a trav\u00e9s de conceptos innovadores en gastronom\u00eda, hospitalidad, bienestar y estilo de vida. Con presencia en Playa del Carmen, Quintana Roo, nuestro portafolio incluye una diversidad de marcas que se han convertido en referentes por su calidad, identidad y servicio excepcional.<\/em><\/p>\n\n\n\n<p><em>M\u00e1s que un grupo de negocios, somos una comunidad de talento que trabaja con prop\u00f3sito para enriquecer el d\u00eda a d\u00eda de nuestros clientes, hu\u00e9spedes y colaboradores.<\/em><\/p>\n\n\n\n<h2 class=\"wp-block-heading has-text-align-center\" id=\"nuestra-historia\"><strong>Nuestra historia<\/strong><\/h2>\n\n\n\n<p><em>Nasim Group naci\u00f3 del deseo de ofrecer algo diferente, aut\u00e9ntico y memorable. Desde nuestra primera apertura, hemos apostado por crear espacios con alma, donde cada detalle habla de calidad, cultura y hospitalidad. A lo largo del tiempo, hemos consolidado una familia de marcas que conectan con personas de todo el mundo y reflejan el esp\u00edritu vibrante de la Riviera Maya.<\/em><\/p>\n\n\n\n<h2 class=\"wp-block-heading has-text-align-center\" id=\"mision\"><strong>Misi\u00f3n<\/strong><\/h2>\n\n\n\n<blockquote class=\"wp-block-quote is-layout-flow wp-block-quote-is-layout-flow\">\n<p><em>Proveer experiencias gastron\u00f3micas y de hospitalidad excepcionales en el Caribe Mexicano, fusionando excelencia culinaria, atenci\u00f3n personalizada y un ambiente sofisticado, para deleitar a nuestros clientes locales y visitantes internacionales.<\/em><\/p>\n<\/blockquote>\n\n\n\n<h2 class=\"wp-block-heading has-text-align-center\" id=\"vision\"><strong>Visi\u00f3n<\/strong><\/h2>\n\n\n\n<blockquote class=\"wp-block-quote is-layout-flow wp-block-quote-is-layout-flow\">\n<p><em>Ser el grupo l\u00edder en hospitalidad y gastronom\u00eda en la Riviera Maya, reconocido por la innovaci\u00f3n, calidad y pasi\u00f3n con la que operamos cada uno de nuestros espacios.<\/em><\/p>\n<\/blockquote>\n\n\n\n<h2 class=\"wp-block-heading has-text-align-center\" id=\"valores\"><strong>Valores<\/strong><\/h2>\n\n\n\n<ol class=\"wp-block-list\"><\/ol>\n\n\n\n<div class=\"wp-block-stackable-columns stk-block-columns stk-block stk-0b92958\" data-block-id=\"0b92958\"><div class=\"stk-row stk-inner-blocks stk-block-content stk-content-align stk-0b92958-column\">\n<div class=\"wp-block-stackable-column stk-block-column stk-column stk-block stk-47c5dc8\" data-v=\"4\" data-block-id=\"47c5dc8\"><div class=\"stk-column-wrapper stk-block-column__content stk-container stk-47c5dc8-container stk--no-background stk--no-padding\"><div class=\"stk-block-content stk-inner-blocks stk-47c5dc8-inner-blocks\">\n<div class=\"wp-block-stackable-heading stk-block-heading stk-block-heading--v2 stk-block stk-cdb62dd\" id=\"excelencia\" data-block-id=\"cdb62dd\"><h2 class=\"stk-block-heading__text has-text-align-center\">Excelencia<\/h2><\/div>\n\n\n\n<p class=\"has-text-align-center\"><em>Compromiso con la calidad en cada platillo, bebida y servicio ofrecido.<\/em><\/p>\n<\/div><\/div><\/div>\n\n\n\n<div class=\"wp-block-stackable-column stk-block-column stk-column stk-block stk-73e113c\" data-v=\"4\" data-block-id=\"73e113c\"><div class=\"stk-column-wrapper stk-block-column__content stk-container stk-73e113c-container stk--no-background stk--no-padding\"><div class=\"stk-block-content stk-inner-blocks stk-73e113c-inner-blocks\">\n<div class=\"wp-block-stackable-heading stk-block-heading stk-block-heading--v2 stk-block stk-3509c3c\" id=\"pasion\" data-block-id=\"3509c3c\"><h2 class=\"stk-block-heading__text has-text-align-center\">Pasi\u00f3n<\/h2><\/div>\n\n\n\n<p class=\"has-text-align-center\"><em>Amor por la cocina, la atenci\u00f3n al cliente y los detalles que crean momentos memorables.<\/em><\/p>\n<\/div><\/div><\/div>\n\n\n\n<div class=\"wp-block-stackable-column stk-block-column stk-column stk-block stk-d3f69ee\" data-v=\"4\" data-block-id=\"d3f69ee\"><div class=\"stk-column-wrapper stk-block-column__content stk-container stk-d3f69ee-container stk--no-background stk--no-padding\"><div class=\"stk-block-content stk-inner-blocks stk-d3f69ee-inner-blocks\">\n<div class=\"wp-block-stackable-heading stk-block-heading stk-block-heading--v2 stk-block stk-42bd7e7\" id=\"innovacion\" data-block-id=\"42bd7e7\"><h2 class=\"stk-block-heading__text has-text-align-center\">Innovaci\u00f3n<\/h2><\/div>\n\n\n\n<p class=\"has-text-align-center\"><em>Evoluci\u00f3n constante en nuestras propuestas culinarias, tecnol\u00f3gicas y de dise\u00f1o.<\/em><\/p>\n<\/div><\/div><\/div>\n<\/div><\/div>\n\n\n\n<div class=\"wp-block-stackable-columns stk-block-columns stk-block stk-2a729fb\" data-block-id=\"2a729fb\"><div class=\"stk-row stk-inner-blocks stk-block-content stk-content-align stk-2a729fb-column\">\n<div class=\"wp-block-stackable-column stk-block-column stk-column stk-block stk-e10c133\" data-v=\"4\" data-block-id=\"e10c133\"><div class=\"stk-column-wrapper stk-block-column__content stk-container stk-e10c133-container stk--no-background stk--no-padding\"><div class=\"stk-block-content stk-inner-blocks stk-e10c133-inner-blocks\">\n<div class=\"wp-block-stackable-heading stk-block-heading stk-block-heading--v2 stk-block stk-564d04e\" id=\"respeto\" data-block-id=\"564d04e\"><h2 class=\"stk-block-heading__text has-text-align-center\">Respeto<\/h2><\/div>\n\n\n\n<p class=\"has-text-align-center\"><em>Valoramos a nuestro equipo, clientes, proveedores y el entorno que nos rodea.<\/em><\/p>\n<\/div><\/div><\/div>\n\n\n\n<div class=\"wp-block-stackable-column stk-block-column stk-column stk-block stk-0e04893\" data-v=\"4\" data-block-id=\"0e04893\"><div class=\"stk-column-wrapper stk-block-column__content stk-container stk-0e04893-container stk--no-background stk--no-padding\"><div class=\"stk-block-content stk-inner-blocks stk-0e04893-inner-blocks\">\n<div class=\"wp-block-stackable-heading stk-block-heading stk-block-heading--v2 stk-block stk-52251cc\" id=\"trabajo-en-equipo\" data-block-id=\"52251cc\"><h2 class=\"stk-block-heading__text has-text-align-center\">Trabajo en equipo<\/h2><\/div>\n\n\n\n<p class=\"has-text-align-center\"><em>La colaboraci\u00f3n es la base del \u00e9xito de nuestros m\u00faltiples negocios.<\/em><\/p>\n<\/div><\/div><\/div>\n\n\n\n<div class=\"wp-block-stackable-column stk-block-column stk-column stk-block stk-bb4ddae\" data-v=\"4\" data-block-id=\"bb4ddae\"><div class=\"stk-column-wrapper stk-block-column__content stk-container stk-bb4ddae-container stk--no-background stk--no-padding\"><div class=\"stk-block-content stk-inner-blocks stk-bb4ddae-inner-blocks\">\n<div class=\"wp-block-stackable-heading stk-block-heading stk-block-heading--v2 stk-block stk-7ff98ef\" id=\"autenticidad\" data-block-id=\"7ff98ef\"><h2 class=\"stk-block-heading__text has-text-align-center\">Autenticidad<\/h2><\/div>\n\n\n\n<p class=\"has-text-align-center\"><em>Cada marca refleja un estilo \u00fanico con identidad propia, sin perder el sello Nasim.<\/em><\/p>\n<\/div><\/div><\/div>\n<\/div><\/div>\n\n\n\n<h2 class=\"wp-block-heading has-text-align-center\" id=\"lo-que-nos-hace-diferentes\"><strong>Lo que nos hace diferentes<\/strong><\/h2>\n\n\n\n<p><em>Nasim Group es sin\u00f3nimo de identidad. Cada una de nuestras marcas tiene un alma propia, cuidadosamente dise\u00f1ada para ofrecer algo m\u00e1s que un producto o servicio: un momento para recordar. Ya sea en una cena frente al mar, un caf\u00e9 entre amigos, una estancia inolvidable o una experiencia hol\u00edstica, nuestra prioridad es generar emociones reales y duraderas.<\/em><\/p>\n\n\n\n<p><\/p>","protected":false},"excerpt":{"rendered":"<p>Un grupo con visi\u00f3n, pasi\u00f3n y prop\u00f3sito En Nasim Group somos una empresa integral dedicada a crear experiencias \u00fanicas a trav\u00e9s de conceptos innovadores en gastronom\u00eda, hospitalidad, bienestar y estilo de vida. Con presencia en Playa del Carmen, Quintana Roo, nuestro portafolio incluye una diversidad de marcas que se han convertido en referentes por su [&hellip;]<\/p>\n","protected":false},"author":3,"featured_media":0,"parent":0,"menu_order":0,"comment_status":"closed","ping_status":"closed","template":"","meta":{"_coblocks_attr":"","_coblocks_dimensions":"","_coblocks_responsive_height":"","_coblocks_accordion_ie_support":"","_gspb_post_css":"","two_page_speed":{"previous_score":{"status":"error_no_score"},"current_score":{"desktop_score":98,"desktop_tti":"1.2\u00a0","mobile_score":66,"mobile_tti":"6.4\u00a0","date":"28.04.2025 09:37:45 pm","status":"completed"}},"footnotes":""},"class_list":["post-422","page","type-page","status-publish","hentry"],"blocksy_meta":{"page_title_panel":"","has_hero_section":"disabled","ad325afbbb787ae7bf99ddf317024bd4":"","hero_section":"type-1","hero_elements":[{"id":"custom_title","enabled":true,"heading_tag":"h1","title":"Home"},{"id":"custom_description","enabled":true,"description_visibility":{"desktop":true,"tablet":true,"mobile":false}},{"id":"custom_meta","enabled":false,"meta_elements":[{"id":"author","enabled":true,"label":"By","has_author_avatar":"yes","avatar_size":25},{"id":"post_date","enabled":true,"label":"On","date_format_source":"default","date_format":"M j, Y"},{"id":"updated_date","enabled":false,"label":"On","date_format_source":"default","date_format":"M j, Y"},{"id":"categories","enabled":false,"label":"In","style":"simple"},{"id":"comments","enabled":true}],"page_meta_elements":{"joined":true,"articles_count":true,"comments":true}},{"id":"breadcrumbs","enabled":false}],"54c8ca3814d29b28b0c1ac8150b2e42a":"","hero_alignment1":"CT_CSS_SKIP_RULE","hero_margin":40,"hero_alignment2":"center","hero_vertical_alignment":"center","c595936b744da3de4c4f7a667f390c24":"","hero_structure":"narrow","a2b35d92272003fc7b6d404bbfd83b26":"","page_title_bg_type":"featured_image","custom_hero_background":{"attachment_id":null},"parallax":{"desktop":false,"tablet":false,"mobile":false},"cd2fa6ec3f8f5e7167d75079debcf8d0":"","hero_height":"250px","pageTitleFont":{"family":"Default","variation":"Default","size":"30px","line-height":"CT_CSS_SKIP_RULE","letter-spacing":"CT_CSS_SKIP_RULE","text-transform":"CT_CSS_SKIP_RULE","text-decoration":"CT_CSS_SKIP_RULE"},"pageTitleFontColor":{"default":{"color":"CT_CSS_SKIP_RULEDEFAULT"}},"pageMetaFont":{"family":"Default","variation":"n6","size":"12px","line-height":"1.3","letter-spacing":"CT_CSS_SKIP_RULE","text-transform":"uppercase","text-decoration":"CT_CSS_SKIP_RULE"},"pageMetaFontColor":{"default":{"color":"CT_CSS_SKIP_RULEDEFAULT"},"hover":{"color":"CT_CSS_SKIP_RULEDEFAULT"}},"page_meta_button_type_font_colors":{"default":{"color":"CT_CSS_SKIP_RULEDEFAULT"},"hover":{"color":"CT_CSS_SKIP_RULEDEFAULT"}},"page_meta_button_type_background_colors":{"default":{"color":"CT_CSS_SKIP_RULEDEFAULT"},"hover":{"color":"CT_CSS_SKIP_RULEDEFAULT"}},"pageExcerptFont":{"family":"Default","variation":"Default","size":"CT_CSS_SKIP_RULE","line-height":"CT_CSS_SKIP_RULE","letter-spacing":"CT_CSS_SKIP_RULE","text-transform":"CT_CSS_SKIP_RULE","text-decoration":"CT_CSS_SKIP_RULE"},"pageExcerptColor":{"default":{"color":"CT_CSS_SKIP_RULEDEFAULT"}},"breadcrumbsFont":{"family":"Default","variation":"Default","size":"CT_CSS_SKIP_RULE","line-height":"CT_CSS_SKIP_RULE","letter-spacing":"CT_CSS_SKIP_RULE","text-transform":"CT_CSS_SKIP_RULE","text-decoration":"CT_CSS_SKIP_RULE"},"breadcrumbsFontColor":{"default":{"color":"CT_CSS_SKIP_RULEDEFAULT"},"initial":{"color":"CT_CSS_SKIP_RULEDEFAULT"},"hover":{"color":"CT_CSS_SKIP_RULEDEFAULT"}},"pageTitleOverlay":{"background_type":"color","background_pattern":"type-1","background_image":{"attachment_id":null,"x":0,"y":0},"gradient":"linear-gradient(135deg,rgba(6,147,227,1) 0%,rgb(155,81,224) 100%)","background_repeat":"repeat","background_size":"auto","background_attachment":"scroll","patternColor":{"default":{"color":"#e5e7ea"}},"overlayColor":{"default":{"color":"CT_CSS_SKIP_RULE"}},"backgroundColor":{"default":{"color":"CT_CSS_SKIP_RULE"}}},"pageTitleBackground":{"background_type":"color","background_pattern":"type-1","background_image":{"attachment_id":null,"x":0,"y":0},"gradient":"linear-gradient(135deg,rgba(6,147,227,1) 0%,rgb(155,81,224) 100%)","background_repeat":"repeat","background_size":"auto","background_attachment":"scroll","patternColor":{"default":{"color":"#e5e7ea"}},"overlayColor":{"default":{"color":"CT_CSS_SKIP_RULE"}},"backgroundColor":{"default":{"color":"var(--theme-palette-color-6)"}}},"pageTitlePadding":{"top":"50px","bottom":"50px","left":"auto","right":"auto","linked":true},"4e644f0df3dc2bd54a2fd9c5f4811b02":"","page_structure_type":"default","8567a3a04c64060be6cb8429ab0da8d2":"","content_style_source":"inherit","content_style":"wide","vertical_spacing_source":"custom","content_area_spacing":"none","background":{"background_type":"color","background_pattern":"type-1","background_image":{"attachment_id":null,"x":0,"y":0},"gradient":"linear-gradient(135deg,rgba(6,147,227,1) 0%,rgb(155,81,224) 100%)","background_repeat":"repeat","background_size":"auto","background_attachment":"scroll","patternColor":{"default":{"color":"#e5e7ea"}},"overlayColor":{"default":{"color":"CT_CSS_SKIP_RULE"}},"backgroundColor":{"default":{"color":"CT_CSS_SKIP_RULE"}}},"content_background":{"background_type":"color","background_pattern":"type-1","background_image":{"attachment_id":null,"x":0,"y":0},"gradient":"linear-gradient(135deg,rgba(6,147,227,1) 0%,rgb(155,81,224) 100%)","background_repeat":"repeat","background_size":"auto","background_attachment":"scroll","patternColor":{"default":{"color":"#e5e7ea"}},"overlayColor":{"default":{"color":"CT_CSS_SKIP_RULE"}},"backgroundColor":{"default":{"color":"var(--theme-palette-color-8)"}}},"content_boxed_shadow":{"inherit":false,"blur":18,"spread":-6,"v_offset":12,"h_offset":0,"inset":false,"enable":true,"color":{"color":"rgba(34, 56, 101, 0.04)"}},"boxed_content_spacing":{"desktop":{"top":"40px","bottom":"40px","left":"40px","right":"40px","linked":true},"tablet":{"top":"35px","bottom":"35px","left":"35px","right":"35px","linked":true},"mobile":{"top":"20px","bottom":"20px","left":"20px","right":"20px","linked":true}},"content_boxed_radius":{"top":"3px","bottom":"3px","left":"3px","right":"3px","linked":true},"667936e8a6950c9590e92cff7730eecd":"","disable_featured_image":"no","disable_share_box":"no","disable_header":"no","disable_footer":"no","styles_descriptor":{"styles":{"desktop":"","tablet":"","mobile":""},"google_fonts":[],"version":6}},"yoast_head":"<!-- This site is optimized with the Yoast SEO plugin v27.4 - https:\/\/yoast.com\/product\/yoast-seo-wordpress\/ -->\n<title>\u00bfQui\u00e9nes somos? - Nasim Group<\/title>\n<meta name=\"robots\" content=\"index, follow, max-snippet:-1, max-image-preview:large, max-video-preview:-1\" \/>\n<link rel=\"canonical\" href=\"https:\/\/nasimgroup.com.mx\/en\/contact\/\" \/>\n<meta property=\"og:locale\" content=\"en_US\" \/>\n<meta property=\"og:type\" content=\"article\" \/>\n<meta property=\"og:title\" content=\"\u00bfQui\u00e9nes somos? - Nasim Group\" \/>\n<meta property=\"og:description\" content=\"Un grupo con visi\u00f3n, pasi\u00f3n y prop\u00f3sito En Nasim Group somos una empresa integral dedicada a crear experiencias \u00fanicas a trav\u00e9s de conceptos innovadores en gastronom\u00eda, hospitalidad, bienestar y estilo de vida. Con presencia en Playa del Carmen, Quintana Roo, nuestro portafolio incluye una diversidad de marcas que se han convertido en referentes por su [&hellip;]\" \/>\n<meta property=\"og:url\" content=\"https:\/\/nasimgroup.com.mx\/en\/contact\/\" \/>\n<meta property=\"og:site_name\" content=\"Nasim Group\" \/>\n<meta property=\"article:publisher\" content=\"https:\/\/www.facebook.com\/profile.php?id=100064141266150\" \/>\n<meta property=\"article:modified_time\" content=\"2025-04-28T21:35:52+00:00\" \/>\n<meta name=\"twitter:card\" content=\"summary_large_image\" \/>\n<meta name=\"twitter:label1\" content=\"Est. reading time\" \/>\n\t<meta name=\"twitter:data1\" content=\"2 minutes\" \/>\n<script type=\"application\/ld+json\" class=\"yoast-schema-graph\">{\"@context\":\"https:\\\/\\\/schema.org\",\"@graph\":[{\"@type\":\"WebPage\",\"@id\":\"https:\\\/\\\/nasimgroup.com.mx\\\/contact\\\/\",\"url\":\"https:\\\/\\\/nasimgroup.com.mx\\\/contact\\\/\",\"name\":\"\u00bfQui\u00e9nes somos? - Nasim Group\",\"isPartOf\":{\"@id\":\"https:\\\/\\\/nasimgroup.com.mx\\\/en\\\/#website\"},\"datePublished\":\"2022-03-12T07:03:31+00:00\",\"dateModified\":\"2025-04-28T21:35:52+00:00\",\"breadcrumb\":{\"@id\":\"https:\\\/\\\/nasimgroup.com.mx\\\/contact\\\/#breadcrumb\"},\"inLanguage\":\"en-US\",\"potentialAction\":[{\"@type\":\"ReadAction\",\"target\":[\"https:\\\/\\\/nasimgroup.com.mx\\\/contact\\\/\"]}]},{\"@type\":\"BreadcrumbList\",\"@id\":\"https:\\\/\\\/nasimgroup.com.mx\\\/contact\\\/#breadcrumb\",\"itemListElement\":[{\"@type\":\"ListItem\",\"position\":1,\"name\":\"Home\",\"item\":\"https:\\\/\\\/nasimgroup.com.mx\\\/\"},{\"@type\":\"ListItem\",\"position\":2,\"name\":\"\u00bfQui\u00e9nes somos?\"}]},{\"@type\":\"WebSite\",\"@id\":\"https:\\\/\\\/nasimgroup.com.mx\\\/en\\\/#website\",\"url\":\"https:\\\/\\\/nasimgroup.com.mx\\\/en\\\/\",\"name\":\"Nasim Group\",\"description\":\"\",\"publisher\":{\"@id\":\"https:\\\/\\\/nasimgroup.com.mx\\\/en\\\/#organization\"},\"alternateName\":\"NasimGroup\",\"potentialAction\":[{\"@type\":\"SearchAction\",\"target\":{\"@type\":\"EntryPoint\",\"urlTemplate\":\"https:\\\/\\\/nasimgroup.com.mx\\\/en\\\/?s={search_term_string}\"},\"query-input\":{\"@type\":\"PropertyValueSpecification\",\"valueRequired\":true,\"valueName\":\"search_term_string\"}}],\"inLanguage\":\"en-US\"},{\"@type\":\"Organization\",\"@id\":\"https:\\\/\\\/nasimgroup.com.mx\\\/en\\\/#organization\",\"name\":\"NasimGroup\",\"url\":\"https:\\\/\\\/nasimgroup.com.mx\\\/en\\\/\",\"logo\":{\"@type\":\"ImageObject\",\"inLanguage\":\"en-US\",\"@id\":\"https:\\\/\\\/nasimgroup.com.mx\\\/en\\\/#\\\/schema\\\/logo\\\/image\\\/\",\"url\":\"http:\\\/\\\/nasimgroup.com.mx\\\/wp-content\\\/uploads\\\/2025\\\/04\\\/cropped-LOGO_NASIM_NEGRO-1.png\",\"contentUrl\":\"http:\\\/\\\/nasimgroup.com.mx\\\/wp-content\\\/uploads\\\/2025\\\/04\\\/cropped-LOGO_NASIM_NEGRO-1.png\",\"width\":512,\"height\":512,\"caption\":\"NasimGroup\"},\"image\":{\"@id\":\"https:\\\/\\\/nasimgroup.com.mx\\\/en\\\/#\\\/schema\\\/logo\\\/image\\\/\"},\"sameAs\":[\"https:\\\/\\\/www.facebook.com\\\/profile.php?id=100064141266150\",\"https:\\\/\\\/www.instagram.com\\\/nasimgroup\\\/\"]}]}<\/script>\n<!-- \/ Yoast SEO plugin. -->","yoast_head_json":{"title":"\u00bfQui\u00e9nes somos? - Nasim Group","robots":{"index":"index","follow":"follow","max-snippet":"max-snippet:-1","max-image-preview":"max-image-preview:large","max-video-preview":"max-video-preview:-1"},"canonical":"https:\/\/nasimgroup.com.mx\/en\/contact\/","og_locale":"en_US","og_type":"article","og_title":"\u00bfQui\u00e9nes somos? - Nasim Group","og_description":"Un grupo con visi\u00f3n, pasi\u00f3n y prop\u00f3sito En Nasim Group somos una empresa integral dedicada a crear experiencias \u00fanicas a trav\u00e9s de conceptos innovadores en gastronom\u00eda, hospitalidad, bienestar y estilo de vida. Con presencia en Playa del Carmen, Quintana Roo, nuestro portafolio incluye una diversidad de marcas que se han convertido en referentes por su [&hellip;]","og_url":"https:\/\/nasimgroup.com.mx\/en\/contact\/","og_site_name":"Nasim Group","article_publisher":"https:\/\/www.facebook.com\/profile.php?id=100064141266150","article_modified_time":"2025-04-28T21:35:52+00:00","twitter_card":"summary_large_image","twitter_misc":{"Est. reading time":"2 minutes"},"schema":{"@context":"https:\/\/schema.org","@graph":[{"@type":"WebPage","@id":"https:\/\/nasimgroup.com.mx\/contact\/","url":"https:\/\/nasimgroup.com.mx\/contact\/","name":"\u00bfQui\u00e9nes somos? - Nasim Group","isPartOf":{"@id":"https:\/\/nasimgroup.com.mx\/en\/#website"},"datePublished":"2022-03-12T07:03:31+00:00","dateModified":"2025-04-28T21:35:52+00:00","breadcrumb":{"@id":"https:\/\/nasimgroup.com.mx\/contact\/#breadcrumb"},"inLanguage":"en-US","potentialAction":[{"@type":"ReadAction","target":["https:\/\/nasimgroup.com.mx\/contact\/"]}]},{"@type":"BreadcrumbList","@id":"https:\/\/nasimgroup.com.mx\/contact\/#breadcrumb","itemListElement":[{"@type":"ListItem","position":1,"name":"Home","item":"https:\/\/nasimgroup.com.mx\/"},{"@type":"ListItem","position":2,"name":"\u00bfQui\u00e9nes somos?"}]},{"@type":"WebSite","@id":"https:\/\/nasimgroup.com.mx\/en\/#website","url":"https:\/\/nasimgroup.com.mx\/en\/","name":"Nasim Group","description":"","publisher":{"@id":"https:\/\/nasimgroup.com.mx\/en\/#organization"},"alternateName":"NasimGroup","potentialAction":[{"@type":"SearchAction","target":{"@type":"EntryPoint","urlTemplate":"https:\/\/nasimgroup.com.mx\/en\/?s={search_term_string}"},"query-input":{"@type":"PropertyValueSpecification","valueRequired":true,"valueName":"search_term_string"}}],"inLanguage":"en-US"},{"@type":"Organization","@id":"https:\/\/nasimgroup.com.mx\/en\/#organization","name":"NasimGroup","url":"https:\/\/nasimgroup.com.mx\/en\/","logo":{"@type":"ImageObject","inLanguage":"en-US","@id":"https:\/\/nasimgroup.com.mx\/en\/#\/schema\/logo\/image\/","url":"http:\/\/nasimgroup.com.mx\/wp-content\/uploads\/2025\/04\/cropped-LOGO_NASIM_NEGRO-1.png","contentUrl":"http:\/\/nasimgroup.com.mx\/wp-content\/uploads\/2025\/04\/cropped-LOGO_NASIM_NEGRO-1.png","width":512,"height":512,"caption":"NasimGroup"},"image":{"@id":"https:\/\/nasimgroup.com.mx\/en\/#\/schema\/logo\/image\/"},"sameAs":["https:\/\/www.facebook.com\/profile.php?id=100064141266150","https:\/\/www.instagram.com\/nasimgroup\/"]}]}},"jetpack_sharing_enabled":true,"_links":{"self":[{"href":"https:\/\/nasimgroup.com.mx\/en\/wp-json\/wp\/v2\/pages\/422","targetHints":{"allow":["GET"]}}],"collection":[{"href":"https:\/\/nasimgroup.com.mx\/en\/wp-json\/wp\/v2\/pages"}],"about":[{"href":"https:\/\/nasimgroup.com.mx\/en\/wp-json\/wp\/v2\/types\/page"}],"author":[{"embeddable":true,"href":"https:\/\/nasimgroup.com.mx\/en\/wp-json\/wp\/v2\/users\/3"}],"replies":[{"embeddable":true,"href":"https:\/\/nasimgroup.com.mx\/en\/wp-json\/wp\/v2\/comments?post=422"}],"version-history":[{"count":2,"href":"https:\/\/nasimgroup.com.mx\/en\/wp-json\/wp\/v2\/pages\/422\/revisions"}],"predecessor-version":[{"id":1573,"href":"https:\/\/nasimgroup.com.mx\/en\/wp-json\/wp\/v2\/pages\/422\/revisions\/1573"}],"wp:attachment":[{"href":"https:\/\/nasimgroup.com.mx\/en\/wp-json\/wp\/v2\/media?parent=422"}],"curies":[{"name":"wp","href":"https:\/\/api.w.org\/{rel}","templated":true}]}}