{"id":669,"date":"2025-04-04T16:23:58","date_gmt":"2025-04-04T16:23:58","guid":{"rendered":"https:\/\/nasimgroup.com.mx\/?page_id=669"},"modified":"2025-04-14T17:58:55","modified_gmt":"2025-04-14T17:58:55","slug":"restaurantes-2","status":"publish","type":"page","link":"https:\/\/nasimgroup.com.mx\/en\/restaurantes-2\/","title":{"rendered":"Restaurantes"},"content":{"rendered":"<h1 class=\"wp-block-heading has-text-align-center\" id=\"nuestros-restaurantes\"><span style=\"color: #ffffff;\" class=\"stk-highlight\">Nuestros Restaurantes<\/span><\/h1>\n\n\n\n<div class=\"wp-block-stackable-columns stk-block-columns stk-block stk-2af50d0\" data-block-id=\"2af50d0\"><div class=\"stk-row stk-inner-blocks stk-block-content stk-content-align stk-2af50d0-column\">\n<div class=\"wp-block-stackable-column stk-block-column stk-column stk-block stk-568c154\" data-v=\"4\" data-block-id=\"568c154\"><div class=\"stk-column-wrapper stk-block-column__content stk-container stk-568c154-container stk--no-background stk--no-padding\"><div class=\"stk-block-content stk-inner-blocks stk-568c154-inner-blocks\">\n<div class=\"wp-block-cover\"><span aria-hidden=\"true\" class=\"wp-block-cover__background has-background-dim\"><\/span><img fetchpriority=\"high\" decoding=\"async\" width=\"427\" height=\"1024\" class=\"wp-block-cover__image-background wp-image-769\" alt=\"\" src=\"http:\/\/nasimgroup.com.mx\/wp-content\/uploads\/2025\/04\/Fondos_Mesa-de-trabajo-1-427x1024.png\" style=\"object-position:41% 38%\" data-object-fit=\"cover\" data-object-position=\"41% 38%\" srcset=\"https:\/\/nasimgroup.com.mx\/wp-content\/uploads\/2025\/04\/Fondos_Mesa-de-trabajo-1-427x1024.png 427w, https:\/\/nasimgroup.com.mx\/wp-content\/uploads\/2025\/04\/Fondos_Mesa-de-trabajo-1-125x300.png 125w, https:\/\/nasimgroup.com.mx\/wp-content\/uploads\/2025\/04\/Fondos_Mesa-de-trabajo-1-768x1843.png 768w, https:\/\/nasimgroup.com.mx\/wp-content\/uploads\/2025\/04\/Fondos_Mesa-de-trabajo-1-640x1536.png 640w, https:\/\/nasimgroup.com.mx\/wp-content\/uploads\/2025\/04\/Fondos_Mesa-de-trabajo-1-853x2048.png 853w, https:\/\/nasimgroup.com.mx\/wp-content\/uploads\/2025\/04\/Fondos_Mesa-de-trabajo-1-5x12.png 5w, https:\/\/nasimgroup.com.mx\/wp-content\/uploads\/2025\/04\/Fondos_Mesa-de-trabajo-1-600x1440.png 600w, https:\/\/nasimgroup.com.mx\/wp-content\/uploads\/2025\/04\/Fondos_Mesa-de-trabajo-1.png 1875w\" sizes=\"(max-width: 427px) 100vw, 427px\" \/><div class=\"wp-block-cover__inner-container is-layout-flow wp-block-cover-is-layout-flow\">\n<p class=\"has-text-align-center has-times-new-roman-font-family has-large-font-size has-custom-font\" style=\"font-family:Times New Roman\"><a href=\"http:\/\/nasimgroup.com.mx\/en\/mandarinas-cafe\/\"><span style=\"color: #ffffff;\" class=\"stk-highlight\">Mandarina\u00b4s Caf\u00e9<\/span><\/a><\/p>\n<\/div><\/div>\n<\/div><\/div><\/div>\n\n\n\n<div class=\"wp-block-stackable-column stk-block-column stk-column stk-block stk-4c29684\" data-v=\"4\" data-block-id=\"4c29684\"><div class=\"stk-column-wrapper stk-block-column__content stk-container stk-4c29684-container stk--no-background stk--no-padding\"><div class=\"stk-block-content stk-inner-blocks stk-4c29684-inner-blocks\">\n<div class=\"wp-block-cover\"><span aria-hidden=\"true\" class=\"wp-block-cover__background has-background-dim\"><\/span><img decoding=\"async\" width=\"427\" height=\"1024\" class=\"wp-block-cover__image-background wp-image-770\" alt=\"\" src=\"http:\/\/nasimgroup.com.mx\/wp-content\/uploads\/2025\/04\/Fondos-02-427x1024.png\" style=\"object-position:50% 54%\" data-object-fit=\"cover\" data-object-position=\"50% 54%\" srcset=\"https:\/\/nasimgroup.com.mx\/wp-content\/uploads\/2025\/04\/Fondos-02-427x1024.png 427w, https:\/\/nasimgroup.com.mx\/wp-content\/uploads\/2025\/04\/Fondos-02-125x300.png 125w, https:\/\/nasimgroup.com.mx\/wp-content\/uploads\/2025\/04\/Fondos-02-768x1843.png 768w, https:\/\/nasimgroup.com.mx\/wp-content\/uploads\/2025\/04\/Fondos-02-640x1536.png 640w, https:\/\/nasimgroup.com.mx\/wp-content\/uploads\/2025\/04\/Fondos-02-853x2048.png 853w, https:\/\/nasimgroup.com.mx\/wp-content\/uploads\/2025\/04\/Fondos-02-5x12.png 5w, https:\/\/nasimgroup.com.mx\/wp-content\/uploads\/2025\/04\/Fondos-02-600x1440.png 600w, https:\/\/nasimgroup.com.mx\/wp-content\/uploads\/2025\/04\/Fondos-02.png 1875w\" sizes=\"(max-width: 427px) 100vw, 427px\" \/><div class=\"wp-block-cover__inner-container is-layout-flow wp-block-cover-is-layout-flow\">\n<p class=\"has-text-align-center has-times-new-roman-font-family has-large-font-size has-custom-font\" style=\"font-family:Times New Roman\"><a href=\"http:\/\/nasimgroup.com.mx\/en\/negroamaro-piano-bar\/\"><span style=\"color: #ffffff;\" class=\"stk-highlight\">Negroamaro Piano Bar<\/span><\/a><\/p>\n<\/div><\/div>\n<\/div><\/div><\/div>\n\n\n\n<div class=\"wp-block-stackable-column stk-block-column stk-column stk-block stk-c811f8e\" data-v=\"4\" data-block-id=\"c811f8e\"><div class=\"stk-column-wrapper stk-block-column__content stk-container stk-c811f8e-container stk--no-background stk--no-padding\"><div class=\"stk-block-content stk-inner-blocks stk-c811f8e-inner-blocks\">\n<div class=\"wp-block-cover\"><span aria-hidden=\"true\" class=\"wp-block-cover__background has-background-dim\"><\/span><img decoding=\"async\" width=\"576\" height=\"1024\" class=\"wp-block-cover__image-background wp-image-1049\" alt=\"\" src=\"http:\/\/nasimgroup.com.mx\/wp-content\/uploads\/2025\/04\/IMG_1969-576x1024.jpg\" style=\"object-position:64% 27%\" data-object-fit=\"cover\" data-object-position=\"64% 27%\" srcset=\"https:\/\/nasimgroup.com.mx\/wp-content\/uploads\/2025\/04\/IMG_1969-576x1024.jpg 576w, https:\/\/nasimgroup.com.mx\/wp-content\/uploads\/2025\/04\/IMG_1969-169x300.jpg 169w, https:\/\/nasimgroup.com.mx\/wp-content\/uploads\/2025\/04\/IMG_1969-768x1365.jpg 768w, https:\/\/nasimgroup.com.mx\/wp-content\/uploads\/2025\/04\/IMG_1969-864x1536.jpg 864w, https:\/\/nasimgroup.com.mx\/wp-content\/uploads\/2025\/04\/IMG_1969-1152x2048.jpg 1152w, https:\/\/nasimgroup.com.mx\/wp-content\/uploads\/2025\/04\/IMG_1969-7x12.jpg 7w, https:\/\/nasimgroup.com.mx\/wp-content\/uploads\/2025\/04\/IMG_1969-600x1067.jpg 600w, https:\/\/nasimgroup.com.mx\/wp-content\/uploads\/2025\/04\/IMG_1969-scaled.jpg 1440w\" sizes=\"(max-width: 576px) 100vw, 576px\" \/><div class=\"wp-block-cover__inner-container is-layout-flow wp-block-cover-is-layout-flow\">\n<p class=\"has-text-align-center has-times-new-roman-font-family has-large-font-size has-custom-font\" style=\"font-family:Times New Roman\"><a href=\"http:\/\/nasimgroup.com.mx\/en\/boston-grill-wine-and-cigar-bar\/\"><span style=\"color: #ffffff;\" class=\"stk-highlight\">Boston Grill Wine and Cigar Bar<br><\/span><\/a><br><\/p>\n<\/div><\/div>\n<\/div><\/div><\/div>\n<\/div><\/div>\n\n\n\n<div class=\"wp-block-stackable-columns stk-block-columns stk-block stk-720ed43\" data-block-id=\"720ed43\"><div class=\"stk-row stk-inner-blocks stk-block-content stk-content-align stk-720ed43-column\">\n<div class=\"wp-block-stackable-column stk-block-column stk-column stk-block stk-fc3320d\" data-v=\"4\" data-block-id=\"fc3320d\"><div class=\"stk-column-wrapper stk-block-column__content stk-container stk-fc3320d-container stk--no-background stk--no-padding\"><div class=\"stk-block-content stk-inner-blocks stk-fc3320d-inner-blocks\">\n<div class=\"wp-block-stackable-heading stk-block-heading stk-block-heading--v2 stk-block stk-4ec5fb3\" id=\"span-style-color-fcfcfc-class-stk-highlight-pasion-por-la-calidad-span\" data-block-id=\"4ec5fb3\"><h2 class=\"stk-block-heading__text has-text-align-center\"><span style=\"color: #fcfcfc;\" class=\"stk-highlight\">Pasi\u00f3n por la calidad<\/span><\/h2><\/div>\n\n\n\n<p class=\"has-text-align-center\">Cada plato est\u00e1 preparado con ingredientes frescos, seleccionados cuidadosamente para ofrecer una experiencia gastron\u00f3mica aut\u00e9ntica, sin importar el estilo de cocina.<\/p>\n<\/div><\/div><\/div>\n\n\n\n<div class=\"wp-block-stackable-column stk-block-column stk-column stk-block stk-8261cbb\" data-v=\"4\" data-block-id=\"8261cbb\"><div class=\"stk-column-wrapper stk-block-column__content stk-container stk-8261cbb-container stk--no-background stk--no-padding\"><div class=\"stk-block-content stk-inner-blocks stk-8261cbb-inner-blocks\">\n<div class=\"wp-block-stackable-heading stk-block-heading stk-block-heading--v2 stk-block stk-2d96624\" id=\"span-style-color-ffffff-class-stk-highlight-espacios-con-identidad-y-diseno-span\" data-block-id=\"2d96624\"><h2 class=\"stk-block-heading__text has-text-align-center\"><span style=\"color: #ffffff;\" class=\"stk-highlight\">Espacios con identidad y dise\u00f1o<\/span><\/h2><\/div>\n\n\n\n<p class=\"has-text-align-center\">Cada restaurante tiene su propia esencia, pero todos comparten una atm\u00f3sfera acogedora, bien pensada y est\u00e9ticamente cuidada, ideal para disfrutar desde un caf\u00e9 tranquilo hasta una cena sofisticada.<\/p>\n<\/div><\/div><\/div>\n\n\n\n<div class=\"wp-block-stackable-column stk-block-column stk-column stk-block stk-28f7027\" data-v=\"4\" data-block-id=\"28f7027\"><div class=\"stk-column-wrapper stk-block-column__content stk-container stk-28f7027-container stk--no-background stk--no-padding\"><div class=\"stk-block-content stk-inner-blocks stk-28f7027-inner-blocks\">\n<div class=\"wp-block-stackable-heading stk-block-heading stk-block-heading--v2 stk-block stk-3a0439b\" id=\"span-style-color-f-0-f-0-f-0-class-stk-highlight-ubicacion-privilegiada-span\" data-block-id=\"3a0439b\"><h2 class=\"stk-block-heading__text has-text-align-center\"><span style=\"color: #f0f0f0;\" class=\"stk-highlight\">Ubicaci\u00f3n privilegiada<\/span><\/h2><\/div>\n\n\n\n<p class=\"has-text-align-center\">Todos nuestros restaurantes se encuentran estrat\u00e9gicamente ubicados en el coraz\u00f3n de Playa del Carmen, a pocos pasos de la vibrante Quinta Avenida, zonas hoteleras y puntos clave de la ciudad.<span style=\"color: #f0f0f0;\" class=\"stk-highlight\"> <\/span><\/p>\n<\/div><\/div><\/div>\n<\/div><\/div>\n\n\n\n<p class=\"has-text-align-center\"><\/p>\n\n\n\n<p><\/p>","protected":false},"excerpt":{"rendered":"<p>Nuestros Restaurantes Pasi\u00f3n por la calidad Cada plato est\u00e1 preparado con ingredientes frescos, seleccionados cuidadosamente para ofrecer una experiencia gastron\u00f3mica aut\u00e9ntica, sin importar el estilo de cocina. Espacios con identidad y dise\u00f1o Cada restaurante tiene su propia esencia, pero todos comparten una atm\u00f3sfera acogedora, bien pensada y est\u00e9ticamente cuidada, ideal para disfrutar desde un caf\u00e9 [&hellip;]<\/p>\n","protected":false},"author":3,"featured_media":0,"parent":0,"menu_order":0,"comment_status":"closed","ping_status":"closed","template":"","meta":{"_coblocks_attr":"Times New Roman,Times New Roman","_coblocks_dimensions":"","_coblocks_responsive_height":"","_coblocks_accordion_ie_support":"","_gspb_post_css":"","two_page_speed":[],"footnotes":""},"class_list":["post-669","page","type-page","status-publish","hentry"],"blocksy_meta":[],"yoast_head":"<!-- This site is optimized with the Yoast SEO plugin v27.4 - https:\/\/yoast.com\/product\/yoast-seo-wordpress\/ -->\n<title>Restaurantes - Nasim Group<\/title>\n<meta name=\"robots\" content=\"index, follow, max-snippet:-1, max-image-preview:large, max-video-preview:-1\" \/>\n<link rel=\"canonical\" href=\"https:\/\/nasimgroup.com.mx\/en\/restaurantes-2\/\" \/>\n<meta property=\"og:locale\" content=\"en_US\" \/>\n<meta property=\"og:type\" content=\"article\" \/>\n<meta property=\"og:title\" content=\"Restaurantes - Nasim Group\" \/>\n<meta property=\"og:description\" content=\"Nuestros Restaurantes Pasi\u00f3n por la calidad Cada plato est\u00e1 preparado con ingredientes frescos, seleccionados cuidadosamente para ofrecer una experiencia gastron\u00f3mica aut\u00e9ntica, sin importar el estilo de cocina. Espacios con identidad y dise\u00f1o Cada restaurante tiene su propia esencia, pero todos comparten una atm\u00f3sfera acogedora, bien pensada y est\u00e9ticamente cuidada, ideal para disfrutar desde un caf\u00e9 [&hellip;]\" \/>\n<meta property=\"og:url\" content=\"https:\/\/nasimgroup.com.mx\/en\/restaurantes-2\/\" \/>\n<meta property=\"og:site_name\" content=\"Nasim Group\" \/>\n<meta property=\"article:publisher\" content=\"https:\/\/www.facebook.com\/profile.php?id=100064141266150\" \/>\n<meta property=\"article:modified_time\" content=\"2025-04-14T17:58:55+00:00\" \/>\n<meta property=\"og:image\" content=\"http:\/\/nasimgroup.com.mx\/wp-content\/uploads\/2025\/04\/Fondos_Mesa-de-trabajo-1-427x1024.png\" \/>\n<meta name=\"twitter:card\" content=\"summary_large_image\" \/>\n<meta name=\"twitter:label1\" content=\"Est. reading time\" \/>\n\t<meta name=\"twitter:data1\" content=\"2 minutes\" \/>\n<script type=\"application\/ld+json\" class=\"yoast-schema-graph\">{\"@context\":\"https:\\\/\\\/schema.org\",\"@graph\":[{\"@type\":\"WebPage\",\"@id\":\"https:\\\/\\\/nasimgroup.com.mx\\\/restaurantes-2\\\/\",\"url\":\"https:\\\/\\\/nasimgroup.com.mx\\\/restaurantes-2\\\/\",\"name\":\"Restaurantes - Nasim Group\",\"isPartOf\":{\"@id\":\"https:\\\/\\\/nasimgroup.com.mx\\\/en\\\/#website\"},\"primaryImageOfPage\":{\"@id\":\"https:\\\/\\\/nasimgroup.com.mx\\\/restaurantes-2\\\/#primaryimage\"},\"image\":{\"@id\":\"https:\\\/\\\/nasimgroup.com.mx\\\/restaurantes-2\\\/#primaryimage\"},\"thumbnailUrl\":\"http:\\\/\\\/nasimgroup.com.mx\\\/wp-content\\\/uploads\\\/2025\\\/04\\\/Fondos_Mesa-de-trabajo-1-427x1024.png\",\"datePublished\":\"2025-04-04T16:23:58+00:00\",\"dateModified\":\"2025-04-14T17:58:55+00:00\",\"breadcrumb\":{\"@id\":\"https:\\\/\\\/nasimgroup.com.mx\\\/restaurantes-2\\\/#breadcrumb\"},\"inLanguage\":\"en-US\",\"potentialAction\":[{\"@type\":\"ReadAction\",\"target\":[\"https:\\\/\\\/nasimgroup.com.mx\\\/restaurantes-2\\\/\"]}]},{\"@type\":\"ImageObject\",\"inLanguage\":\"en-US\",\"@id\":\"https:\\\/\\\/nasimgroup.com.mx\\\/restaurantes-2\\\/#primaryimage\",\"url\":\"http:\\\/\\\/nasimgroup.com.mx\\\/wp-content\\\/uploads\\\/2025\\\/04\\\/Fondos_Mesa-de-trabajo-1-427x1024.png\",\"contentUrl\":\"http:\\\/\\\/nasimgroup.com.mx\\\/wp-content\\\/uploads\\\/2025\\\/04\\\/Fondos_Mesa-de-trabajo-1-427x1024.png\"},{\"@type\":\"BreadcrumbList\",\"@id\":\"https:\\\/\\\/nasimgroup.com.mx\\\/restaurantes-2\\\/#breadcrumb\",\"itemListElement\":[{\"@type\":\"ListItem\",\"position\":1,\"name\":\"Home\",\"item\":\"https:\\\/\\\/nasimgroup.com.mx\\\/\"},{\"@type\":\"ListItem\",\"position\":2,\"name\":\"Restaurantes\"}]},{\"@type\":\"WebSite\",\"@id\":\"https:\\\/\\\/nasimgroup.com.mx\\\/en\\\/#website\",\"url\":\"https:\\\/\\\/nasimgroup.com.mx\\\/en\\\/\",\"name\":\"Nasim Group\",\"description\":\"\",\"publisher\":{\"@id\":\"https:\\\/\\\/nasimgroup.com.mx\\\/en\\\/#organization\"},\"alternateName\":\"NasimGroup\",\"potentialAction\":[{\"@type\":\"SearchAction\",\"target\":{\"@type\":\"EntryPoint\",\"urlTemplate\":\"https:\\\/\\\/nasimgroup.com.mx\\\/en\\\/?s={search_term_string}\"},\"query-input\":{\"@type\":\"PropertyValueSpecification\",\"valueRequired\":true,\"valueName\":\"search_term_string\"}}],\"inLanguage\":\"en-US\"},{\"@type\":\"Organization\",\"@id\":\"https:\\\/\\\/nasimgroup.com.mx\\\/en\\\/#organization\",\"name\":\"NasimGroup\",\"url\":\"https:\\\/\\\/nasimgroup.com.mx\\\/en\\\/\",\"logo\":{\"@type\":\"ImageObject\",\"inLanguage\":\"en-US\",\"@id\":\"https:\\\/\\\/nasimgroup.com.mx\\\/en\\\/#\\\/schema\\\/logo\\\/image\\\/\",\"url\":\"http:\\\/\\\/nasimgroup.com.mx\\\/wp-content\\\/uploads\\\/2025\\\/04\\\/cropped-LOGO_NASIM_NEGRO-1.png\",\"contentUrl\":\"http:\\\/\\\/nasimgroup.com.mx\\\/wp-content\\\/uploads\\\/2025\\\/04\\\/cropped-LOGO_NASIM_NEGRO-1.png\",\"width\":512,\"height\":512,\"caption\":\"NasimGroup\"},\"image\":{\"@id\":\"https:\\\/\\\/nasimgroup.com.mx\\\/en\\\/#\\\/schema\\\/logo\\\/image\\\/\"},\"sameAs\":[\"https:\\\/\\\/www.facebook.com\\\/profile.php?id=100064141266150\",\"https:\\\/\\\/www.instagram.com\\\/nasimgroup\\\/\"]}]}<\/script>\n<!-- \/ Yoast SEO plugin. -->","yoast_head_json":{"title":"Restaurantes - Nasim Group","robots":{"index":"index","follow":"follow","max-snippet":"max-snippet:-1","max-image-preview":"max-image-preview:large","max-video-preview":"max-video-preview:-1"},"canonical":"https:\/\/nasimgroup.com.mx\/en\/restaurantes-2\/","og_locale":"en_US","og_type":"article","og_title":"Restaurantes - Nasim Group","og_description":"Nuestros Restaurantes Pasi\u00f3n por la calidad Cada plato est\u00e1 preparado con ingredientes frescos, seleccionados cuidadosamente para ofrecer una experiencia gastron\u00f3mica aut\u00e9ntica, sin importar el estilo de cocina. Espacios con identidad y dise\u00f1o Cada restaurante tiene su propia esencia, pero todos comparten una atm\u00f3sfera acogedora, bien pensada y est\u00e9ticamente cuidada, ideal para disfrutar desde un caf\u00e9 [&hellip;]","og_url":"https:\/\/nasimgroup.com.mx\/en\/restaurantes-2\/","og_site_name":"Nasim Group","article_publisher":"https:\/\/www.facebook.com\/profile.php?id=100064141266150","article_modified_time":"2025-04-14T17:58:55+00:00","og_image":[{"url":"http:\/\/nasimgroup.com.mx\/wp-content\/uploads\/2025\/04\/Fondos_Mesa-de-trabajo-1-427x1024.png","type":"","width":"","height":""}],"twitter_card":"summary_large_image","twitter_misc":{"Est. reading time":"2 minutes"},"schema":{"@context":"https:\/\/schema.org","@graph":[{"@type":"WebPage","@id":"https:\/\/nasimgroup.com.mx\/restaurantes-2\/","url":"https:\/\/nasimgroup.com.mx\/restaurantes-2\/","name":"Restaurantes - Nasim Group","isPartOf":{"@id":"https:\/\/nasimgroup.com.mx\/en\/#website"},"primaryImageOfPage":{"@id":"https:\/\/nasimgroup.com.mx\/restaurantes-2\/#primaryimage"},"image":{"@id":"https:\/\/nasimgroup.com.mx\/restaurantes-2\/#primaryimage"},"thumbnailUrl":"http:\/\/nasimgroup.com.mx\/wp-content\/uploads\/2025\/04\/Fondos_Mesa-de-trabajo-1-427x1024.png","datePublished":"2025-04-04T16:23:58+00:00","dateModified":"2025-04-14T17:58:55+00:00","breadcrumb":{"@id":"https:\/\/nasimgroup.com.mx\/restaurantes-2\/#breadcrumb"},"inLanguage":"en-US","potentialAction":[{"@type":"ReadAction","target":["https:\/\/nasimgroup.com.mx\/restaurantes-2\/"]}]},{"@type":"ImageObject","inLanguage":"en-US","@id":"https:\/\/nasimgroup.com.mx\/restaurantes-2\/#primaryimage","url":"http:\/\/nasimgroup.com.mx\/wp-content\/uploads\/2025\/04\/Fondos_Mesa-de-trabajo-1-427x1024.png","contentUrl":"http:\/\/nasimgroup.com.mx\/wp-content\/uploads\/2025\/04\/Fondos_Mesa-de-trabajo-1-427x1024.png"},{"@type":"BreadcrumbList","@id":"https:\/\/nasimgroup.com.mx\/restaurantes-2\/#breadcrumb","itemListElement":[{"@type":"ListItem","position":1,"name":"Home","item":"https:\/\/nasimgroup.com.mx\/"},{"@type":"ListItem","position":2,"name":"Restaurantes"}]},{"@type":"WebSite","@id":"https:\/\/nasimgroup.com.mx\/en\/#website","url":"https:\/\/nasimgroup.com.mx\/en\/","name":"Nasim Group","description":"","publisher":{"@id":"https:\/\/nasimgroup.com.mx\/en\/#organization"},"alternateName":"NasimGroup","potentialAction":[{"@type":"SearchAction","target":{"@type":"EntryPoint","urlTemplate":"https:\/\/nasimgroup.com.mx\/en\/?s={search_term_string}"},"query-input":{"@type":"PropertyValueSpecification","valueRequired":true,"valueName":"search_term_string"}}],"inLanguage":"en-US"},{"@type":"Organization","@id":"https:\/\/nasimgroup.com.mx\/en\/#organization","name":"NasimGroup","url":"https:\/\/nasimgroup.com.mx\/en\/","logo":{"@type":"ImageObject","inLanguage":"en-US","@id":"https:\/\/nasimgroup.com.mx\/en\/#\/schema\/logo\/image\/","url":"http:\/\/nasimgroup.com.mx\/wp-content\/uploads\/2025\/04\/cropped-LOGO_NASIM_NEGRO-1.png","contentUrl":"http:\/\/nasimgroup.com.mx\/wp-content\/uploads\/2025\/04\/cropped-LOGO_NASIM_NEGRO-1.png","width":512,"height":512,"caption":"NasimGroup"},"image":{"@id":"https:\/\/nasimgroup.com.mx\/en\/#\/schema\/logo\/image\/"},"sameAs":["https:\/\/www.facebook.com\/profile.php?id=100064141266150","https:\/\/www.instagram.com\/nasimgroup\/"]}]}},"jetpack_sharing_enabled":true,"_links":{"self":[{"href":"https:\/\/nasimgroup.com.mx\/en\/wp-json\/wp\/v2\/pages\/669","targetHints":{"allow":["GET"]}}],"collection":[{"href":"https:\/\/nasimgroup.com.mx\/en\/wp-json\/wp\/v2\/pages"}],"about":[{"href":"https:\/\/nasimgroup.com.mx\/en\/wp-json\/wp\/v2\/types\/page"}],"author":[{"embeddable":true,"href":"https:\/\/nasimgroup.com.mx\/en\/wp-json\/wp\/v2\/users\/3"}],"replies":[{"embeddable":true,"href":"https:\/\/nasimgroup.com.mx\/en\/wp-json\/wp\/v2\/comments?post=669"}],"version-history":[{"count":4,"href":"https:\/\/nasimgroup.com.mx\/en\/wp-json\/wp\/v2\/pages\/669\/revisions"}],"predecessor-version":[{"id":1157,"href":"https:\/\/nasimgroup.com.mx\/en\/wp-json\/wp\/v2\/pages\/669\/revisions\/1157"}],"wp:attachment":[{"href":"https:\/\/nasimgroup.com.mx\/en\/wp-json\/wp\/v2\/media?parent=669"}],"curies":[{"name":"wp","href":"https:\/\/api.w.org\/{rel}","templated":true}]}}