{"id":852,"date":"2025-04-09T01:47:15","date_gmt":"2025-04-09T01:47:15","guid":{"rendered":"https:\/\/nasimgroup.com.mx\/?page_id=852"},"modified":"2026-01-21T03:51:05","modified_gmt":"2026-01-21T03:51:05","slug":"mandarinas-cafe","status":"publish","type":"page","link":"https:\/\/nasimgroup.com.mx\/en\/mandarinas-cafe\/","title":{"rendered":"Mandarina's Caf\u00e9"},"content":{"rendered":"<div class=\"wp-block-stackable-call-to-action alignwide stk-block-call-to-action stk-block stk-28b8c4d stk-block-background coblocks-animate stk--has-background-overlay\" data-v=\"2\" data-coblocks-animation=\"slideInLeft\" data-block-id=\"28b8c4d\"><style>.stk-28b8c4d {background-image:url(http:\/\/nasimgroup.com.mx\/wp-content\/uploads\/2025\/04\/IMG_1271-editada.png) !important;margin-bottom:0px !important;opacity:1 !important;}.stk-28b8c4d .stk-block-call-to-action__content{padding-top:0px !important;padding-right:0px !important;padding-bottom:0px !important;padding-left:0px !important;}<\/style><div class=\"stk-block-call-to-action__content stk-content-align stk-28b8c4d-column alignwide stk-container stk-28b8c4d-container stk--no-background stk--no-padding\"><div class=\"has-text-align-center stk-block-content stk-inner-blocks stk-28b8c4d-inner-blocks\">\n<div class=\"wp-block-stackable-heading stk-block-heading stk-block-heading--v2 stk-block stk-2f29d26\" id=\"un-oasis-de-sabor-y-elegancia-en-el-corazon-de-playa-del-carmen\" data-block-id=\"2f29d26\"><style>.stk-2f29d26 .stk-block-heading__text{color:var(u002du002dtheme-palette-color-4, #000000) !important;}<\/style><h2 class=\"stk-block-heading__text has-text-color\">Un oasis de sabor y elegancia en el coraz\u00f3n de Playa del Carmen<\/h2><\/div>\n\n\n\n<div class=\"wp-block-stackable-text stk-block-text stk-block stk-b47acaf stk-block-background\" data-block-id=\"b47acaf\"><style>.stk-b47acaf {background-color:#00000075 !important;max-width:900px !important;min-width:auto !important;margin-right:auto !important;margin-left:auto !important;}.stk-b47acaf:before{background-color:#00000075 !important;}<\/style><p class=\"stk-block-text__text\">En Mandarina\u2019s Caf\u00e9, cada detalle est\u00e1 dise\u00f1ado para llevarte m\u00e1s all\u00e1 de una simple comida. D\u00e9jate guiar por nuestros expertos y sum\u00e9rgete en una experiencia culinaria que combina alta cocina con un ambiente sofisticado<\/p><\/div>\n\n\n\n<div class=\"wp-block-stackable-columns stk-block-columns stk-block stk-082e7d2\" data-block-id=\"082e7d2\"><div class=\"stk-row stk-inner-blocks stk-block-content stk-content-align stk-082e7d2-column\">\n<div class=\"wp-block-stackable-column stk-block-column stk-column stk-block stk-eb2fc0c\" data-v=\"4\" data-block-id=\"eb2fc0c\"><div class=\"stk-column-wrapper stk-block-column__content stk-container stk-eb2fc0c-container stk--no-background stk--no-padding\"><div class=\"stk-block-content stk-inner-blocks stk-eb2fc0c-inner-blocks\"><\/div><\/div><\/div>\n\n\n\n<div class=\"wp-block-stackable-column stk-block-column stk-column stk-block stk-a257840\" data-v=\"4\" data-block-id=\"a257840\"><div class=\"stk-column-wrapper stk-block-column__content stk-container stk-a257840-container stk--no-background stk--no-padding\"><div class=\"stk-block-content stk-inner-blocks stk-a257840-inner-blocks\">\n<div class=\"wp-block-jetpack-send-a-message\">\n<div class=\"wp-block-jetpack-whatsapp-button aligncenter is-color-dark\"><a class=\"whatsapp-block__button\" href=\"https:\/\/api.whatsapp.com\/send?phone=529848031249&amp;text=%C2%A1Hola!%20%F0%9F%91%8B%20Me%20gustar%C3%ADa%20ponerme%20en%20contacto%20con%20Mandarina%E2%80%99s%20Caf%C3%A9%20para%20hacer%20una%20reserva%2C%20pedir%20factura%20o%20resolver%20una%20duda.%20%C2%A1Gracias!%20\" style=\"background-color:#25D366;color:#fff\" target=\"_self\" rel=\"noopener noreferrer\">RESERVA<\/a><\/div>\n<\/div>\n<\/div><\/div><\/div>\n\n\n\n<div class=\"wp-block-stackable-column stk-block-column stk-column stk-block stk-78bfb3d\" data-v=\"4\" data-block-id=\"78bfb3d\"><div class=\"stk-column-wrapper stk-block-column__content stk-container stk-78bfb3d-container stk--no-background stk--no-padding\"><div class=\"stk-block-content stk-inner-blocks stk-78bfb3d-inner-blocks\">\n<div class=\"wp-block-jetpack-send-a-message\"><\/div>\n\n\n\n<div class=\"wp-block-stackable-button-group stk-block-button-group stk-block stk-01d87e7\" data-block-id=\"01d87e7\"><div class=\"stk-row stk-inner-blocks stk-block-content stk-button-group\">\n<div class=\"wp-block-stackable-button stk-block-button stk-block stk-84540e2\" data-block-id=\"84540e2\"><a class=\"stk-link stk-button stk--hover-effect-darken\" href=\"https:\/\/uqr.to\/13ae3\"><span class=\"stk-button__inner-text\">NUESTRO MEN\u00da<\/span><\/a><\/div>\n<\/div><\/div>\n<\/div><\/div><\/div>\n\n\n\n<div class=\"wp-block-stackable-column stk-block-column stk-column stk-block stk-1a4330d\" data-v=\"4\" data-block-id=\"1a4330d\"><div class=\"stk-column-wrapper stk-block-column__content stk-container stk-1a4330d-container stk--no-background stk--no-padding\"><div class=\"stk-block-content stk-inner-blocks stk-1a4330d-inner-blocks\"><\/div><\/div><\/div>\n<\/div><\/div>\n\n\n<div class=\"wp-block-coblocks-social wp-block-coblocks-social-profiles has-text-align-right has-colors\"><ul><li><a href=\"https:\/\/www.facebook.com\/mandarinobeachclub\" title=\"Facebook\" class=\"wp-block-button__link wp-block-coblocks-social__button wp-block-coblocks-social__button--facebook has-padding\" style=\"border-radius:40px\"><span class=\"wp-block-coblocks-social__icon\"><\/span><span class=\"wp-block-coblocks-social__text\">Facebook<\/span><\/a><\/li><li><a href=\"https:\/\/www.instagram.com\/mandarinobeachclub\/\" title=\"Instagram\" class=\"wp-block-button__link wp-block-coblocks-social__button wp-block-coblocks-social__button--instagram has-padding\" style=\"border-radius:40px\"><span class=\"wp-block-coblocks-social__icon\"><\/span><span class=\"wp-block-coblocks-social__text\">Instagram<\/span><\/a><\/li><li><a href=\"https:\/\/www.tiktok.com\/@mandarinobeachclubpdc\" title=\"TikTok\" class=\"wp-block-button__link wp-block-coblocks-social__button wp-block-coblocks-social__button--tiktok has-padding\" style=\"border-radius:40px\"><span class=\"wp-block-coblocks-social__icon\"><\/span><span class=\"wp-block-coblocks-social__text\">TikTok<\/span><\/a><\/li><\/ul><\/div><\/div><\/div><\/div>\n\n\n\n<p>&nbsp;<\/p>\n\n\n\n<div class=\"wp-block-stackable-columns alignwide stk-block-columns stk-block stk-88ea420\" data-block-id=\"88ea420\"><div class=\"stk-row stk-inner-blocks stk-block-content stk-content-align stk-88ea420-column alignwide\">\n<div class=\"wp-block-stackable-column stk-block-column stk-column stk-block stk-410bd3b\" data-v=\"4\" data-block-id=\"410bd3b\"><div class=\"stk-column-wrapper stk-block-column__content stk-container stk-410bd3b-container stk--no-background stk--no-padding\"><div class=\"stk-block-content stk-inner-blocks stk-410bd3b-inner-blocks\">\n<figure class=\"wp-block-video\"><video height=\"2160\" style=\"aspect-ratio: 3840 \/ 2160;\" width=\"3840\" controls loop muted src=\"http:\/\/nasimgroup.com.mx\/wp-content\/uploads\/2025\/04\/redpandacompress_IMG_1656_1.mp4\"><\/video><\/figure>\n\n\n\n<h2>\u00bfQu\u00e9 te espera en Mandarina\u00b4s Caf\u00e9?<\/h2>\n\n\n\n\n\n<figure><img fetchpriority=\"high\" decoding=\"async\" src=\"http:\/\/nasimgroup.com.mx\/wp-content\/uploads\/2025\/04\/\u26ab\ud83d\udfe1DSC04335-editada.png\" width=\"5168\" height=\"3448\" \/><\/figure>\n\n<style>.stk-a2f7fb7 {margin-bottom:16px !important;}<\/style>\n<h3>Alta cocina internacional<\/h3>\n\n\n<style>.stk-fcfffd1 {margin-bottom:8px !important;}<\/style>\n<p>Platos que fusionan sabores del mundo con ingredientes locales de la m\u00e1s alta calidad<\/p>\n\n\n\n\n\n<figure><img decoding=\"async\" src=\"http:\/\/nasimgroup.com.mx\/wp-content\/uploads\/2025\/04\/IMG_1271-editada.png\" width=\"4032\" height=\"2268\" \/><\/figure>\n\n<style>.stk-ed3ead9 {margin-bottom:16px !important;}<\/style>\n<h3>Ambiente sofisticado<\/h3>\n\n\n<style>.stk-e3a7dc4 {margin-bottom:8px !important;}<\/style>\n<p>Un espacio donde la elegancia y la comodidad se encuentran, perfecto para cenas rom\u00e1nticas o reuniones especiales.<\/p>\n\n\n\n\n\n<figure><img decoding=\"async\" src=\"http:\/\/nasimgroup.com.mx\/wp-content\/uploads\/2025\/04\/\ud83d\udd34-IMG_5845.png-editada.png\" width=\"4032\" height=\"3024\" \/><\/figure>\n\n<style>.stk-4d0c608 {margin-bottom:16px !important;}<\/style>\n<h3>Ubicaci\u00f3n privilegiada<\/h3>\n\n\n<style>.stk-fff18e2 {margin-bottom:8px !important;}<\/style>\n<p>Situado en la emblem\u00e1tica Quinta Avenida, el coraz\u00f3n vibrante de Playa del Carmen.\u200b<\/p>\n\n\n\n<\/div><\/div><\/div>\n<\/div><\/div>\n\n\n\n<h1 class=\"wp-block-heading\" id=\"ubicacion\">Ubicaci\u00f3n<\/h1>\n\n\n\n<p><iframe style=\"border: 0;\" src=\"https:\/\/www.google.com\/maps\/embed?pb=!1m18!1m12!1m3!1d3733.999039170233!2d-87.07321242475427!3d20.628895980922202!2m3!1f0!2f0!3f0!3m2!1i1024!2i768!4f13.1!3m3!1m2!1s0x85c7223b86e3f22f%3A0xa34336a49b4e1b03!2sMandarina's%20Cafe!5e0!3m2!1ses-419!2smx!4v1744344607276!5m2!1ses-419!2smx\" width=\"800\" height=\"600\" allowfullscreen=\"allowfullscreen\"><\/iframe><\/p>\n\n\n\n<h2 class=\"wp-block-heading\" id=\"galeria\">Galeria<\/h2>\n\n\n\n<figure><img decoding=\"async\" src=\"http:\/\/nasimgroup.com.mx\/wp-content\/uploads\/2025\/04\/20250214_194758-768x1024.jpg\" alt=\"\" data-id=\"1390\" data-link=\"http:\/\/nasimgroup.com.mx\/mandarinas-cafe\/20250214_194758\/\" \/><\/figure>\n<figure><img decoding=\"async\" src=\"http:\/\/nasimgroup.com.mx\/wp-content\/uploads\/2025\/04\/20250214_194853-768x1024.jpg\" alt=\"\" data-id=\"1389\" data-link=\"http:\/\/nasimgroup.com.mx\/mandarinas-cafe\/20250214_194853\/\" \/><\/figure>\n<figure><img decoding=\"async\" src=\"http:\/\/nasimgroup.com.mx\/wp-content\/uploads\/2025\/04\/20250214_200048-768x1024.jpg\" alt=\"\" data-id=\"1391\" data-link=\"http:\/\/nasimgroup.com.mx\/mandarinas-cafe\/20250214_200048\/\" \/><\/figure>\n<figure><img decoding=\"async\" src=\"http:\/\/nasimgroup.com.mx\/wp-content\/uploads\/2025\/04\/20250214_201523-768x1024.jpg\" alt=\"\" data-id=\"1393\" data-link=\"http:\/\/nasimgroup.com.mx\/mandarinas-cafe\/20250214_201523\/\" \/><\/figure>\n<figure><img decoding=\"async\" src=\"http:\/\/nasimgroup.com.mx\/wp-content\/uploads\/2025\/04\/ChatGPT-Image-18-abr-2025-10_56_50-a.m_.png-editada-1024x683.png\" alt=\"\" data-id=\"1394\" data-link=\"http:\/\/nasimgroup.com.mx\/mandarinas-cafe\/chatgpt-image-18-abr-2025-10_56_50-a-m_-png-editada\/\" \/><\/figure>\n<figure><img decoding=\"async\" src=\"http:\/\/nasimgroup.com.mx\/wp-content\/uploads\/2025\/04\/IMG_1277-1024x576.jpg\" alt=\"\" data-id=\"1409\" data-link=\"http:\/\/nasimgroup.com.mx\/mandarinas-cafe\/img_1277\/\" \/><\/figure>\n<figure><img decoding=\"async\" src=\"http:\/\/nasimgroup.com.mx\/wp-content\/uploads\/2025\/04\/IMG_5228-1024x768.jpg\" alt=\"\" data-id=\"1392\" data-link=\"http:\/\/nasimgroup.com.mx\/mandarinas-cafe\/img_5228\/\" \/><\/figure>\n<button id=\"12345-prev\"><\/button><button id=\"12345-next\"><\/button>\n\n\n\n<p>&nbsp;<\/p>\n\n\n\n<h2 class=\"wp-block-heading\" id=\"reserva-ya-y-vive-una-noche-inolvidable\">Reserva ya y vive una noche inolvidable<\/h2>\n\n\n<iframe src=\"https:\/\/nasimgroup.com.mx\/en\/wp-json\/ssa\/v1\/embed-inner?integration&type=consultation-phone-call&label&types=1&edit&view&payment_provider&ssa_locale=en_US&ssa_is_rtl&sid=639f311bb8f24a8771030a1d1cfecdd6b5eefbe1&availability_start_date&availability_end_date&suggest_first_available&suggest_first_available_within_minutes&flow&fallback_flow&time_view&date_view&appointment_types_view&version&accent_color&background&padding&font&booking_url=https%3A%2F%2Fnasimgroup.com.mx%2Fen%2Fmandarinas-cafe%2F&booking_post_id=852&booking_title=Mandarina%27s+Caf%C3%A9&_wpnonce=5c662a8557&redirect_post_id&defer&mepr_membership_id#\/\" height=\"400px\" width=\"100%\" name=\"ssa_booking\" loading=\"eager\" frameborder=\"0\" data-skip-lazy=\"1\" class=\"ssa_booking_iframe skip-lazy\" title=\"Book a time\"><\/iframe>\n\n\n\n<p>&nbsp;<\/p>","protected":false},"excerpt":{"rendered":"<p>Un oasis de sabor y elegancia en el coraz\u00f3n de Playa del Carmen En Mandarina\u2019s Caf\u00e9, cada detalle est\u00e1 dise\u00f1ado para llevarte m\u00e1s all\u00e1 de una simple comida. D\u00e9jate guiar por nuestros expertos y sum\u00e9rgete en una experiencia culinaria que combina alta cocina con un ambiente sofisticado NUESTRO MEN\u00da &nbsp; \u00bfQu\u00e9 te espera en Mandarina\u00b4s [&hellip;]<\/p>\n","protected":false},"author":3,"featured_media":0,"parent":0,"menu_order":0,"comment_status":"closed","ping_status":"closed","template":"","meta":{"_coblocks_attr":"","_coblocks_dimensions":"","_coblocks_responsive_height":"","_coblocks_accordion_ie_support":"","_gspb_post_css":".gspb_id-gsbp-5fce756{display:flex}.gspb_id-gsbp-5fce756 .gspb_map-wrapper{width:100%;height:400px;isolation:isolate}","two_page_speed":[],"footnotes":""},"class_list":["post-852","page","type-page","status-publish","hentry"],"blocksy_meta":[],"yoast_head":"<!-- This site is optimized with the Yoast SEO plugin v27.4 - https:\/\/yoast.com\/product\/yoast-seo-wordpress\/ -->\n<title>Mandarina&#039;s Caf\u00e9 - Nasim Group<\/title>\n<meta name=\"robots\" content=\"index, follow, max-snippet:-1, max-image-preview:large, max-video-preview:-1\" \/>\n<link rel=\"canonical\" href=\"https:\/\/nasimgroup.com.mx\/en\/mandarinas-cafe\/\" \/>\n<meta property=\"og:locale\" content=\"en_US\" \/>\n<meta property=\"og:type\" content=\"article\" \/>\n<meta property=\"og:title\" content=\"Mandarina&#039;s Caf\u00e9 - Nasim Group\" \/>\n<meta property=\"og:description\" content=\"Un oasis de sabor y elegancia en el coraz\u00f3n de Playa del Carmen En Mandarina\u2019s Caf\u00e9, cada detalle est\u00e1 dise\u00f1ado para llevarte m\u00e1s all\u00e1 de una simple comida. D\u00e9jate guiar por nuestros expertos y sum\u00e9rgete en una experiencia culinaria que combina alta cocina con un ambiente sofisticado NUESTRO MEN\u00da &nbsp; \u00bfQu\u00e9 te espera en Mandarina\u00b4s [&hellip;]\" \/>\n<meta property=\"og:url\" content=\"https:\/\/nasimgroup.com.mx\/en\/mandarinas-cafe\/\" \/>\n<meta property=\"og:site_name\" content=\"Nasim Group\" \/>\n<meta property=\"article:publisher\" content=\"https:\/\/www.facebook.com\/profile.php?id=100064141266150\" \/>\n<meta property=\"article:modified_time\" content=\"2026-01-21T03:51:05+00:00\" \/>\n<meta property=\"og:image\" content=\"http:\/\/nasimgroup.com.mx\/wp-content\/uploads\/2025\/04\/IMG_1271-editada.png\" \/>\n<meta name=\"twitter:card\" content=\"summary_large_image\" \/>\n<meta name=\"twitter:label1\" content=\"Est. reading time\" \/>\n\t<meta name=\"twitter:data1\" content=\"3 minutes\" \/>\n<script type=\"application\/ld+json\" class=\"yoast-schema-graph\">{\"@context\":\"https:\\\/\\\/schema.org\",\"@graph\":[{\"@type\":\"WebPage\",\"@id\":\"https:\\\/\\\/nasimgroup.com.mx\\\/mandarinas-cafe\\\/\",\"url\":\"https:\\\/\\\/nasimgroup.com.mx\\\/mandarinas-cafe\\\/\",\"name\":\"Mandarina's Caf\u00e9 - Nasim Group\",\"isPartOf\":{\"@id\":\"https:\\\/\\\/nasimgroup.com.mx\\\/en\\\/#website\"},\"primaryImageOfPage\":{\"@id\":\"https:\\\/\\\/nasimgroup.com.mx\\\/mandarinas-cafe\\\/#primaryimage\"},\"image\":{\"@id\":\"https:\\\/\\\/nasimgroup.com.mx\\\/mandarinas-cafe\\\/#primaryimage\"},\"thumbnailUrl\":\"http:\\\/\\\/nasimgroup.com.mx\\\/wp-content\\\/uploads\\\/2025\\\/04\\\/IMG_1271-editada.png\",\"datePublished\":\"2025-04-09T01:47:15+00:00\",\"dateModified\":\"2026-01-21T03:51:05+00:00\",\"breadcrumb\":{\"@id\":\"https:\\\/\\\/nasimgroup.com.mx\\\/mandarinas-cafe\\\/#breadcrumb\"},\"inLanguage\":\"en-US\",\"potentialAction\":[{\"@type\":\"ReadAction\",\"target\":[\"https:\\\/\\\/nasimgroup.com.mx\\\/mandarinas-cafe\\\/\"]}]},{\"@type\":\"ImageObject\",\"inLanguage\":\"en-US\",\"@id\":\"https:\\\/\\\/nasimgroup.com.mx\\\/mandarinas-cafe\\\/#primaryimage\",\"url\":\"http:\\\/\\\/nasimgroup.com.mx\\\/wp-content\\\/uploads\\\/2025\\\/04\\\/IMG_1271-editada.png\",\"contentUrl\":\"http:\\\/\\\/nasimgroup.com.mx\\\/wp-content\\\/uploads\\\/2025\\\/04\\\/IMG_1271-editada.png\"},{\"@type\":\"BreadcrumbList\",\"@id\":\"https:\\\/\\\/nasimgroup.com.mx\\\/mandarinas-cafe\\\/#breadcrumb\",\"itemListElement\":[{\"@type\":\"ListItem\",\"position\":1,\"name\":\"Home\",\"item\":\"https:\\\/\\\/nasimgroup.com.mx\\\/\"},{\"@type\":\"ListItem\",\"position\":2,\"name\":\"Mandarina's Caf\u00e9\"}]},{\"@type\":\"WebSite\",\"@id\":\"https:\\\/\\\/nasimgroup.com.mx\\\/en\\\/#website\",\"url\":\"https:\\\/\\\/nasimgroup.com.mx\\\/en\\\/\",\"name\":\"Nasim Group\",\"description\":\"\",\"publisher\":{\"@id\":\"https:\\\/\\\/nasimgroup.com.mx\\\/en\\\/#organization\"},\"alternateName\":\"NasimGroup\",\"potentialAction\":[{\"@type\":\"SearchAction\",\"target\":{\"@type\":\"EntryPoint\",\"urlTemplate\":\"https:\\\/\\\/nasimgroup.com.mx\\\/en\\\/?s={search_term_string}\"},\"query-input\":{\"@type\":\"PropertyValueSpecification\",\"valueRequired\":true,\"valueName\":\"search_term_string\"}}],\"inLanguage\":\"en-US\"},{\"@type\":\"Organization\",\"@id\":\"https:\\\/\\\/nasimgroup.com.mx\\\/en\\\/#organization\",\"name\":\"NasimGroup\",\"url\":\"https:\\\/\\\/nasimgroup.com.mx\\\/en\\\/\",\"logo\":{\"@type\":\"ImageObject\",\"inLanguage\":\"en-US\",\"@id\":\"https:\\\/\\\/nasimgroup.com.mx\\\/en\\\/#\\\/schema\\\/logo\\\/image\\\/\",\"url\":\"http:\\\/\\\/nasimgroup.com.mx\\\/wp-content\\\/uploads\\\/2025\\\/04\\\/cropped-LOGO_NASIM_NEGRO-1.png\",\"contentUrl\":\"http:\\\/\\\/nasimgroup.com.mx\\\/wp-content\\\/uploads\\\/2025\\\/04\\\/cropped-LOGO_NASIM_NEGRO-1.png\",\"width\":512,\"height\":512,\"caption\":\"NasimGroup\"},\"image\":{\"@id\":\"https:\\\/\\\/nasimgroup.com.mx\\\/en\\\/#\\\/schema\\\/logo\\\/image\\\/\"},\"sameAs\":[\"https:\\\/\\\/www.facebook.com\\\/profile.php?id=100064141266150\",\"https:\\\/\\\/www.instagram.com\\\/nasimgroup\\\/\"]}]}<\/script>\n<!-- \/ Yoast SEO plugin. -->","yoast_head_json":{"title":"Mandarina's Caf\u00e9 - Nasim Group","robots":{"index":"index","follow":"follow","max-snippet":"max-snippet:-1","max-image-preview":"max-image-preview:large","max-video-preview":"max-video-preview:-1"},"canonical":"https:\/\/nasimgroup.com.mx\/en\/mandarinas-cafe\/","og_locale":"en_US","og_type":"article","og_title":"Mandarina's Caf\u00e9 - Nasim Group","og_description":"Un oasis de sabor y elegancia en el coraz\u00f3n de Playa del Carmen En Mandarina\u2019s Caf\u00e9, cada detalle est\u00e1 dise\u00f1ado para llevarte m\u00e1s all\u00e1 de una simple comida. D\u00e9jate guiar por nuestros expertos y sum\u00e9rgete en una experiencia culinaria que combina alta cocina con un ambiente sofisticado NUESTRO MEN\u00da &nbsp; \u00bfQu\u00e9 te espera en Mandarina\u00b4s [&hellip;]","og_url":"https:\/\/nasimgroup.com.mx\/en\/mandarinas-cafe\/","og_site_name":"Nasim Group","article_publisher":"https:\/\/www.facebook.com\/profile.php?id=100064141266150","article_modified_time":"2026-01-21T03:51:05+00:00","og_image":[{"url":"http:\/\/nasimgroup.com.mx\/wp-content\/uploads\/2025\/04\/IMG_1271-editada.png","type":"","width":"","height":""}],"twitter_card":"summary_large_image","twitter_misc":{"Est. reading time":"3 minutes"},"schema":{"@context":"https:\/\/schema.org","@graph":[{"@type":"WebPage","@id":"https:\/\/nasimgroup.com.mx\/mandarinas-cafe\/","url":"https:\/\/nasimgroup.com.mx\/mandarinas-cafe\/","name":"Mandarina's Caf\u00e9 - Nasim Group","isPartOf":{"@id":"https:\/\/nasimgroup.com.mx\/en\/#website"},"primaryImageOfPage":{"@id":"https:\/\/nasimgroup.com.mx\/mandarinas-cafe\/#primaryimage"},"image":{"@id":"https:\/\/nasimgroup.com.mx\/mandarinas-cafe\/#primaryimage"},"thumbnailUrl":"http:\/\/nasimgroup.com.mx\/wp-content\/uploads\/2025\/04\/IMG_1271-editada.png","datePublished":"2025-04-09T01:47:15+00:00","dateModified":"2026-01-21T03:51:05+00:00","breadcrumb":{"@id":"https:\/\/nasimgroup.com.mx\/mandarinas-cafe\/#breadcrumb"},"inLanguage":"en-US","potentialAction":[{"@type":"ReadAction","target":["https:\/\/nasimgroup.com.mx\/mandarinas-cafe\/"]}]},{"@type":"ImageObject","inLanguage":"en-US","@id":"https:\/\/nasimgroup.com.mx\/mandarinas-cafe\/#primaryimage","url":"http:\/\/nasimgroup.com.mx\/wp-content\/uploads\/2025\/04\/IMG_1271-editada.png","contentUrl":"http:\/\/nasimgroup.com.mx\/wp-content\/uploads\/2025\/04\/IMG_1271-editada.png"},{"@type":"BreadcrumbList","@id":"https:\/\/nasimgroup.com.mx\/mandarinas-cafe\/#breadcrumb","itemListElement":[{"@type":"ListItem","position":1,"name":"Home","item":"https:\/\/nasimgroup.com.mx\/"},{"@type":"ListItem","position":2,"name":"Mandarina's Caf\u00e9"}]},{"@type":"WebSite","@id":"https:\/\/nasimgroup.com.mx\/en\/#website","url":"https:\/\/nasimgroup.com.mx\/en\/","name":"Nasim Group","description":"","publisher":{"@id":"https:\/\/nasimgroup.com.mx\/en\/#organization"},"alternateName":"NasimGroup","potentialAction":[{"@type":"SearchAction","target":{"@type":"EntryPoint","urlTemplate":"https:\/\/nasimgroup.com.mx\/en\/?s={search_term_string}"},"query-input":{"@type":"PropertyValueSpecification","valueRequired":true,"valueName":"search_term_string"}}],"inLanguage":"en-US"},{"@type":"Organization","@id":"https:\/\/nasimgroup.com.mx\/en\/#organization","name":"NasimGroup","url":"https:\/\/nasimgroup.com.mx\/en\/","logo":{"@type":"ImageObject","inLanguage":"en-US","@id":"https:\/\/nasimgroup.com.mx\/en\/#\/schema\/logo\/image\/","url":"http:\/\/nasimgroup.com.mx\/wp-content\/uploads\/2025\/04\/cropped-LOGO_NASIM_NEGRO-1.png","contentUrl":"http:\/\/nasimgroup.com.mx\/wp-content\/uploads\/2025\/04\/cropped-LOGO_NASIM_NEGRO-1.png","width":512,"height":512,"caption":"NasimGroup"},"image":{"@id":"https:\/\/nasimgroup.com.mx\/en\/#\/schema\/logo\/image\/"},"sameAs":["https:\/\/www.facebook.com\/profile.php?id=100064141266150","https:\/\/www.instagram.com\/nasimgroup\/"]}]}},"jetpack_sharing_enabled":true,"_links":{"self":[{"href":"https:\/\/nasimgroup.com.mx\/en\/wp-json\/wp\/v2\/pages\/852","targetHints":{"allow":["GET"]}}],"collection":[{"href":"https:\/\/nasimgroup.com.mx\/en\/wp-json\/wp\/v2\/pages"}],"about":[{"href":"https:\/\/nasimgroup.com.mx\/en\/wp-json\/wp\/v2\/types\/page"}],"author":[{"embeddable":true,"href":"https:\/\/nasimgroup.com.mx\/en\/wp-json\/wp\/v2\/users\/3"}],"replies":[{"embeddable":true,"href":"https:\/\/nasimgroup.com.mx\/en\/wp-json\/wp\/v2\/comments?post=852"}],"version-history":[{"count":24,"href":"https:\/\/nasimgroup.com.mx\/en\/wp-json\/wp\/v2\/pages\/852\/revisions"}],"predecessor-version":[{"id":2007,"href":"https:\/\/nasimgroup.com.mx\/en\/wp-json\/wp\/v2\/pages\/852\/revisions\/2007"}],"wp:attachment":[{"href":"https:\/\/nasimgroup.com.mx\/en\/wp-json\/wp\/v2\/media?parent=852"}],"curies":[{"name":"wp","href":"https:\/\/api.w.org\/{rel}","templated":true}]}}