{"id":854,"date":"2025-04-09T01:47:16","date_gmt":"2025-04-09T01:47:16","guid":{"rendered":"https:\/\/nasimgroup.com.mx\/?page_id=854"},"modified":"2025-04-14T18:11:22","modified_gmt":"2025-04-14T18:11:22","slug":"pizzerias","status":"publish","type":"page","link":"https:\/\/nasimgroup.com.mx\/en\/pizzerias\/","title":{"rendered":"Pizzer\u00edas"},"content":{"rendered":"<div class=\"wp-block-stackable-heading stk-block-heading stk-block-heading--v2 stk-block stk-19479e2\" id=\"span-style-color-fafafa-class-stk-highlight-\ud83c\udf55-em-la-trilogia-del-sabor-autentico-em-\ud83c\udf55-span\" data-block-id=\"19479e2\"><h2 class=\"stk-block-heading__text has-text-align-center\"><span style=\"color: #fafafa;\" class=\"stk-highlight\">\ud83c\udf55 <em>La trilog\u00eda del sabor aut\u00e9ntico<\/em> \ud83c\udf55<\/span><\/h2><\/div>\n\n\n\n<div class=\"wp-block-stackable-columns stk-block-columns stk-block stk-a9f7a43\" data-block-id=\"a9f7a43\"><div class=\"stk-row stk-inner-blocks stk-block-content stk-content-align stk-a9f7a43-column\">\n<div class=\"wp-block-stackable-column stk-block-column stk-column stk-block stk-a6ca50b\" data-v=\"4\" data-block-id=\"a6ca50b\"><div class=\"stk-column-wrapper stk-block-column__content stk-container stk-a6ca50b-container stk--no-background stk--no-padding\"><div class=\"stk-block-content stk-inner-blocks stk-a6ca50b-inner-blocks\">\n<div class=\"wp-block-cover\"><span aria-hidden=\"true\" class=\"wp-block-cover__background has-background-dim\"><\/span><img fetchpriority=\"high\" decoding=\"async\" width=\"427\" height=\"1024\" class=\"wp-block-cover__image-background wp-image-772\" alt=\"\" src=\"http:\/\/nasimgroup.com.mx\/wp-content\/uploads\/2025\/04\/Fondos-04-427x1024.png\" style=\"object-position:39% 48%\" data-object-fit=\"cover\" data-object-position=\"39% 48%\" srcset=\"https:\/\/nasimgroup.com.mx\/wp-content\/uploads\/2025\/04\/Fondos-04-427x1024.png 427w, https:\/\/nasimgroup.com.mx\/wp-content\/uploads\/2025\/04\/Fondos-04-125x300.png 125w, https:\/\/nasimgroup.com.mx\/wp-content\/uploads\/2025\/04\/Fondos-04-768x1843.png 768w, https:\/\/nasimgroup.com.mx\/wp-content\/uploads\/2025\/04\/Fondos-04-640x1536.png 640w, https:\/\/nasimgroup.com.mx\/wp-content\/uploads\/2025\/04\/Fondos-04-853x2048.png 853w, https:\/\/nasimgroup.com.mx\/wp-content\/uploads\/2025\/04\/Fondos-04-5x12.png 5w, https:\/\/nasimgroup.com.mx\/wp-content\/uploads\/2025\/04\/Fondos-04-600x1440.png 600w, https:\/\/nasimgroup.com.mx\/wp-content\/uploads\/2025\/04\/Fondos-04.png 1875w\" sizes=\"(max-width: 427px) 100vw, 427px\" \/><div class=\"wp-block-cover__inner-container is-layout-flow wp-block-cover-is-layout-flow\">\n<p class=\"has-text-align-center has-times-new-roman-font-family has-large-font-size has-custom-font\" style=\"font-family:Times New Roman\"><strong><a href=\"http:\/\/nasimgroup.com.mx\/en\/mandarinas-express-2\/\"><span style=\"color: #f7e5e5;\" class=\"stk-highlight\">Mandarina\u00b4s Express<\/span><\/a><\/strong><\/p>\n<\/div><\/div>\n<\/div><\/div><\/div>\n\n\n\n<div class=\"wp-block-stackable-column stk-block-column stk-column stk-block stk-00f6776\" data-v=\"4\" data-block-id=\"00f6776\"><div class=\"stk-column-wrapper stk-block-column__content stk-container stk-00f6776-container stk--no-background stk--no-padding\"><div class=\"stk-block-content stk-inner-blocks stk-00f6776-inner-blocks\">\n<div class=\"wp-block-cover\"><span aria-hidden=\"true\" class=\"wp-block-cover__background has-background-dim\"><\/span><img decoding=\"async\" width=\"427\" height=\"1024\" class=\"wp-block-cover__image-background wp-image-773\" alt=\"\" src=\"http:\/\/nasimgroup.com.mx\/wp-content\/uploads\/2025\/04\/Fondos-05-427x1024.png\" data-object-fit=\"cover\" srcset=\"https:\/\/nasimgroup.com.mx\/wp-content\/uploads\/2025\/04\/Fondos-05-427x1024.png 427w, https:\/\/nasimgroup.com.mx\/wp-content\/uploads\/2025\/04\/Fondos-05-125x300.png 125w, https:\/\/nasimgroup.com.mx\/wp-content\/uploads\/2025\/04\/Fondos-05-768x1843.png 768w, https:\/\/nasimgroup.com.mx\/wp-content\/uploads\/2025\/04\/Fondos-05-640x1536.png 640w, https:\/\/nasimgroup.com.mx\/wp-content\/uploads\/2025\/04\/Fondos-05-853x2048.png 853w, https:\/\/nasimgroup.com.mx\/wp-content\/uploads\/2025\/04\/Fondos-05-5x12.png 5w, https:\/\/nasimgroup.com.mx\/wp-content\/uploads\/2025\/04\/Fondos-05-600x1440.png 600w, https:\/\/nasimgroup.com.mx\/wp-content\/uploads\/2025\/04\/Fondos-05.png 1875w\" sizes=\"(max-width: 427px) 100vw, 427px\" \/><div class=\"wp-block-cover__inner-container is-layout-flow wp-block-cover-is-layout-flow\">\n<p class=\"has-text-align-center has-times-new-roman-font-family has-large-font-size has-custom-font\" style=\"font-family:Times New Roman\"><strong><a href=\"http:\/\/nasimgroup.com.mx\/en\/pizza-banana\/\"><span style=\"color: #ffffff;\" class=\"stk-highlight\">Pizza Banana<\/span><\/a><\/strong><\/p>\n<\/div><\/div>\n<\/div><\/div><\/div>\n\n\n\n<div class=\"wp-block-stackable-column stk-block-column stk-column stk-block stk-a0ba6c6\" data-v=\"4\" data-block-id=\"a0ba6c6\"><div class=\"stk-column-wrapper stk-block-column__content stk-container stk-a0ba6c6-container stk--no-background stk--no-padding\"><div class=\"stk-block-content stk-inner-blocks stk-a0ba6c6-inner-blocks\">\n<div class=\"wp-block-cover\"><span aria-hidden=\"true\" class=\"wp-block-cover__background has-background-dim\"><\/span><img decoding=\"async\" width=\"427\" height=\"1024\" class=\"wp-block-cover__image-background wp-image-778\" alt=\"\" src=\"http:\/\/nasimgroup.com.mx\/wp-content\/uploads\/2025\/04\/Fondos-09-427x1024.png\" data-object-fit=\"cover\" srcset=\"https:\/\/nasimgroup.com.mx\/wp-content\/uploads\/2025\/04\/Fondos-09-427x1024.png 427w, https:\/\/nasimgroup.com.mx\/wp-content\/uploads\/2025\/04\/Fondos-09-125x300.png 125w, https:\/\/nasimgroup.com.mx\/wp-content\/uploads\/2025\/04\/Fondos-09-768x1843.png 768w, https:\/\/nasimgroup.com.mx\/wp-content\/uploads\/2025\/04\/Fondos-09-640x1536.png 640w, https:\/\/nasimgroup.com.mx\/wp-content\/uploads\/2025\/04\/Fondos-09-853x2048.png 853w, https:\/\/nasimgroup.com.mx\/wp-content\/uploads\/2025\/04\/Fondos-09-5x12.png 5w, https:\/\/nasimgroup.com.mx\/wp-content\/uploads\/2025\/04\/Fondos-09-600x1440.png 600w, https:\/\/nasimgroup.com.mx\/wp-content\/uploads\/2025\/04\/Fondos-09.png 1875w\" sizes=\"(max-width: 427px) 100vw, 427px\" \/><div class=\"wp-block-cover__inner-container is-layout-flow wp-block-cover-is-layout-flow\">\n<p class=\"has-text-align-center has-times-new-roman-font-family has-large-font-size has-custom-font\" style=\"font-family:Times New Roman\"><a href=\"http:\/\/nasimgroup.com.mx\/en\/pizza-piedra\/\"><span style=\"color: #ffffff;\" class=\"stk-highlight\"><strong>Pizza Piedra<\/strong><\/span><\/a><\/p>\n<\/div><\/div>\n<\/div><\/div><\/div>\n<\/div><\/div>\n\n\n\n<div class=\"wp-block-stackable-columns stk-block-columns stk-block stk-f3c4c08\" data-block-id=\"f3c4c08\"><div class=\"stk-row stk-inner-blocks stk-block-content stk-content-align stk-f3c4c08-column\">\n<div class=\"wp-block-stackable-column stk-block-column stk-column stk-block stk-83f2c4a\" data-v=\"4\" data-block-id=\"83f2c4a\"><div class=\"stk-column-wrapper stk-block-column__content stk-container stk-83f2c4a-container stk--no-background stk--no-padding\"><div class=\"stk-block-content stk-inner-blocks stk-83f2c4a-inner-blocks\">\n<div class=\"wp-block-stackable-heading stk-block-heading stk-block-heading--v2 stk-block stk-ab868a0\" id=\"span-style-color-ffffff-class-stk-highlight-strong-calidad-que-se-nota-en-cada-bocado-strong-span\" data-block-id=\"ab868a0\"><h2 class=\"stk-block-heading__text has-text-align-center\"><span style=\"color: #ffffff;\" class=\"stk-highlight\"><strong>Calidad que se nota en cada bocado<\/strong><\/span><\/h2><\/div>\n\n\n\n<p class=\"has-text-align-center\">Todas nuestras pizzas est\u00e1n hechas con ingredientes frescos, masa de preparaci\u00f3n propia y recetas que combinan tradici\u00f3n con toques creativos.<\/p>\n<\/div><\/div><\/div>\n\n\n\n<div class=\"wp-block-stackable-column stk-block-column stk-column stk-block stk-b1f169f\" data-v=\"4\" data-block-id=\"b1f169f\"><div class=\"stk-column-wrapper stk-block-column__content stk-container stk-b1f169f-container stk--no-background stk--no-padding\"><div class=\"stk-block-content stk-inner-blocks stk-b1f169f-inner-blocks\">\n<div class=\"wp-block-stackable-heading stk-block-heading stk-block-heading--v2 stk-block stk-b90552c\" id=\"span-style-color-ffffff-class-stk-highlight-strong-opciones-para-cada-ocasion-strong-span\" data-block-id=\"b90552c\"><h2 class=\"stk-block-heading__text has-text-align-center\"><span style=\"color: #ffffff;\" class=\"stk-highlight\"><strong>Opciones para cada ocasi\u00f3n<\/strong><\/span><\/h2><\/div>\n\n\n\n<p class=\"has-text-align-center\">\u00bfComer r\u00e1pido y delicioso? \u00bfPlan entre amigos? \u00bfCena relajada? Cada concepto ofrece una experiencia diferente, pero con el mismo amor por la pizza.<\/p>\n<\/div><\/div><\/div>\n\n\n\n<div class=\"wp-block-stackable-column stk-block-column stk-column stk-block stk-61b0f58\" data-v=\"4\" data-block-id=\"61b0f58\"><div class=\"stk-column-wrapper stk-block-column__content stk-container stk-61b0f58-container stk--no-background stk--no-padding\"><div class=\"stk-block-content stk-inner-blocks stk-61b0f58-inner-blocks\">\n<div class=\"wp-block-stackable-heading stk-block-heading stk-block-heading--v2 stk-block stk-f82ece2\" id=\"span-style-color-fefefe-class-stk-highlight-strong-ingredientes-seleccionados-strong-span\" data-block-id=\"f82ece2\"><h2 class=\"stk-block-heading__text has-text-align-center\"><span style=\"color: #fefefe;\" class=\"stk-highlight\"><strong>Ingredientes seleccionados<\/strong><\/span><\/h2><\/div>\n\n\n\n<p class=\"has-text-align-center\">Usamos productos de alta calidad, desde quesos artesanales hasta salsas hechas en casa. El sabor se nota porque todo empieza con una buena base.<\/p>\n<\/div><\/div><\/div>\n<\/div><\/div>","protected":false},"excerpt":{"rendered":"<p>\ud83c\udf55 La trilog\u00eda del sabor aut\u00e9ntico \ud83c\udf55 Calidad que se nota en cada bocado Todas nuestras pizzas est\u00e1n hechas con ingredientes frescos, masa de preparaci\u00f3n propia y recetas que combinan tradici\u00f3n con toques creativos. Opciones para cada ocasi\u00f3n \u00bfComer r\u00e1pido y delicioso? \u00bfPlan entre amigos? \u00bfCena relajada? Cada concepto ofrece una experiencia diferente, pero con [&hellip;]<\/p>\n","protected":false},"author":3,"featured_media":0,"parent":0,"menu_order":0,"comment_status":"closed","ping_status":"closed","template":"","meta":{"_coblocks_attr":"Times New Roman,Times New Roman","_coblocks_dimensions":"","_coblocks_responsive_height":"","_coblocks_accordion_ie_support":"","_gspb_post_css":"","two_page_speed":[],"footnotes":""},"class_list":["post-854","page","type-page","status-publish","hentry"],"blocksy_meta":[],"yoast_head":"<!-- This site is optimized with the Yoast SEO plugin v27.4 - https:\/\/yoast.com\/product\/yoast-seo-wordpress\/ -->\n<title>Pizzer\u00edas - Nasim Group<\/title>\n<meta name=\"robots\" content=\"index, follow, max-snippet:-1, max-image-preview:large, max-video-preview:-1\" \/>\n<link rel=\"canonical\" href=\"https:\/\/nasimgroup.com.mx\/en\/pizzerias\/\" \/>\n<meta property=\"og:locale\" content=\"en_US\" \/>\n<meta property=\"og:type\" content=\"article\" \/>\n<meta property=\"og:title\" content=\"Pizzer\u00edas - Nasim Group\" \/>\n<meta property=\"og:description\" content=\"\ud83c\udf55 La trilog\u00eda del sabor aut\u00e9ntico \ud83c\udf55 Calidad que se nota en cada bocado Todas nuestras pizzas est\u00e1n hechas con ingredientes frescos, masa de preparaci\u00f3n propia y recetas que combinan tradici\u00f3n con toques creativos. Opciones para cada ocasi\u00f3n \u00bfComer r\u00e1pido y delicioso? \u00bfPlan entre amigos? \u00bfCena relajada? Cada concepto ofrece una experiencia diferente, pero con [&hellip;]\" \/>\n<meta property=\"og:url\" content=\"https:\/\/nasimgroup.com.mx\/en\/pizzerias\/\" \/>\n<meta property=\"og:site_name\" content=\"Nasim Group\" \/>\n<meta property=\"article:publisher\" content=\"https:\/\/www.facebook.com\/profile.php?id=100064141266150\" \/>\n<meta property=\"article:modified_time\" content=\"2025-04-14T18:11:22+00:00\" \/>\n<meta property=\"og:image\" content=\"http:\/\/nasimgroup.com.mx\/wp-content\/uploads\/2025\/04\/Fondos-04-427x1024.png\" \/>\n<meta name=\"twitter:card\" content=\"summary_large_image\" \/>\n<meta name=\"twitter:label1\" content=\"Est. reading time\" \/>\n\t<meta name=\"twitter:data1\" content=\"2 minutes\" \/>\n<script type=\"application\/ld+json\" class=\"yoast-schema-graph\">{\"@context\":\"https:\\\/\\\/schema.org\",\"@graph\":[{\"@type\":\"WebPage\",\"@id\":\"https:\\\/\\\/nasimgroup.com.mx\\\/pizzerias\\\/\",\"url\":\"https:\\\/\\\/nasimgroup.com.mx\\\/pizzerias\\\/\",\"name\":\"Pizzer\u00edas - Nasim Group\",\"isPartOf\":{\"@id\":\"https:\\\/\\\/nasimgroup.com.mx\\\/en\\\/#website\"},\"primaryImageOfPage\":{\"@id\":\"https:\\\/\\\/nasimgroup.com.mx\\\/pizzerias\\\/#primaryimage\"},\"image\":{\"@id\":\"https:\\\/\\\/nasimgroup.com.mx\\\/pizzerias\\\/#primaryimage\"},\"thumbnailUrl\":\"http:\\\/\\\/nasimgroup.com.mx\\\/wp-content\\\/uploads\\\/2025\\\/04\\\/Fondos-04-427x1024.png\",\"datePublished\":\"2025-04-09T01:47:16+00:00\",\"dateModified\":\"2025-04-14T18:11:22+00:00\",\"breadcrumb\":{\"@id\":\"https:\\\/\\\/nasimgroup.com.mx\\\/pizzerias\\\/#breadcrumb\"},\"inLanguage\":\"en-US\",\"potentialAction\":[{\"@type\":\"ReadAction\",\"target\":[\"https:\\\/\\\/nasimgroup.com.mx\\\/pizzerias\\\/\"]}]},{\"@type\":\"ImageObject\",\"inLanguage\":\"en-US\",\"@id\":\"https:\\\/\\\/nasimgroup.com.mx\\\/pizzerias\\\/#primaryimage\",\"url\":\"http:\\\/\\\/nasimgroup.com.mx\\\/wp-content\\\/uploads\\\/2025\\\/04\\\/Fondos-04-427x1024.png\",\"contentUrl\":\"http:\\\/\\\/nasimgroup.com.mx\\\/wp-content\\\/uploads\\\/2025\\\/04\\\/Fondos-04-427x1024.png\"},{\"@type\":\"BreadcrumbList\",\"@id\":\"https:\\\/\\\/nasimgroup.com.mx\\\/pizzerias\\\/#breadcrumb\",\"itemListElement\":[{\"@type\":\"ListItem\",\"position\":1,\"name\":\"Home\",\"item\":\"https:\\\/\\\/nasimgroup.com.mx\\\/\"},{\"@type\":\"ListItem\",\"position\":2,\"name\":\"Pizzer\u00edas\"}]},{\"@type\":\"WebSite\",\"@id\":\"https:\\\/\\\/nasimgroup.com.mx\\\/en\\\/#website\",\"url\":\"https:\\\/\\\/nasimgroup.com.mx\\\/en\\\/\",\"name\":\"Nasim Group\",\"description\":\"\",\"publisher\":{\"@id\":\"https:\\\/\\\/nasimgroup.com.mx\\\/en\\\/#organization\"},\"alternateName\":\"NasimGroup\",\"potentialAction\":[{\"@type\":\"SearchAction\",\"target\":{\"@type\":\"EntryPoint\",\"urlTemplate\":\"https:\\\/\\\/nasimgroup.com.mx\\\/en\\\/?s={search_term_string}\"},\"query-input\":{\"@type\":\"PropertyValueSpecification\",\"valueRequired\":true,\"valueName\":\"search_term_string\"}}],\"inLanguage\":\"en-US\"},{\"@type\":\"Organization\",\"@id\":\"https:\\\/\\\/nasimgroup.com.mx\\\/en\\\/#organization\",\"name\":\"NasimGroup\",\"url\":\"https:\\\/\\\/nasimgroup.com.mx\\\/en\\\/\",\"logo\":{\"@type\":\"ImageObject\",\"inLanguage\":\"en-US\",\"@id\":\"https:\\\/\\\/nasimgroup.com.mx\\\/en\\\/#\\\/schema\\\/logo\\\/image\\\/\",\"url\":\"http:\\\/\\\/nasimgroup.com.mx\\\/wp-content\\\/uploads\\\/2025\\\/04\\\/cropped-LOGO_NASIM_NEGRO-1.png\",\"contentUrl\":\"http:\\\/\\\/nasimgroup.com.mx\\\/wp-content\\\/uploads\\\/2025\\\/04\\\/cropped-LOGO_NASIM_NEGRO-1.png\",\"width\":512,\"height\":512,\"caption\":\"NasimGroup\"},\"image\":{\"@id\":\"https:\\\/\\\/nasimgroup.com.mx\\\/en\\\/#\\\/schema\\\/logo\\\/image\\\/\"},\"sameAs\":[\"https:\\\/\\\/www.facebook.com\\\/profile.php?id=100064141266150\",\"https:\\\/\\\/www.instagram.com\\\/nasimgroup\\\/\"]}]}<\/script>\n<!-- \/ Yoast SEO plugin. -->","yoast_head_json":{"title":"Pizzer\u00edas - Nasim Group","robots":{"index":"index","follow":"follow","max-snippet":"max-snippet:-1","max-image-preview":"max-image-preview:large","max-video-preview":"max-video-preview:-1"},"canonical":"https:\/\/nasimgroup.com.mx\/en\/pizzerias\/","og_locale":"en_US","og_type":"article","og_title":"Pizzer\u00edas - Nasim Group","og_description":"\ud83c\udf55 La trilog\u00eda del sabor aut\u00e9ntico \ud83c\udf55 Calidad que se nota en cada bocado Todas nuestras pizzas est\u00e1n hechas con ingredientes frescos, masa de preparaci\u00f3n propia y recetas que combinan tradici\u00f3n con toques creativos. Opciones para cada ocasi\u00f3n \u00bfComer r\u00e1pido y delicioso? \u00bfPlan entre amigos? \u00bfCena relajada? Cada concepto ofrece una experiencia diferente, pero con [&hellip;]","og_url":"https:\/\/nasimgroup.com.mx\/en\/pizzerias\/","og_site_name":"Nasim Group","article_publisher":"https:\/\/www.facebook.com\/profile.php?id=100064141266150","article_modified_time":"2025-04-14T18:11:22+00:00","og_image":[{"url":"http:\/\/nasimgroup.com.mx\/wp-content\/uploads\/2025\/04\/Fondos-04-427x1024.png","type":"","width":"","height":""}],"twitter_card":"summary_large_image","twitter_misc":{"Est. reading time":"2 minutes"},"schema":{"@context":"https:\/\/schema.org","@graph":[{"@type":"WebPage","@id":"https:\/\/nasimgroup.com.mx\/pizzerias\/","url":"https:\/\/nasimgroup.com.mx\/pizzerias\/","name":"Pizzer\u00edas - Nasim Group","isPartOf":{"@id":"https:\/\/nasimgroup.com.mx\/en\/#website"},"primaryImageOfPage":{"@id":"https:\/\/nasimgroup.com.mx\/pizzerias\/#primaryimage"},"image":{"@id":"https:\/\/nasimgroup.com.mx\/pizzerias\/#primaryimage"},"thumbnailUrl":"http:\/\/nasimgroup.com.mx\/wp-content\/uploads\/2025\/04\/Fondos-04-427x1024.png","datePublished":"2025-04-09T01:47:16+00:00","dateModified":"2025-04-14T18:11:22+00:00","breadcrumb":{"@id":"https:\/\/nasimgroup.com.mx\/pizzerias\/#breadcrumb"},"inLanguage":"en-US","potentialAction":[{"@type":"ReadAction","target":["https:\/\/nasimgroup.com.mx\/pizzerias\/"]}]},{"@type":"ImageObject","inLanguage":"en-US","@id":"https:\/\/nasimgroup.com.mx\/pizzerias\/#primaryimage","url":"http:\/\/nasimgroup.com.mx\/wp-content\/uploads\/2025\/04\/Fondos-04-427x1024.png","contentUrl":"http:\/\/nasimgroup.com.mx\/wp-content\/uploads\/2025\/04\/Fondos-04-427x1024.png"},{"@type":"BreadcrumbList","@id":"https:\/\/nasimgroup.com.mx\/pizzerias\/#breadcrumb","itemListElement":[{"@type":"ListItem","position":1,"name":"Home","item":"https:\/\/nasimgroup.com.mx\/"},{"@type":"ListItem","position":2,"name":"Pizzer\u00edas"}]},{"@type":"WebSite","@id":"https:\/\/nasimgroup.com.mx\/en\/#website","url":"https:\/\/nasimgroup.com.mx\/en\/","name":"Nasim Group","description":"","publisher":{"@id":"https:\/\/nasimgroup.com.mx\/en\/#organization"},"alternateName":"NasimGroup","potentialAction":[{"@type":"SearchAction","target":{"@type":"EntryPoint","urlTemplate":"https:\/\/nasimgroup.com.mx\/en\/?s={search_term_string}"},"query-input":{"@type":"PropertyValueSpecification","valueRequired":true,"valueName":"search_term_string"}}],"inLanguage":"en-US"},{"@type":"Organization","@id":"https:\/\/nasimgroup.com.mx\/en\/#organization","name":"NasimGroup","url":"https:\/\/nasimgroup.com.mx\/en\/","logo":{"@type":"ImageObject","inLanguage":"en-US","@id":"https:\/\/nasimgroup.com.mx\/en\/#\/schema\/logo\/image\/","url":"http:\/\/nasimgroup.com.mx\/wp-content\/uploads\/2025\/04\/cropped-LOGO_NASIM_NEGRO-1.png","contentUrl":"http:\/\/nasimgroup.com.mx\/wp-content\/uploads\/2025\/04\/cropped-LOGO_NASIM_NEGRO-1.png","width":512,"height":512,"caption":"NasimGroup"},"image":{"@id":"https:\/\/nasimgroup.com.mx\/en\/#\/schema\/logo\/image\/"},"sameAs":["https:\/\/www.facebook.com\/profile.php?id=100064141266150","https:\/\/www.instagram.com\/nasimgroup\/"]}]}},"jetpack_sharing_enabled":true,"_links":{"self":[{"href":"https:\/\/nasimgroup.com.mx\/en\/wp-json\/wp\/v2\/pages\/854","targetHints":{"allow":["GET"]}}],"collection":[{"href":"https:\/\/nasimgroup.com.mx\/en\/wp-json\/wp\/v2\/pages"}],"about":[{"href":"https:\/\/nasimgroup.com.mx\/en\/wp-json\/wp\/v2\/types\/page"}],"author":[{"embeddable":true,"href":"https:\/\/nasimgroup.com.mx\/en\/wp-json\/wp\/v2\/users\/3"}],"replies":[{"embeddable":true,"href":"https:\/\/nasimgroup.com.mx\/en\/wp-json\/wp\/v2\/comments?post=854"}],"version-history":[{"count":5,"href":"https:\/\/nasimgroup.com.mx\/en\/wp-json\/wp\/v2\/pages\/854\/revisions"}],"predecessor-version":[{"id":1162,"href":"https:\/\/nasimgroup.com.mx\/en\/wp-json\/wp\/v2\/pages\/854\/revisions\/1162"}],"wp:attachment":[{"href":"https:\/\/nasimgroup.com.mx\/en\/wp-json\/wp\/v2\/media?parent=854"}],"curies":[{"name":"wp","href":"https:\/\/api.w.org\/{rel}","templated":true}]}}