{"id":859,"date":"2025-04-09T01:47:17","date_gmt":"2025-04-09T01:47:17","guid":{"rendered":"https:\/\/nasimgroup.com.mx\/?page_id=859"},"modified":"2025-04-14T18:22:34","modified_gmt":"2025-04-14T18:22:34","slug":"beach-club","status":"publish","type":"page","link":"https:\/\/nasimgroup.com.mx\/en\/beach-club\/","title":{"rendered":"Beach Club"},"content":{"rendered":"<div class=\"wp-block-stackable-heading stk-block-heading stk-block-heading--v2 stk-block stk-020ee57\" id=\"span-style-color-ffffff-class-stk-highlight-strong-\ud83c\udf0a-el-oasis-integral-de-playa-del-carmen-\ud83c\udf0a-strong-span\" data-block-id=\"020ee57\"><h2 class=\"stk-block-heading__text has-text-align-center\"><span style=\"color: #ffffff;\" class=\"stk-highlight\"><strong>\ud83c\udf0a El Oasis Integral de Playa del Carmen \ud83c\udf0a<\/strong><\/span><\/h2><\/div>\n\n\n\n<div class=\"wp-block-stackable-columns stk-block-columns stk-block stk-6e1231e\" data-block-id=\"6e1231e\"><div class=\"stk-row stk-inner-blocks stk-block-content stk-content-align stk-6e1231e-column\">\n<div class=\"wp-block-stackable-column stk-block-column stk-column stk-block stk-32223d2\" data-v=\"4\" data-block-id=\"32223d2\"><div class=\"stk-column-wrapper stk-block-column__content stk-container stk-32223d2-container stk--no-background stk--no-padding\"><div class=\"stk-block-content stk-inner-blocks stk-32223d2-inner-blocks\">\n<div class=\"wp-block-cover\"><span aria-hidden=\"true\" class=\"wp-block-cover__background has-background-dim\"><\/span><img fetchpriority=\"high\" decoding=\"async\" width=\"1024\" height=\"809\" class=\"wp-block-cover__image-background wp-image-1062\" alt=\"\" src=\"http:\/\/nasimgroup.com.mx\/wp-content\/uploads\/2025\/04\/QUIZA2-editada-1024x809.png\" data-object-fit=\"cover\" srcset=\"https:\/\/nasimgroup.com.mx\/wp-content\/uploads\/2025\/04\/QUIZA2-editada-1024x809.png 1024w, https:\/\/nasimgroup.com.mx\/wp-content\/uploads\/2025\/04\/QUIZA2-editada-300x237.png 300w, https:\/\/nasimgroup.com.mx\/wp-content\/uploads\/2025\/04\/QUIZA2-editada-768x607.png 768w, https:\/\/nasimgroup.com.mx\/wp-content\/uploads\/2025\/04\/QUIZA2-editada-1536x1214.png 1536w, https:\/\/nasimgroup.com.mx\/wp-content\/uploads\/2025\/04\/QUIZA2-editada-2048x1619.png 2048w, https:\/\/nasimgroup.com.mx\/wp-content\/uploads\/2025\/04\/QUIZA2-editada-15x12.png 15w, https:\/\/nasimgroup.com.mx\/wp-content\/uploads\/2025\/04\/QUIZA2-editada-600x474.png 600w\" sizes=\"(max-width: 1024px) 100vw, 1024px\" \/><div class=\"wp-block-cover__inner-container is-layout-flow wp-block-cover-is-layout-flow\">\n<p class=\"has-text-align-center has-times-new-roman-font-family has-large-font-size has-custom-font\" style=\"font-family:Times New Roman\"><strong><a href=\"http:\/\/nasimgroup.com.mx\/en\/mandarino-beach-club\/\"><span style=\"color: #ffffff;\" class=\"stk-highlight\">Mandarino Beach Club<\/span><\/a><\/strong><\/p>\n<\/div><\/div>\n<\/div><\/div><\/div>\n\n\n\n<div class=\"wp-block-stackable-column stk-block-column stk-column stk-block stk-b383146\" data-v=\"4\" data-block-id=\"b383146\"><div class=\"stk-column-wrapper stk-block-column__content stk-container stk-b383146-container stk--no-background stk--no-padding\"><div class=\"stk-block-content stk-inner-blocks stk-b383146-inner-blocks\">\n<div class=\"wp-block-cover\"><span aria-hidden=\"true\" class=\"wp-block-cover__background has-background-dim\"><\/span><img decoding=\"async\" width=\"768\" height=\"1024\" class=\"wp-block-cover__image-background wp-image-826\" alt=\"\" src=\"http:\/\/nasimgroup.com.mx\/wp-content\/uploads\/2025\/04\/PHOTO-2023-12-21-13-56-11-2-768x1024.jpg\" data-object-fit=\"cover\" srcset=\"https:\/\/nasimgroup.com.mx\/wp-content\/uploads\/2025\/04\/PHOTO-2023-12-21-13-56-11-2-768x1024.jpg 768w, https:\/\/nasimgroup.com.mx\/wp-content\/uploads\/2025\/04\/PHOTO-2023-12-21-13-56-11-2-225x300.jpg 225w, https:\/\/nasimgroup.com.mx\/wp-content\/uploads\/2025\/04\/PHOTO-2023-12-21-13-56-11-2-1152x1536.jpg 1152w, https:\/\/nasimgroup.com.mx\/wp-content\/uploads\/2025\/04\/PHOTO-2023-12-21-13-56-11-2-1536x2048.jpg 1536w, https:\/\/nasimgroup.com.mx\/wp-content\/uploads\/2025\/04\/PHOTO-2023-12-21-13-56-11-2-9x12.jpg 9w, https:\/\/nasimgroup.com.mx\/wp-content\/uploads\/2025\/04\/PHOTO-2023-12-21-13-56-11-2-600x800.jpg 600w, https:\/\/nasimgroup.com.mx\/wp-content\/uploads\/2025\/04\/PHOTO-2023-12-21-13-56-11-2-scaled.jpg 1920w\" sizes=\"(max-width: 768px) 100vw, 768px\" \/><div class=\"wp-block-cover__inner-container is-layout-flow wp-block-cover-is-layout-flow\">\n<p class=\"has-text-align-center has-times-new-roman-font-family has-large-font-size has-custom-font\" style=\"font-family:Times New Roman\"><a href=\"http:\/\/nasimgroup.com.mx\/en\/nasim-holistic-center\/\"><span style=\"color: #ffffff;\" class=\"stk-highlight\"><strong>Nasim Holistic Center<\/strong><\/span><\/a><\/p>\n<\/div><\/div>\n<\/div><\/div><\/div>\n<\/div><\/div>\n\n\n\n<div class=\"wp-block-stackable-columns stk-block-columns stk-block stk-d87dcdd\" data-block-id=\"d87dcdd\"><div class=\"stk-row stk-inner-blocks stk-block-content stk-content-align stk-d87dcdd-column\">\n<div class=\"wp-block-stackable-column stk-block-column stk-column stk-block stk-c144355\" data-v=\"4\" data-block-id=\"c144355\"><div class=\"stk-column-wrapper stk-block-column__content stk-container stk-c144355-container stk--no-background stk--no-padding\"><div class=\"stk-block-content stk-inner-blocks stk-c144355-inner-blocks\">\n<div class=\"wp-block-stackable-heading stk-block-heading stk-block-heading--v2 stk-block stk-1e5c140\" id=\"span-style-color-fefefe-class-stk-highlight-strong-experiencias-que-nutren-cuerpo-y-mente-strong-span\" data-block-id=\"1e5c140\"><h2 class=\"stk-block-heading__text has-text-align-center\"><span style=\"color: #fefefe;\" class=\"stk-highlight\"><strong>Experiencias que nutren cuerpo y mente<\/strong><\/span><\/h2><\/div>\n\n\n\n<p class=\"has-text-align-center\">Desde sesiones de yoga, masajes y terapias hol\u00edsticas hasta cocteles, piscina y buena m\u00fasica: cada experiencia est\u00e1 pensada para equilibrar placer y bienestar.<\/p>\n<\/div><\/div><\/div>\n\n\n\n<div class=\"wp-block-stackable-column stk-block-column stk-column stk-block stk-f4b4ba5\" data-v=\"4\" data-block-id=\"f4b4ba5\"><div class=\"stk-column-wrapper stk-block-column__content stk-container stk-f4b4ba5-container stk--no-background stk--no-padding\"><div class=\"stk-block-content stk-inner-blocks stk-f4b4ba5-inner-blocks\">\n<div class=\"wp-block-stackable-heading stk-block-heading stk-block-heading--v2 stk-block stk-71dc84b\" id=\"span-style-color-fefefe-class-stk-highlight-strong-estilo-de-vida-consciente-y-relajado-strong-span\" data-block-id=\"71dc84b\"><h2 class=\"stk-block-heading__text has-text-align-center\"><span style=\"color: #fefefe;\" class=\"stk-highlight\"><strong>Estilo de vida consciente y relajado<\/strong><\/span><\/h2><\/div>\n\n\n\n<p class=\"has-text-align-center\">La combinaci\u00f3n perfecta entre relajaci\u00f3n, disfrute y salud. Aqu\u00ed puedes desconectar del estr\u00e9s diario sin renunciar a la comodidad, el sabor ni el estilo.<\/p>\n<\/div><\/div><\/div>\n\n\n\n<div class=\"wp-block-stackable-column stk-block-column stk-column stk-block stk-50a892c\" data-v=\"4\" data-block-id=\"50a892c\"><div class=\"stk-column-wrapper stk-block-column__content stk-container stk-50a892c-container stk--no-background stk--no-padding\"><div class=\"stk-block-content stk-inner-blocks stk-50a892c-inner-blocks\">\n<div class=\"wp-block-stackable-heading stk-block-heading stk-block-heading--v2 stk-block stk-83cd02a\" id=\"strong-span-style-color-ffffff-class-stk-highlight-relajacion-junto-al-mar-span-strong\" data-block-id=\"83cd02a\"><h2 class=\"stk-block-heading__text has-text-align-center\"><strong><span style=\"color: #ffffff;\" class=\"stk-highlight\">Relajaci\u00f3n junto al mar<\/span><\/strong><\/h2><\/div>\n\n\n\n<p><\/p>\n\n\n\n<p class=\"has-text-align-center\">Ambos lugares ofrecen el equilibrio perfecto entre el descanso y la energ\u00eda positiva, rodeados de la naturaleza, donde puedes disfrutar de un d\u00eda de relajaci\u00f3n total <\/p>\n<\/div><\/div><\/div>\n<\/div><\/div>","protected":false},"excerpt":{"rendered":"<p>\ud83c\udf0a El Oasis Integral de Playa del Carmen \ud83c\udf0a Experiencias que nutren cuerpo y mente Desde sesiones de yoga, masajes y terapias hol\u00edsticas hasta cocteles, piscina y buena m\u00fasica: cada experiencia est\u00e1 pensada para equilibrar placer y bienestar. Estilo de vida consciente y relajado La combinaci\u00f3n perfecta entre relajaci\u00f3n, disfrute y salud. Aqu\u00ed puedes desconectar [&hellip;]<\/p>\n","protected":false},"author":3,"featured_media":0,"parent":0,"menu_order":0,"comment_status":"closed","ping_status":"closed","template":"","meta":{"_coblocks_attr":"Times New Roman,Times New Roman","_coblocks_dimensions":"","_coblocks_responsive_height":"","_coblocks_accordion_ie_support":"","_gspb_post_css":"","two_page_speed":{"previous_score":{"desktop_score":95,"desktop_tti":"1.3\u00a0","mobile_score":72,"mobile_tti":"6.6\u00a0","date":"17.06.2025 06:59:46 pm","status":"completed"}},"footnotes":""},"class_list":["post-859","page","type-page","status-publish","hentry"],"blocksy_meta":[],"yoast_head":"<!-- This site is optimized with the Yoast SEO plugin v27.4 - https:\/\/yoast.com\/product\/yoast-seo-wordpress\/ -->\n<title>Beach Club - Nasim Group<\/title>\n<meta name=\"robots\" content=\"index, follow, max-snippet:-1, max-image-preview:large, max-video-preview:-1\" \/>\n<link rel=\"canonical\" href=\"https:\/\/nasimgroup.com.mx\/en\/beach-club\/\" \/>\n<meta property=\"og:locale\" content=\"en_US\" \/>\n<meta property=\"og:type\" content=\"article\" \/>\n<meta property=\"og:title\" content=\"Beach Club - Nasim Group\" \/>\n<meta property=\"og:description\" content=\"\ud83c\udf0a El Oasis Integral de Playa del Carmen \ud83c\udf0a Experiencias que nutren cuerpo y mente Desde sesiones de yoga, masajes y terapias hol\u00edsticas hasta cocteles, piscina y buena m\u00fasica: cada experiencia est\u00e1 pensada para equilibrar placer y bienestar. Estilo de vida consciente y relajado La combinaci\u00f3n perfecta entre relajaci\u00f3n, disfrute y salud. Aqu\u00ed puedes desconectar [&hellip;]\" \/>\n<meta property=\"og:url\" content=\"https:\/\/nasimgroup.com.mx\/en\/beach-club\/\" \/>\n<meta property=\"og:site_name\" content=\"Nasim Group\" \/>\n<meta property=\"article:publisher\" content=\"https:\/\/www.facebook.com\/profile.php?id=100064141266150\" \/>\n<meta property=\"article:modified_time\" content=\"2025-04-14T18:22:34+00:00\" \/>\n<meta property=\"og:image\" content=\"http:\/\/nasimgroup.com.mx\/wp-content\/uploads\/2025\/04\/QUIZA2-editada-1024x809.png\" \/>\n<meta name=\"twitter:card\" content=\"summary_large_image\" \/>\n<meta name=\"twitter:label1\" content=\"Est. reading time\" \/>\n\t<meta name=\"twitter:data1\" content=\"1 minute\" \/>\n<script type=\"application\/ld+json\" class=\"yoast-schema-graph\">{\"@context\":\"https:\\\/\\\/schema.org\",\"@graph\":[{\"@type\":\"WebPage\",\"@id\":\"https:\\\/\\\/nasimgroup.com.mx\\\/beach-club\\\/\",\"url\":\"https:\\\/\\\/nasimgroup.com.mx\\\/beach-club\\\/\",\"name\":\"Beach Club - Nasim Group\",\"isPartOf\":{\"@id\":\"https:\\\/\\\/nasimgroup.com.mx\\\/en\\\/#website\"},\"primaryImageOfPage\":{\"@id\":\"https:\\\/\\\/nasimgroup.com.mx\\\/beach-club\\\/#primaryimage\"},\"image\":{\"@id\":\"https:\\\/\\\/nasimgroup.com.mx\\\/beach-club\\\/#primaryimage\"},\"thumbnailUrl\":\"http:\\\/\\\/nasimgroup.com.mx\\\/wp-content\\\/uploads\\\/2025\\\/04\\\/QUIZA2-editada-1024x809.png\",\"datePublished\":\"2025-04-09T01:47:17+00:00\",\"dateModified\":\"2025-04-14T18:22:34+00:00\",\"breadcrumb\":{\"@id\":\"https:\\\/\\\/nasimgroup.com.mx\\\/beach-club\\\/#breadcrumb\"},\"inLanguage\":\"en-US\",\"potentialAction\":[{\"@type\":\"ReadAction\",\"target\":[\"https:\\\/\\\/nasimgroup.com.mx\\\/beach-club\\\/\"]}]},{\"@type\":\"ImageObject\",\"inLanguage\":\"en-US\",\"@id\":\"https:\\\/\\\/nasimgroup.com.mx\\\/beach-club\\\/#primaryimage\",\"url\":\"http:\\\/\\\/nasimgroup.com.mx\\\/wp-content\\\/uploads\\\/2025\\\/04\\\/QUIZA2-editada-1024x809.png\",\"contentUrl\":\"http:\\\/\\\/nasimgroup.com.mx\\\/wp-content\\\/uploads\\\/2025\\\/04\\\/QUIZA2-editada-1024x809.png\"},{\"@type\":\"BreadcrumbList\",\"@id\":\"https:\\\/\\\/nasimgroup.com.mx\\\/beach-club\\\/#breadcrumb\",\"itemListElement\":[{\"@type\":\"ListItem\",\"position\":1,\"name\":\"Home\",\"item\":\"https:\\\/\\\/nasimgroup.com.mx\\\/\"},{\"@type\":\"ListItem\",\"position\":2,\"name\":\"Beach Club\"}]},{\"@type\":\"WebSite\",\"@id\":\"https:\\\/\\\/nasimgroup.com.mx\\\/en\\\/#website\",\"url\":\"https:\\\/\\\/nasimgroup.com.mx\\\/en\\\/\",\"name\":\"Nasim Group\",\"description\":\"\",\"publisher\":{\"@id\":\"https:\\\/\\\/nasimgroup.com.mx\\\/en\\\/#organization\"},\"alternateName\":\"NasimGroup\",\"potentialAction\":[{\"@type\":\"SearchAction\",\"target\":{\"@type\":\"EntryPoint\",\"urlTemplate\":\"https:\\\/\\\/nasimgroup.com.mx\\\/en\\\/?s={search_term_string}\"},\"query-input\":{\"@type\":\"PropertyValueSpecification\",\"valueRequired\":true,\"valueName\":\"search_term_string\"}}],\"inLanguage\":\"en-US\"},{\"@type\":\"Organization\",\"@id\":\"https:\\\/\\\/nasimgroup.com.mx\\\/en\\\/#organization\",\"name\":\"NasimGroup\",\"url\":\"https:\\\/\\\/nasimgroup.com.mx\\\/en\\\/\",\"logo\":{\"@type\":\"ImageObject\",\"inLanguage\":\"en-US\",\"@id\":\"https:\\\/\\\/nasimgroup.com.mx\\\/en\\\/#\\\/schema\\\/logo\\\/image\\\/\",\"url\":\"http:\\\/\\\/nasimgroup.com.mx\\\/wp-content\\\/uploads\\\/2025\\\/04\\\/cropped-LOGO_NASIM_NEGRO-1.png\",\"contentUrl\":\"http:\\\/\\\/nasimgroup.com.mx\\\/wp-content\\\/uploads\\\/2025\\\/04\\\/cropped-LOGO_NASIM_NEGRO-1.png\",\"width\":512,\"height\":512,\"caption\":\"NasimGroup\"},\"image\":{\"@id\":\"https:\\\/\\\/nasimgroup.com.mx\\\/en\\\/#\\\/schema\\\/logo\\\/image\\\/\"},\"sameAs\":[\"https:\\\/\\\/www.facebook.com\\\/profile.php?id=100064141266150\",\"https:\\\/\\\/www.instagram.com\\\/nasimgroup\\\/\"]}]}<\/script>\n<!-- \/ Yoast SEO plugin. -->","yoast_head_json":{"title":"Beach Club - Nasim Group","robots":{"index":"index","follow":"follow","max-snippet":"max-snippet:-1","max-image-preview":"max-image-preview:large","max-video-preview":"max-video-preview:-1"},"canonical":"https:\/\/nasimgroup.com.mx\/en\/beach-club\/","og_locale":"en_US","og_type":"article","og_title":"Beach Club - Nasim Group","og_description":"\ud83c\udf0a El Oasis Integral de Playa del Carmen \ud83c\udf0a Experiencias que nutren cuerpo y mente Desde sesiones de yoga, masajes y terapias hol\u00edsticas hasta cocteles, piscina y buena m\u00fasica: cada experiencia est\u00e1 pensada para equilibrar placer y bienestar. Estilo de vida consciente y relajado La combinaci\u00f3n perfecta entre relajaci\u00f3n, disfrute y salud. Aqu\u00ed puedes desconectar [&hellip;]","og_url":"https:\/\/nasimgroup.com.mx\/en\/beach-club\/","og_site_name":"Nasim Group","article_publisher":"https:\/\/www.facebook.com\/profile.php?id=100064141266150","article_modified_time":"2025-04-14T18:22:34+00:00","og_image":[{"url":"http:\/\/nasimgroup.com.mx\/wp-content\/uploads\/2025\/04\/QUIZA2-editada-1024x809.png","type":"","width":"","height":""}],"twitter_card":"summary_large_image","twitter_misc":{"Est. reading time":"1 minute"},"schema":{"@context":"https:\/\/schema.org","@graph":[{"@type":"WebPage","@id":"https:\/\/nasimgroup.com.mx\/beach-club\/","url":"https:\/\/nasimgroup.com.mx\/beach-club\/","name":"Beach Club - Nasim Group","isPartOf":{"@id":"https:\/\/nasimgroup.com.mx\/en\/#website"},"primaryImageOfPage":{"@id":"https:\/\/nasimgroup.com.mx\/beach-club\/#primaryimage"},"image":{"@id":"https:\/\/nasimgroup.com.mx\/beach-club\/#primaryimage"},"thumbnailUrl":"http:\/\/nasimgroup.com.mx\/wp-content\/uploads\/2025\/04\/QUIZA2-editada-1024x809.png","datePublished":"2025-04-09T01:47:17+00:00","dateModified":"2025-04-14T18:22:34+00:00","breadcrumb":{"@id":"https:\/\/nasimgroup.com.mx\/beach-club\/#breadcrumb"},"inLanguage":"en-US","potentialAction":[{"@type":"ReadAction","target":["https:\/\/nasimgroup.com.mx\/beach-club\/"]}]},{"@type":"ImageObject","inLanguage":"en-US","@id":"https:\/\/nasimgroup.com.mx\/beach-club\/#primaryimage","url":"http:\/\/nasimgroup.com.mx\/wp-content\/uploads\/2025\/04\/QUIZA2-editada-1024x809.png","contentUrl":"http:\/\/nasimgroup.com.mx\/wp-content\/uploads\/2025\/04\/QUIZA2-editada-1024x809.png"},{"@type":"BreadcrumbList","@id":"https:\/\/nasimgroup.com.mx\/beach-club\/#breadcrumb","itemListElement":[{"@type":"ListItem","position":1,"name":"Home","item":"https:\/\/nasimgroup.com.mx\/"},{"@type":"ListItem","position":2,"name":"Beach Club"}]},{"@type":"WebSite","@id":"https:\/\/nasimgroup.com.mx\/en\/#website","url":"https:\/\/nasimgroup.com.mx\/en\/","name":"Nasim Group","description":"","publisher":{"@id":"https:\/\/nasimgroup.com.mx\/en\/#organization"},"alternateName":"NasimGroup","potentialAction":[{"@type":"SearchAction","target":{"@type":"EntryPoint","urlTemplate":"https:\/\/nasimgroup.com.mx\/en\/?s={search_term_string}"},"query-input":{"@type":"PropertyValueSpecification","valueRequired":true,"valueName":"search_term_string"}}],"inLanguage":"en-US"},{"@type":"Organization","@id":"https:\/\/nasimgroup.com.mx\/en\/#organization","name":"NasimGroup","url":"https:\/\/nasimgroup.com.mx\/en\/","logo":{"@type":"ImageObject","inLanguage":"en-US","@id":"https:\/\/nasimgroup.com.mx\/en\/#\/schema\/logo\/image\/","url":"http:\/\/nasimgroup.com.mx\/wp-content\/uploads\/2025\/04\/cropped-LOGO_NASIM_NEGRO-1.png","contentUrl":"http:\/\/nasimgroup.com.mx\/wp-content\/uploads\/2025\/04\/cropped-LOGO_NASIM_NEGRO-1.png","width":512,"height":512,"caption":"NasimGroup"},"image":{"@id":"https:\/\/nasimgroup.com.mx\/en\/#\/schema\/logo\/image\/"},"sameAs":["https:\/\/www.facebook.com\/profile.php?id=100064141266150","https:\/\/www.instagram.com\/nasimgroup\/"]}]}},"jetpack_sharing_enabled":true,"_links":{"self":[{"href":"https:\/\/nasimgroup.com.mx\/en\/wp-json\/wp\/v2\/pages\/859","targetHints":{"allow":["GET"]}}],"collection":[{"href":"https:\/\/nasimgroup.com.mx\/en\/wp-json\/wp\/v2\/pages"}],"about":[{"href":"https:\/\/nasimgroup.com.mx\/en\/wp-json\/wp\/v2\/types\/page"}],"author":[{"embeddable":true,"href":"https:\/\/nasimgroup.com.mx\/en\/wp-json\/wp\/v2\/users\/3"}],"replies":[{"embeddable":true,"href":"https:\/\/nasimgroup.com.mx\/en\/wp-json\/wp\/v2\/comments?post=859"}],"version-history":[{"count":2,"href":"https:\/\/nasimgroup.com.mx\/en\/wp-json\/wp\/v2\/pages\/859\/revisions"}],"predecessor-version":[{"id":1164,"href":"https:\/\/nasimgroup.com.mx\/en\/wp-json\/wp\/v2\/pages\/859\/revisions\/1164"}],"wp:attachment":[{"href":"https:\/\/nasimgroup.com.mx\/en\/wp-json\/wp\/v2\/media?parent=859"}],"curies":[{"name":"wp","href":"https:\/\/api.w.org\/{rel}","templated":true}]}}