{"id":861,"date":"2025-04-09T01:47:18","date_gmt":"2025-04-09T01:47:18","guid":{"rendered":"https:\/\/nasimgroup.com.mx\/?page_id=861"},"modified":"2025-04-14T18:49:41","modified_gmt":"2025-04-14T18:49:41","slug":"club-social","status":"publish","type":"page","link":"https:\/\/nasimgroup.com.mx\/en\/club-social\/","title":{"rendered":"Club Social"},"content":{"rendered":"<div class=\"wp-block-stackable-heading stk-block-heading stk-block-heading--v2 stk-block stk-f946354\" id=\"span-style-color-ffffff-class-stk-highlight-strong-la-fiesta-comienza-en-club-social-\ud83c\udfa4-\ud83c\udfb6-strong-span\" data-block-id=\"f946354\"><h2 class=\"stk-block-heading__text has-text-align-center\"><span style=\"color: #ffffff;\" class=\"stk-highlight\"><strong>\u00a1La fiesta comienza en Club Social! \ud83c\udfa4\ud83c\udfb6<\/strong><\/span><\/h2><\/div>\n\n\n\n<div class=\"wp-block-cover\"><span aria-hidden=\"true\" class=\"wp-block-cover__background has-background-dim\"><\/span><img fetchpriority=\"high\" decoding=\"async\" width=\"427\" height=\"1024\" class=\"wp-block-cover__image-background wp-image-771\" alt=\"\" src=\"http:\/\/nasimgroup.com.mx\/wp-content\/uploads\/2025\/04\/Fondos-03-427x1024.png\" style=\"object-position:50% 43%\" data-object-fit=\"cover\" data-object-position=\"50% 43%\" srcset=\"https:\/\/nasimgroup.com.mx\/wp-content\/uploads\/2025\/04\/Fondos-03-427x1024.png 427w, https:\/\/nasimgroup.com.mx\/wp-content\/uploads\/2025\/04\/Fondos-03-125x300.png 125w, https:\/\/nasimgroup.com.mx\/wp-content\/uploads\/2025\/04\/Fondos-03-768x1843.png 768w, https:\/\/nasimgroup.com.mx\/wp-content\/uploads\/2025\/04\/Fondos-03-640x1536.png 640w, https:\/\/nasimgroup.com.mx\/wp-content\/uploads\/2025\/04\/Fondos-03-853x2048.png 853w, https:\/\/nasimgroup.com.mx\/wp-content\/uploads\/2025\/04\/Fondos-03-5x12.png 5w, https:\/\/nasimgroup.com.mx\/wp-content\/uploads\/2025\/04\/Fondos-03-600x1440.png 600w, https:\/\/nasimgroup.com.mx\/wp-content\/uploads\/2025\/04\/Fondos-03.png 1875w\" sizes=\"(max-width: 427px) 100vw, 427px\" \/><div class=\"wp-block-cover__inner-container is-layout-flow wp-block-cover-is-layout-flow\">\n<p class=\"has-text-align-center has-times-new-roman-font-family has-large-font-size has-custom-font\" style=\"font-family:Times New Roman\"><strong><a href=\"http:\/\/nasimgroup.com.mx\/en\/club-social-karaoke-box\/\"><span style=\"color: #ffffff;\" class=\"stk-highlight\">Club Social Karaoke Box<\/span><\/a><\/strong><\/p>\n<\/div><\/div>\n\n\n\n<div class=\"wp-block-stackable-columns stk-block-columns stk-block stk-7709a47\" data-block-id=\"7709a47\"><div class=\"stk-row stk-inner-blocks stk-block-content stk-content-align stk-7709a47-column\">\n<div class=\"wp-block-stackable-column stk-block-column stk-column stk-block stk-50b0d17\" data-v=\"4\" data-block-id=\"50b0d17\"><div class=\"stk-column-wrapper stk-block-column__content stk-container stk-50b0d17-container stk--no-background stk--no-padding\"><div class=\"stk-block-content stk-inner-blocks stk-50b0d17-inner-blocks\">\n<div class=\"wp-block-stackable-heading stk-block-heading stk-block-heading--v2 stk-block stk-c95b6a4\" id=\"span-style-color-fffefe-class-stk-highlight-strong-diversion-sin-limites-strong-span\" data-block-id=\"c95b6a4\"><h2 class=\"stk-block-heading__text has-text-align-center\"><span style=\"color: #fffefe;\" class=\"stk-highlight\"><strong>Diversi\u00f3n sin l\u00edmites<\/strong><\/span><\/h2><\/div>\n\n\n\n<p class=\"has-text-align-center\">Karaoke, m\u00fasica en vivo y el mejor ambiente para disfrutar con amigos.<\/p>\n<\/div><\/div><\/div>\n\n\n\n<div class=\"wp-block-stackable-column stk-block-column stk-column stk-block stk-227f62a\" data-v=\"4\" data-block-id=\"227f62a\"><div class=\"stk-column-wrapper stk-block-column__content stk-container stk-227f62a-container stk--no-background stk--no-padding\"><div class=\"stk-block-content stk-inner-blocks stk-227f62a-inner-blocks\">\n<div class=\"wp-block-stackable-heading stk-block-heading stk-block-heading--v2 stk-block stk-a2a563a\" id=\"span-style-color-ffffff-class-stk-highlight-strong-espacios-exclusivos-strong-span\" data-block-id=\"a2a563a\"><h2 class=\"stk-block-heading__text\"><span style=\"color: #ffffff;\" class=\"stk-highlight\"><strong>Espacios exclusivos<\/strong><\/span><\/h2><\/div>\n\n\n\n<p class=\"has-text-align-center\"><span style=\"color: #ffffff;\" class=\"stk-highlight\">Disfruta de cabinas privadas para que tu experiencia sea a\u00fan m\u00e1s personal.<\/span><\/p>\n<\/div><\/div><\/div>\n\n\n\n<div class=\"wp-block-stackable-column stk-block-column stk-column stk-block stk-0dadd99\" data-v=\"4\" data-block-id=\"0dadd99\"><div class=\"stk-column-wrapper stk-block-column__content stk-container stk-0dadd99-container stk--no-background stk--no-padding\"><div class=\"stk-block-content stk-inner-blocks stk-0dadd99-inner-blocks\">\n<div class=\"wp-block-stackable-heading stk-block-heading stk-block-heading--v2 stk-block stk-9ba51c8\" id=\"strong-span-style-color-fefefe-class-stk-highlight-el-lugar-para-brillar-span-strong\" data-block-id=\"9ba51c8\"><h2 class=\"stk-block-heading__text\"><strong><span style=\"color: #fefefe;\" class=\"stk-highlight\">El lugar para brillar<\/span><\/strong><\/h2><\/div>\n\n\n\n<p>Libera tu estrella interior y canta como nunca. En Club Social, cada noche es una oportunidad para mostrar tu talento y disfrutar del mejor ambiente social.<\/p>\n<\/div><\/div><\/div>\n<\/div><\/div>\n\n\n\n<p><\/p>","protected":false},"excerpt":{"rendered":"<p>\u00a1La fiesta comienza en Club Social! \ud83c\udfa4\ud83c\udfb6 Diversi\u00f3n sin l\u00edmites Karaoke, m\u00fasica en vivo y el mejor ambiente para disfrutar con amigos. Espacios exclusivos Disfruta de cabinas privadas para que tu experiencia sea a\u00fan m\u00e1s personal. El lugar para brillar Libera tu estrella interior y canta como nunca. En Club Social, cada noche es una [&hellip;]<\/p>\n","protected":false},"author":3,"featured_media":0,"parent":0,"menu_order":0,"comment_status":"closed","ping_status":"closed","template":"","meta":{"_coblocks_attr":"Times New Roman","_coblocks_dimensions":"","_coblocks_responsive_height":"","_coblocks_accordion_ie_support":"","_gspb_post_css":"","two_page_speed":[],"footnotes":""},"class_list":["post-861","page","type-page","status-publish","hentry"],"blocksy_meta":[],"yoast_head":"<!-- This site is optimized with the Yoast SEO plugin v27.4 - https:\/\/yoast.com\/product\/yoast-seo-wordpress\/ -->\n<title>Club Social - Nasim Group<\/title>\n<meta name=\"robots\" content=\"index, follow, max-snippet:-1, max-image-preview:large, max-video-preview:-1\" \/>\n<link rel=\"canonical\" href=\"https:\/\/nasimgroup.com.mx\/en\/club-social\/\" \/>\n<meta property=\"og:locale\" content=\"en_US\" \/>\n<meta property=\"og:type\" content=\"article\" \/>\n<meta property=\"og:title\" content=\"Club Social - Nasim Group\" \/>\n<meta property=\"og:description\" content=\"\u00a1La fiesta comienza en Club Social! \ud83c\udfa4\ud83c\udfb6 Diversi\u00f3n sin l\u00edmites Karaoke, m\u00fasica en vivo y el mejor ambiente para disfrutar con amigos. Espacios exclusivos Disfruta de cabinas privadas para que tu experiencia sea a\u00fan m\u00e1s personal. El lugar para brillar Libera tu estrella interior y canta como nunca. En Club Social, cada noche es una [&hellip;]\" \/>\n<meta property=\"og:url\" content=\"https:\/\/nasimgroup.com.mx\/en\/club-social\/\" \/>\n<meta property=\"og:site_name\" content=\"Nasim Group\" \/>\n<meta property=\"article:publisher\" content=\"https:\/\/www.facebook.com\/profile.php?id=100064141266150\" \/>\n<meta property=\"article:modified_time\" content=\"2025-04-14T18:49:41+00:00\" \/>\n<meta property=\"og:image\" content=\"http:\/\/nasimgroup.com.mx\/wp-content\/uploads\/2025\/04\/Fondos-03-427x1024.png\" \/>\n<meta name=\"twitter:card\" content=\"summary_large_image\" \/>\n<meta name=\"twitter:label1\" content=\"Est. reading time\" \/>\n\t<meta name=\"twitter:data1\" content=\"1 minute\" \/>\n<script type=\"application\/ld+json\" class=\"yoast-schema-graph\">{\"@context\":\"https:\\\/\\\/schema.org\",\"@graph\":[{\"@type\":\"WebPage\",\"@id\":\"https:\\\/\\\/nasimgroup.com.mx\\\/club-social\\\/\",\"url\":\"https:\\\/\\\/nasimgroup.com.mx\\\/club-social\\\/\",\"name\":\"Club Social - Nasim Group\",\"isPartOf\":{\"@id\":\"https:\\\/\\\/nasimgroup.com.mx\\\/en\\\/#website\"},\"primaryImageOfPage\":{\"@id\":\"https:\\\/\\\/nasimgroup.com.mx\\\/club-social\\\/#primaryimage\"},\"image\":{\"@id\":\"https:\\\/\\\/nasimgroup.com.mx\\\/club-social\\\/#primaryimage\"},\"thumbnailUrl\":\"http:\\\/\\\/nasimgroup.com.mx\\\/wp-content\\\/uploads\\\/2025\\\/04\\\/Fondos-03-427x1024.png\",\"datePublished\":\"2025-04-09T01:47:18+00:00\",\"dateModified\":\"2025-04-14T18:49:41+00:00\",\"breadcrumb\":{\"@id\":\"https:\\\/\\\/nasimgroup.com.mx\\\/club-social\\\/#breadcrumb\"},\"inLanguage\":\"en-US\",\"potentialAction\":[{\"@type\":\"ReadAction\",\"target\":[\"https:\\\/\\\/nasimgroup.com.mx\\\/club-social\\\/\"]}]},{\"@type\":\"ImageObject\",\"inLanguage\":\"en-US\",\"@id\":\"https:\\\/\\\/nasimgroup.com.mx\\\/club-social\\\/#primaryimage\",\"url\":\"http:\\\/\\\/nasimgroup.com.mx\\\/wp-content\\\/uploads\\\/2025\\\/04\\\/Fondos-03-427x1024.png\",\"contentUrl\":\"http:\\\/\\\/nasimgroup.com.mx\\\/wp-content\\\/uploads\\\/2025\\\/04\\\/Fondos-03-427x1024.png\"},{\"@type\":\"BreadcrumbList\",\"@id\":\"https:\\\/\\\/nasimgroup.com.mx\\\/club-social\\\/#breadcrumb\",\"itemListElement\":[{\"@type\":\"ListItem\",\"position\":1,\"name\":\"Home\",\"item\":\"https:\\\/\\\/nasimgroup.com.mx\\\/\"},{\"@type\":\"ListItem\",\"position\":2,\"name\":\"Club Social\"}]},{\"@type\":\"WebSite\",\"@id\":\"https:\\\/\\\/nasimgroup.com.mx\\\/en\\\/#website\",\"url\":\"https:\\\/\\\/nasimgroup.com.mx\\\/en\\\/\",\"name\":\"Nasim Group\",\"description\":\"\",\"publisher\":{\"@id\":\"https:\\\/\\\/nasimgroup.com.mx\\\/en\\\/#organization\"},\"alternateName\":\"NasimGroup\",\"potentialAction\":[{\"@type\":\"SearchAction\",\"target\":{\"@type\":\"EntryPoint\",\"urlTemplate\":\"https:\\\/\\\/nasimgroup.com.mx\\\/en\\\/?s={search_term_string}\"},\"query-input\":{\"@type\":\"PropertyValueSpecification\",\"valueRequired\":true,\"valueName\":\"search_term_string\"}}],\"inLanguage\":\"en-US\"},{\"@type\":\"Organization\",\"@id\":\"https:\\\/\\\/nasimgroup.com.mx\\\/en\\\/#organization\",\"name\":\"NasimGroup\",\"url\":\"https:\\\/\\\/nasimgroup.com.mx\\\/en\\\/\",\"logo\":{\"@type\":\"ImageObject\",\"inLanguage\":\"en-US\",\"@id\":\"https:\\\/\\\/nasimgroup.com.mx\\\/en\\\/#\\\/schema\\\/logo\\\/image\\\/\",\"url\":\"http:\\\/\\\/nasimgroup.com.mx\\\/wp-content\\\/uploads\\\/2025\\\/04\\\/cropped-LOGO_NASIM_NEGRO-1.png\",\"contentUrl\":\"http:\\\/\\\/nasimgroup.com.mx\\\/wp-content\\\/uploads\\\/2025\\\/04\\\/cropped-LOGO_NASIM_NEGRO-1.png\",\"width\":512,\"height\":512,\"caption\":\"NasimGroup\"},\"image\":{\"@id\":\"https:\\\/\\\/nasimgroup.com.mx\\\/en\\\/#\\\/schema\\\/logo\\\/image\\\/\"},\"sameAs\":[\"https:\\\/\\\/www.facebook.com\\\/profile.php?id=100064141266150\",\"https:\\\/\\\/www.instagram.com\\\/nasimgroup\\\/\"]}]}<\/script>\n<!-- \/ Yoast SEO plugin. -->","yoast_head_json":{"title":"Club Social - Nasim Group","robots":{"index":"index","follow":"follow","max-snippet":"max-snippet:-1","max-image-preview":"max-image-preview:large","max-video-preview":"max-video-preview:-1"},"canonical":"https:\/\/nasimgroup.com.mx\/en\/club-social\/","og_locale":"en_US","og_type":"article","og_title":"Club Social - Nasim Group","og_description":"\u00a1La fiesta comienza en Club Social! \ud83c\udfa4\ud83c\udfb6 Diversi\u00f3n sin l\u00edmites Karaoke, m\u00fasica en vivo y el mejor ambiente para disfrutar con amigos. Espacios exclusivos Disfruta de cabinas privadas para que tu experiencia sea a\u00fan m\u00e1s personal. El lugar para brillar Libera tu estrella interior y canta como nunca. En Club Social, cada noche es una [&hellip;]","og_url":"https:\/\/nasimgroup.com.mx\/en\/club-social\/","og_site_name":"Nasim Group","article_publisher":"https:\/\/www.facebook.com\/profile.php?id=100064141266150","article_modified_time":"2025-04-14T18:49:41+00:00","og_image":[{"url":"http:\/\/nasimgroup.com.mx\/wp-content\/uploads\/2025\/04\/Fondos-03-427x1024.png","type":"","width":"","height":""}],"twitter_card":"summary_large_image","twitter_misc":{"Est. reading time":"1 minute"},"schema":{"@context":"https:\/\/schema.org","@graph":[{"@type":"WebPage","@id":"https:\/\/nasimgroup.com.mx\/club-social\/","url":"https:\/\/nasimgroup.com.mx\/club-social\/","name":"Club Social - Nasim Group","isPartOf":{"@id":"https:\/\/nasimgroup.com.mx\/en\/#website"},"primaryImageOfPage":{"@id":"https:\/\/nasimgroup.com.mx\/club-social\/#primaryimage"},"image":{"@id":"https:\/\/nasimgroup.com.mx\/club-social\/#primaryimage"},"thumbnailUrl":"http:\/\/nasimgroup.com.mx\/wp-content\/uploads\/2025\/04\/Fondos-03-427x1024.png","datePublished":"2025-04-09T01:47:18+00:00","dateModified":"2025-04-14T18:49:41+00:00","breadcrumb":{"@id":"https:\/\/nasimgroup.com.mx\/club-social\/#breadcrumb"},"inLanguage":"en-US","potentialAction":[{"@type":"ReadAction","target":["https:\/\/nasimgroup.com.mx\/club-social\/"]}]},{"@type":"ImageObject","inLanguage":"en-US","@id":"https:\/\/nasimgroup.com.mx\/club-social\/#primaryimage","url":"http:\/\/nasimgroup.com.mx\/wp-content\/uploads\/2025\/04\/Fondos-03-427x1024.png","contentUrl":"http:\/\/nasimgroup.com.mx\/wp-content\/uploads\/2025\/04\/Fondos-03-427x1024.png"},{"@type":"BreadcrumbList","@id":"https:\/\/nasimgroup.com.mx\/club-social\/#breadcrumb","itemListElement":[{"@type":"ListItem","position":1,"name":"Home","item":"https:\/\/nasimgroup.com.mx\/"},{"@type":"ListItem","position":2,"name":"Club Social"}]},{"@type":"WebSite","@id":"https:\/\/nasimgroup.com.mx\/en\/#website","url":"https:\/\/nasimgroup.com.mx\/en\/","name":"Nasim Group","description":"","publisher":{"@id":"https:\/\/nasimgroup.com.mx\/en\/#organization"},"alternateName":"NasimGroup","potentialAction":[{"@type":"SearchAction","target":{"@type":"EntryPoint","urlTemplate":"https:\/\/nasimgroup.com.mx\/en\/?s={search_term_string}"},"query-input":{"@type":"PropertyValueSpecification","valueRequired":true,"valueName":"search_term_string"}}],"inLanguage":"en-US"},{"@type":"Organization","@id":"https:\/\/nasimgroup.com.mx\/en\/#organization","name":"NasimGroup","url":"https:\/\/nasimgroup.com.mx\/en\/","logo":{"@type":"ImageObject","inLanguage":"en-US","@id":"https:\/\/nasimgroup.com.mx\/en\/#\/schema\/logo\/image\/","url":"http:\/\/nasimgroup.com.mx\/wp-content\/uploads\/2025\/04\/cropped-LOGO_NASIM_NEGRO-1.png","contentUrl":"http:\/\/nasimgroup.com.mx\/wp-content\/uploads\/2025\/04\/cropped-LOGO_NASIM_NEGRO-1.png","width":512,"height":512,"caption":"NasimGroup"},"image":{"@id":"https:\/\/nasimgroup.com.mx\/en\/#\/schema\/logo\/image\/"},"sameAs":["https:\/\/www.facebook.com\/profile.php?id=100064141266150","https:\/\/www.instagram.com\/nasimgroup\/"]}]}},"jetpack_sharing_enabled":true,"_links":{"self":[{"href":"https:\/\/nasimgroup.com.mx\/en\/wp-json\/wp\/v2\/pages\/861","targetHints":{"allow":["GET"]}}],"collection":[{"href":"https:\/\/nasimgroup.com.mx\/en\/wp-json\/wp\/v2\/pages"}],"about":[{"href":"https:\/\/nasimgroup.com.mx\/en\/wp-json\/wp\/v2\/types\/page"}],"author":[{"embeddable":true,"href":"https:\/\/nasimgroup.com.mx\/en\/wp-json\/wp\/v2\/users\/3"}],"replies":[{"embeddable":true,"href":"https:\/\/nasimgroup.com.mx\/en\/wp-json\/wp\/v2\/comments?post=861"}],"version-history":[{"count":2,"href":"https:\/\/nasimgroup.com.mx\/en\/wp-json\/wp\/v2\/pages\/861\/revisions"}],"predecessor-version":[{"id":1169,"href":"https:\/\/nasimgroup.com.mx\/en\/wp-json\/wp\/v2\/pages\/861\/revisions\/1169"}],"wp:attachment":[{"href":"https:\/\/nasimgroup.com.mx\/en\/wp-json\/wp\/v2\/media?parent=861"}],"curies":[{"name":"wp","href":"https:\/\/api.w.org\/{rel}","templated":true}]}}