{"id":864,"date":"2025-04-09T01:47:19","date_gmt":"2025-04-09T01:47:19","guid":{"rendered":"https:\/\/nasimgroup.com.mx\/?page_id=864"},"modified":"2025-04-14T18:32:28","modified_gmt":"2025-04-14T18:32:28","slug":"comida-arabe","status":"publish","type":"page","link":"https:\/\/nasimgroup.com.mx\/en\/comida-arabe\/","title":{"rendered":"Comida \u00c1rabe"},"content":{"rendered":"<div class=\"wp-block-stackable-heading stk-block-heading stk-block-heading--v2 stk-block stk-0d53582\" id=\"span-style-color-ffffff-class-stk-highlight-strong-un-viaje-al-corazon-de-la-gastronomia-arabe-strong-span\" data-block-id=\"0d53582\"><h2 class=\"stk-block-heading__text has-text-align-center\"><span style=\"color: #ffffff;\" class=\"stk-highlight\"><strong>Un viaje al coraz\u00f3n de la gastronom\u00eda \u00e1rabe<\/strong><\/span><\/h2><\/div>\n\n\n\n<div class=\"wp-block-stackable-columns stk-block-columns stk-block stk-5a8d8db\" data-block-id=\"5a8d8db\"><div class=\"stk-row stk-inner-blocks stk-block-content stk-content-align stk-5a8d8db-column\">\n<div class=\"wp-block-stackable-column stk-block-column stk-column stk-block stk-452b2af\" data-v=\"4\" data-block-id=\"452b2af\"><div class=\"stk-column-wrapper stk-block-column__content stk-container stk-452b2af-container stk--no-background stk--no-padding\"><div class=\"stk-block-content stk-inner-blocks stk-452b2af-inner-blocks\">\n<div class=\"wp-block-cover alignfull\"><span aria-hidden=\"true\" class=\"wp-block-cover__background has-background-dim\"><\/span><img fetchpriority=\"high\" decoding=\"async\" width=\"427\" height=\"1024\" class=\"wp-block-cover__image-background wp-image-776\" alt=\"\" src=\"http:\/\/nasimgroup.com.mx\/wp-content\/uploads\/2025\/04\/Fondos-07-427x1024.png\" style=\"object-position:67% 39%\" data-object-fit=\"cover\" data-object-position=\"67% 39%\" srcset=\"https:\/\/nasimgroup.com.mx\/wp-content\/uploads\/2025\/04\/Fondos-07-427x1024.png 427w, https:\/\/nasimgroup.com.mx\/wp-content\/uploads\/2025\/04\/Fondos-07-125x300.png 125w, https:\/\/nasimgroup.com.mx\/wp-content\/uploads\/2025\/04\/Fondos-07-768x1843.png 768w, https:\/\/nasimgroup.com.mx\/wp-content\/uploads\/2025\/04\/Fondos-07-640x1536.png 640w, https:\/\/nasimgroup.com.mx\/wp-content\/uploads\/2025\/04\/Fondos-07-853x2048.png 853w, https:\/\/nasimgroup.com.mx\/wp-content\/uploads\/2025\/04\/Fondos-07-5x12.png 5w, https:\/\/nasimgroup.com.mx\/wp-content\/uploads\/2025\/04\/Fondos-07-600x1440.png 600w, https:\/\/nasimgroup.com.mx\/wp-content\/uploads\/2025\/04\/Fondos-07.png 1875w\" sizes=\"(max-width: 427px) 100vw, 427px\" \/><div class=\"wp-block-cover__inner-container is-layout-flow wp-block-cover-is-layout-flow\">\n<p class=\"has-text-align-center has-times-new-roman-font-family has-large-font-size has-custom-font\" style=\"font-family:Times New Roman\"><a href=\"Black: Kebab, Shawarma, Gyros y Tacos\"><span style=\"color: #ffffff;\" class=\"stk-highlight\"><strong>Black: Kebab, Shawarma, Gyros y Tacos<\/strong><\/span><\/a><\/p>\n\n\n\n<p class=\"has-text-align-center has-large-font-size\"><a href=\"https:\/\/www.tiktok.com\/@blackplayadelcarmen\">TikTok<\/a><\/p>\n\n\n\n<p><a href=\"https:\/\/www.facebook.com\/Blackpdc\">Facebook<\/a><\/p>\n\n\n\n<p><a href=\"https:\/\/www.instagram.com\/blackplayadelcarmen\/\">Instagram<\/a><\/p>\n<\/div><\/div>\n<\/div><\/div><\/div>\n<\/div><\/div>\n\n\n\n<div class=\"wp-block-stackable-columns stk-block-columns stk-block stk-1c651ea\" data-block-id=\"1c651ea\"><div class=\"stk-row stk-inner-blocks stk-block-content stk-content-align stk-1c651ea-column\">\n<div class=\"wp-block-stackable-column stk-block-column stk-column stk-block stk-c8f8068\" data-v=\"4\" data-block-id=\"c8f8068\"><div class=\"stk-column-wrapper stk-block-column__content stk-container stk-c8f8068-container stk--no-background stk--no-padding\"><div class=\"stk-block-content stk-inner-blocks stk-c8f8068-inner-blocks\">\n<div class=\"wp-block-stackable-heading stk-block-heading stk-block-heading--v2 stk-block stk-282dd4b\" id=\"strong-span-style-color-fffefe-class-stk-highlight-autenticidad-en-cada-plato-span-strong\" data-block-id=\"282dd4b\"><h2 class=\"stk-block-heading__text has-text-align-center\"><strong><span style=\"color: #fffefe;\" class=\"stk-highlight\">Autenticidad en cada plato<\/span><\/strong><\/h2><\/div>\n\n\n\n<p><\/p>\n\n\n\n<p class=\"has-text-align-center\">Disfruta de una experiencia culinaria \u00fanica con nuestra comida \u00e1rabe, elaborada con ingredientes frescos y tradicionales que capturan el verdadero sabor del Medio Oriente.<\/p>\n<\/div><\/div><\/div>\n\n\n\n<div class=\"wp-block-stackable-column stk-block-column stk-column stk-block stk-4767e08\" data-v=\"4\" data-block-id=\"4767e08\"><div class=\"stk-column-wrapper stk-block-column__content stk-container stk-4767e08-container stk--no-background stk--no-padding\"><div class=\"stk-block-content stk-inner-blocks stk-4767e08-inner-blocks\">\n<div class=\"wp-block-stackable-heading stk-block-heading stk-block-heading--v2 stk-block stk-ba65993\" id=\"strong-span-style-color-ffffff-class-stk-highlight-ambiente-sofisticado-y-acogedor-span-strong\" data-block-id=\"ba65993\"><h2 class=\"stk-block-heading__text has-text-align-center\"><strong><span style=\"color: #ffffff;\" class=\"stk-highlight\">Ambiente sofisticado y acogedor:<\/span><\/strong><\/h2><\/div>\n\n\n\n<p class=\"has-text-align-center\">Un lugar donde la decoraci\u00f3n moderna se mezcla con un ambiente c\u00e1lido, ideal para disfrutar de una velada agradable con amigos, familiares o en una cita especial.<\/p>\n<\/div><\/div><\/div>\n\n\n\n<div class=\"wp-block-stackable-column stk-block-column stk-column stk-block stk-b9b2622\" data-v=\"4\" data-block-id=\"b9b2622\"><div class=\"stk-column-wrapper stk-block-column__content stk-container stk-b9b2622-container stk--no-background stk--no-padding\"><div class=\"stk-block-content stk-inner-blocks stk-b9b2622-inner-blocks\">\n<div class=\"wp-block-stackable-heading stk-block-heading stk-block-heading--v2 stk-block stk-f043d3f\" id=\"strong-span-style-color-ffffff-class-stk-highlight-atencion-personalizada-span-strong\" data-block-id=\"f043d3f\"><h2 class=\"stk-block-heading__text has-text-align-center\"><strong><span style=\"color: #ffffff;\" class=\"stk-highlight\">Atenci\u00f3n personalizada<\/span><\/strong><\/h2><\/div>\n\n\n\n<p><\/p>\n\n\n\n<p class=\"has-text-align-center\">Nuestro equipo est\u00e1 comprometido en brindarte un servicio excepcional, asegurando que cada visita sea memorable, cuidando todos los detalles de tu experiencia gastron\u00f3mica.<\/p>\n<\/div><\/div><\/div>\n<\/div><\/div>","protected":false},"excerpt":{"rendered":"<p>Un viaje al coraz\u00f3n de la gastronom\u00eda \u00e1rabe Autenticidad en cada plato Disfruta de una experiencia culinaria \u00fanica con nuestra comida \u00e1rabe, elaborada con ingredientes frescos y tradicionales que capturan el verdadero sabor del Medio Oriente. Ambiente sofisticado y acogedor: Un lugar donde la decoraci\u00f3n moderna se mezcla con un ambiente c\u00e1lido, ideal para disfrutar [&hellip;]<\/p>\n","protected":false},"author":3,"featured_media":0,"parent":0,"menu_order":0,"comment_status":"closed","ping_status":"closed","template":"","meta":{"_coblocks_attr":"Times New Roman","_coblocks_dimensions":"","_coblocks_responsive_height":"","_coblocks_accordion_ie_support":"","_gspb_post_css":"","two_page_speed":[],"footnotes":""},"class_list":["post-864","page","type-page","status-publish","hentry"],"blocksy_meta":[],"yoast_head":"<!-- This site is optimized with the Yoast SEO plugin v27.4 - https:\/\/yoast.com\/product\/yoast-seo-wordpress\/ -->\n<title>Comida \u00c1rabe - Nasim Group<\/title>\n<meta name=\"robots\" content=\"index, follow, max-snippet:-1, max-image-preview:large, max-video-preview:-1\" \/>\n<link rel=\"canonical\" href=\"https:\/\/nasimgroup.com.mx\/en\/comida-arabe\/\" \/>\n<meta property=\"og:locale\" content=\"en_US\" \/>\n<meta property=\"og:type\" content=\"article\" \/>\n<meta property=\"og:title\" content=\"Comida \u00c1rabe - Nasim Group\" \/>\n<meta property=\"og:description\" content=\"Un viaje al coraz\u00f3n de la gastronom\u00eda \u00e1rabe Autenticidad en cada plato Disfruta de una experiencia culinaria \u00fanica con nuestra comida \u00e1rabe, elaborada con ingredientes frescos y tradicionales que capturan el verdadero sabor del Medio Oriente. Ambiente sofisticado y acogedor: Un lugar donde la decoraci\u00f3n moderna se mezcla con un ambiente c\u00e1lido, ideal para disfrutar [&hellip;]\" \/>\n<meta property=\"og:url\" content=\"https:\/\/nasimgroup.com.mx\/en\/comida-arabe\/\" \/>\n<meta property=\"og:site_name\" content=\"Nasim Group\" \/>\n<meta property=\"article:publisher\" content=\"https:\/\/www.facebook.com\/profile.php?id=100064141266150\" \/>\n<meta property=\"article:modified_time\" content=\"2025-04-14T18:32:28+00:00\" \/>\n<meta property=\"og:image\" content=\"http:\/\/nasimgroup.com.mx\/wp-content\/uploads\/2025\/04\/Fondos-07-427x1024.png\" \/>\n<meta name=\"twitter:card\" content=\"summary_large_image\" \/>\n<meta name=\"twitter:label1\" content=\"Est. reading time\" \/>\n\t<meta name=\"twitter:data1\" content=\"1 minute\" \/>\n<script type=\"application\/ld+json\" class=\"yoast-schema-graph\">{\"@context\":\"https:\\\/\\\/schema.org\",\"@graph\":[{\"@type\":\"WebPage\",\"@id\":\"https:\\\/\\\/nasimgroup.com.mx\\\/en\\\/comida-arabe\\\/\",\"url\":\"https:\\\/\\\/nasimgroup.com.mx\\\/en\\\/comida-arabe\\\/\",\"name\":\"Comida \u00c1rabe - Nasim Group\",\"isPartOf\":{\"@id\":\"https:\\\/\\\/nasimgroup.com.mx\\\/en\\\/#website\"},\"primaryImageOfPage\":{\"@id\":\"https:\\\/\\\/nasimgroup.com.mx\\\/en\\\/comida-arabe\\\/#primaryimage\"},\"image\":{\"@id\":\"https:\\\/\\\/nasimgroup.com.mx\\\/en\\\/comida-arabe\\\/#primaryimage\"},\"thumbnailUrl\":\"http:\\\/\\\/nasimgroup.com.mx\\\/wp-content\\\/uploads\\\/2025\\\/04\\\/Fondos-07-427x1024.png\",\"datePublished\":\"2025-04-09T01:47:19+00:00\",\"dateModified\":\"2025-04-14T18:32:28+00:00\",\"breadcrumb\":{\"@id\":\"https:\\\/\\\/nasimgroup.com.mx\\\/en\\\/comida-arabe\\\/#breadcrumb\"},\"inLanguage\":\"en-US\",\"potentialAction\":[{\"@type\":\"ReadAction\",\"target\":[\"https:\\\/\\\/nasimgroup.com.mx\\\/en\\\/comida-arabe\\\/\"]}]},{\"@type\":\"ImageObject\",\"inLanguage\":\"en-US\",\"@id\":\"https:\\\/\\\/nasimgroup.com.mx\\\/en\\\/comida-arabe\\\/#primaryimage\",\"url\":\"http:\\\/\\\/nasimgroup.com.mx\\\/wp-content\\\/uploads\\\/2025\\\/04\\\/Fondos-07-427x1024.png\",\"contentUrl\":\"http:\\\/\\\/nasimgroup.com.mx\\\/wp-content\\\/uploads\\\/2025\\\/04\\\/Fondos-07-427x1024.png\"},{\"@type\":\"BreadcrumbList\",\"@id\":\"https:\\\/\\\/nasimgroup.com.mx\\\/en\\\/comida-arabe\\\/#breadcrumb\",\"itemListElement\":[{\"@type\":\"ListItem\",\"position\":1,\"name\":\"Home\",\"item\":\"https:\\\/\\\/nasimgroup.com.mx\\\/\"},{\"@type\":\"ListItem\",\"position\":2,\"name\":\"Comida \u00c1rabe\"}]},{\"@type\":\"WebSite\",\"@id\":\"https:\\\/\\\/nasimgroup.com.mx\\\/en\\\/#website\",\"url\":\"https:\\\/\\\/nasimgroup.com.mx\\\/en\\\/\",\"name\":\"Nasim Group\",\"description\":\"\",\"publisher\":{\"@id\":\"https:\\\/\\\/nasimgroup.com.mx\\\/en\\\/#organization\"},\"alternateName\":\"NasimGroup\",\"potentialAction\":[{\"@type\":\"SearchAction\",\"target\":{\"@type\":\"EntryPoint\",\"urlTemplate\":\"https:\\\/\\\/nasimgroup.com.mx\\\/en\\\/?s={search_term_string}\"},\"query-input\":{\"@type\":\"PropertyValueSpecification\",\"valueRequired\":true,\"valueName\":\"search_term_string\"}}],\"inLanguage\":\"en-US\"},{\"@type\":\"Organization\",\"@id\":\"https:\\\/\\\/nasimgroup.com.mx\\\/en\\\/#organization\",\"name\":\"NasimGroup\",\"url\":\"https:\\\/\\\/nasimgroup.com.mx\\\/en\\\/\",\"logo\":{\"@type\":\"ImageObject\",\"inLanguage\":\"en-US\",\"@id\":\"https:\\\/\\\/nasimgroup.com.mx\\\/en\\\/#\\\/schema\\\/logo\\\/image\\\/\",\"url\":\"http:\\\/\\\/nasimgroup.com.mx\\\/wp-content\\\/uploads\\\/2025\\\/04\\\/cropped-LOGO_NASIM_NEGRO-1.png\",\"contentUrl\":\"http:\\\/\\\/nasimgroup.com.mx\\\/wp-content\\\/uploads\\\/2025\\\/04\\\/cropped-LOGO_NASIM_NEGRO-1.png\",\"width\":512,\"height\":512,\"caption\":\"NasimGroup\"},\"image\":{\"@id\":\"https:\\\/\\\/nasimgroup.com.mx\\\/en\\\/#\\\/schema\\\/logo\\\/image\\\/\"},\"sameAs\":[\"https:\\\/\\\/www.facebook.com\\\/profile.php?id=100064141266150\",\"https:\\\/\\\/www.instagram.com\\\/nasimgroup\\\/\"]}]}<\/script>\n<!-- \/ Yoast SEO plugin. -->","yoast_head_json":{"title":"Comida \u00c1rabe - Nasim Group","robots":{"index":"index","follow":"follow","max-snippet":"max-snippet:-1","max-image-preview":"max-image-preview:large","max-video-preview":"max-video-preview:-1"},"canonical":"https:\/\/nasimgroup.com.mx\/en\/comida-arabe\/","og_locale":"en_US","og_type":"article","og_title":"Comida \u00c1rabe - Nasim Group","og_description":"Un viaje al coraz\u00f3n de la gastronom\u00eda \u00e1rabe Autenticidad en cada plato Disfruta de una experiencia culinaria \u00fanica con nuestra comida \u00e1rabe, elaborada con ingredientes frescos y tradicionales que capturan el verdadero sabor del Medio Oriente. Ambiente sofisticado y acogedor: Un lugar donde la decoraci\u00f3n moderna se mezcla con un ambiente c\u00e1lido, ideal para disfrutar [&hellip;]","og_url":"https:\/\/nasimgroup.com.mx\/en\/comida-arabe\/","og_site_name":"Nasim Group","article_publisher":"https:\/\/www.facebook.com\/profile.php?id=100064141266150","article_modified_time":"2025-04-14T18:32:28+00:00","og_image":[{"url":"http:\/\/nasimgroup.com.mx\/wp-content\/uploads\/2025\/04\/Fondos-07-427x1024.png","type":"","width":"","height":""}],"twitter_card":"summary_large_image","twitter_misc":{"Est. reading time":"1 minute"},"schema":{"@context":"https:\/\/schema.org","@graph":[{"@type":"WebPage","@id":"https:\/\/nasimgroup.com.mx\/en\/comida-arabe\/","url":"https:\/\/nasimgroup.com.mx\/en\/comida-arabe\/","name":"Comida \u00c1rabe - Nasim Group","isPartOf":{"@id":"https:\/\/nasimgroup.com.mx\/en\/#website"},"primaryImageOfPage":{"@id":"https:\/\/nasimgroup.com.mx\/en\/comida-arabe\/#primaryimage"},"image":{"@id":"https:\/\/nasimgroup.com.mx\/en\/comida-arabe\/#primaryimage"},"thumbnailUrl":"http:\/\/nasimgroup.com.mx\/wp-content\/uploads\/2025\/04\/Fondos-07-427x1024.png","datePublished":"2025-04-09T01:47:19+00:00","dateModified":"2025-04-14T18:32:28+00:00","breadcrumb":{"@id":"https:\/\/nasimgroup.com.mx\/en\/comida-arabe\/#breadcrumb"},"inLanguage":"en-US","potentialAction":[{"@type":"ReadAction","target":["https:\/\/nasimgroup.com.mx\/en\/comida-arabe\/"]}]},{"@type":"ImageObject","inLanguage":"en-US","@id":"https:\/\/nasimgroup.com.mx\/en\/comida-arabe\/#primaryimage","url":"http:\/\/nasimgroup.com.mx\/wp-content\/uploads\/2025\/04\/Fondos-07-427x1024.png","contentUrl":"http:\/\/nasimgroup.com.mx\/wp-content\/uploads\/2025\/04\/Fondos-07-427x1024.png"},{"@type":"BreadcrumbList","@id":"https:\/\/nasimgroup.com.mx\/en\/comida-arabe\/#breadcrumb","itemListElement":[{"@type":"ListItem","position":1,"name":"Home","item":"https:\/\/nasimgroup.com.mx\/"},{"@type":"ListItem","position":2,"name":"Comida \u00c1rabe"}]},{"@type":"WebSite","@id":"https:\/\/nasimgroup.com.mx\/en\/#website","url":"https:\/\/nasimgroup.com.mx\/en\/","name":"Nasim Group","description":"","publisher":{"@id":"https:\/\/nasimgroup.com.mx\/en\/#organization"},"alternateName":"NasimGroup","potentialAction":[{"@type":"SearchAction","target":{"@type":"EntryPoint","urlTemplate":"https:\/\/nasimgroup.com.mx\/en\/?s={search_term_string}"},"query-input":{"@type":"PropertyValueSpecification","valueRequired":true,"valueName":"search_term_string"}}],"inLanguage":"en-US"},{"@type":"Organization","@id":"https:\/\/nasimgroup.com.mx\/en\/#organization","name":"NasimGroup","url":"https:\/\/nasimgroup.com.mx\/en\/","logo":{"@type":"ImageObject","inLanguage":"en-US","@id":"https:\/\/nasimgroup.com.mx\/en\/#\/schema\/logo\/image\/","url":"http:\/\/nasimgroup.com.mx\/wp-content\/uploads\/2025\/04\/cropped-LOGO_NASIM_NEGRO-1.png","contentUrl":"http:\/\/nasimgroup.com.mx\/wp-content\/uploads\/2025\/04\/cropped-LOGO_NASIM_NEGRO-1.png","width":512,"height":512,"caption":"NasimGroup"},"image":{"@id":"https:\/\/nasimgroup.com.mx\/en\/#\/schema\/logo\/image\/"},"sameAs":["https:\/\/www.facebook.com\/profile.php?id=100064141266150","https:\/\/www.instagram.com\/nasimgroup\/"]}]}},"jetpack_sharing_enabled":true,"_links":{"self":[{"href":"https:\/\/nasimgroup.com.mx\/en\/wp-json\/wp\/v2\/pages\/864","targetHints":{"allow":["GET"]}}],"collection":[{"href":"https:\/\/nasimgroup.com.mx\/en\/wp-json\/wp\/v2\/pages"}],"about":[{"href":"https:\/\/nasimgroup.com.mx\/en\/wp-json\/wp\/v2\/types\/page"}],"author":[{"embeddable":true,"href":"https:\/\/nasimgroup.com.mx\/en\/wp-json\/wp\/v2\/users\/3"}],"replies":[{"embeddable":true,"href":"https:\/\/nasimgroup.com.mx\/en\/wp-json\/wp\/v2\/comments?post=864"}],"version-history":[{"count":2,"href":"https:\/\/nasimgroup.com.mx\/en\/wp-json\/wp\/v2\/pages\/864\/revisions"}],"predecessor-version":[{"id":1166,"href":"https:\/\/nasimgroup.com.mx\/en\/wp-json\/wp\/v2\/pages\/864\/revisions\/1166"}],"wp:attachment":[{"href":"https:\/\/nasimgroup.com.mx\/en\/wp-json\/wp\/v2\/media?parent=864"}],"curies":[{"name":"wp","href":"https:\/\/api.w.org\/{rel}","templated":true}]}}